{"id":769,"date":"2019-06-20T21:49:13","date_gmt":"2019-06-20T19:49:13","guid":{"rendered":"http:\/\/maisond.cluster024.hosting.ovh.net\/?post_type=product&#038;p=769"},"modified":"2023-08-01T15:51:21","modified_gmt":"2023-08-01T13:51:21","slug":"the-surfboard","status":"publish","type":"product","link":"https:\/\/maisoncalifornia.fr\/?product=the-surfboard","title":{"rendered":"Photographie &#8220;The surfboard&#8221;"},"content":{"rendered":"<p>Tirage photographique LEICA de haute qualit\u00e9, finition brillante, format 20\u00d730 cm.<\/p>\n<p>Le tirage est marqu\u00e9 du poin\u00e7on de la maison \u00ab MAISON CALIFORNIA \u00bb.<\/p>\n<p>Tirage unique.<\/p>\n<p>Cadre non fourni.<\/p>\n","protected":false},"excerpt":{"rendered":"<p>Tirage photographique LEICA de haute qualit\u00e9, finition brillante, format 20\u00d730 cm. Le tirage est marqu\u00e9 du poin\u00e7on de la maison \u00ab MAISON CALIFORNIA \u00bb. Tirage unique. Cadre non fourni.<\/p>\n","protected":false},"featured_media":496,"comment_status":"open","ping_status":"closed","template":"","meta":{"jetpack_post_was_ever_published":false,"jetpack_publicize_message":"","jetpack_is_tweetstorm":false,"jetpack_publicize_feature_enabled":true,"jetpack_social_post_already_shared":true,"jetpack_social_options":[]},"product_cat":[52],"product_tag":[63,89,88,58,28],"class_list":{"0":"post-769","1":"product","2":"type-product","3":"status-publish","4":"has-post-thumbnail","6":"product_cat-photography","7":"product_tag-beach","8":"product_tag-sunset","9":"product_tag-surf","10":"product_tag-venice","11":"product_tag-venice-beach","12":"latest_post","14":"first","15":"instock","16":"shipping-taxable","17":"purchasable","18":"product-type-simple"},"jetpack_publicize_connections":[],"jetpack_sharing_enabled":true,"_links":{"self":[{"href":"https:\/\/maisoncalifornia.fr\/index.php?rest_route=\/wp\/v2\/product\/769","targetHints":{"allow":["GET"]}}],"collection":[{"href":"https:\/\/maisoncalifornia.fr\/index.php?rest_route=\/wp\/v2\/product"}],"about":[{"href":"https:\/\/maisoncalifornia.fr\/index.php?rest_route=\/wp\/v2\/types\/product"}],"replies":[{"embeddable":true,"href":"https:\/\/maisoncalifornia.fr\/index.php?rest_route=%2Fwp%2Fv2%2Fcomments&post=769"}],"wp:featuredmedia":[{"embeddable":true,"href":"https:\/\/maisoncalifornia.fr\/index.php?rest_route=\/wp\/v2\/media\/496"}],"wp:attachment":[{"href":"https:\/\/maisoncalifornia.fr\/index.php?rest_route=%2Fwp%2Fv2%2Fmedia&parent=769"}],"wp:term":[{"taxonomy":"product_cat","embeddable":true,"href":"https:\/\/maisoncalifornia.fr\/index.php?rest_route=%2Fwp%2Fv2%2Fproduct_cat&post=769"},{"taxonomy":"product_tag","embeddable":true,"href":"https:\/\/maisoncalifornia.fr\/index.php?rest_route=%2Fwp%2Fv2%2Fproduct_tag&post=769"}],"curies":[{"name":"wp","href":"https:\/\/api.w.org\/{rel}","templated":true}]}}