{"id":516,"date":"2019-06-06T16:09:11","date_gmt":"2019-06-06T14:09:11","guid":{"rendered":"http:\/\/maisond.cluster024.hosting.ovh.net\/?post_type=product&#038;p=516"},"modified":"2023-08-01T15:53:13","modified_gmt":"2023-08-01T13:53:13","slug":"lunch-at-malibu-pier","status":"publish","type":"product","link":"https:\/\/maisoncalifornia.fr\/?product=lunch-at-malibu-pier","title":{"rendered":"Photographie &#8220;Lunch at Malibu pier&#8221;"},"content":{"rendered":"<p>Tirage photographique LEICA de haute qualit\u00e9, finition brillante, format 20\u00d730 cm.<\/p>\n<p>Le tirage est marqu\u00e9 du poin\u00e7on de la maison \u00ab MAISON CALIFORNIA \u00bb.<\/p>\n<p>Tirage unique.<\/p>\n<p>Cadre non fourni.<\/p>\n","protected":false},"excerpt":{"rendered":"<p>Tirage photographique LEICA de haute qualit\u00e9, finition brillante, format 20\u00d730 cm. Le tirage est marqu\u00e9 du poin\u00e7on de la maison \u00ab MAISON CALIFORNIA \u00bb. Tirage unique. Cadre non fourni.<\/p>\n","protected":false},"featured_media":491,"comment_status":"open","ping_status":"closed","template":"","meta":{"jetpack_post_was_ever_published":false,"jetpack_publicize_message":"","jetpack_is_tweetstorm":false,"jetpack_publicize_feature_enabled":true,"jetpack_social_post_already_shared":true,"jetpack_social_options":[]},"product_cat":[52],"product_tag":[56,27,73],"class_list":{"0":"post-516","1":"product","2":"type-product","3":"status-publish","4":"has-post-thumbnail","6":"product_cat-photography","7":"product_tag-los-angeles","8":"product_tag-malibu","9":"product_tag-malibu-pier","10":"latest_post","12":"first","13":"instock","14":"shipping-taxable","15":"purchasable","16":"product-type-simple"},"jetpack_publicize_connections":[],"jetpack_sharing_enabled":true,"_links":{"self":[{"href":"https:\/\/maisoncalifornia.fr\/index.php?rest_route=\/wp\/v2\/product\/516","targetHints":{"allow":["GET"]}}],"collection":[{"href":"https:\/\/maisoncalifornia.fr\/index.php?rest_route=\/wp\/v2\/product"}],"about":[{"href":"https:\/\/maisoncalifornia.fr\/index.php?rest_route=\/wp\/v2\/types\/product"}],"replies":[{"embeddable":true,"href":"https:\/\/maisoncalifornia.fr\/index.php?rest_route=%2Fwp%2Fv2%2Fcomments&post=516"}],"wp:featuredmedia":[{"embeddable":true,"href":"https:\/\/maisoncalifornia.fr\/index.php?rest_route=\/wp\/v2\/media\/491"}],"wp:attachment":[{"href":"https:\/\/maisoncalifornia.fr\/index.php?rest_route=%2Fwp%2Fv2%2Fmedia&parent=516"}],"wp:term":[{"taxonomy":"product_cat","embeddable":true,"href":"https:\/\/maisoncalifornia.fr\/index.php?rest_route=%2Fwp%2Fv2%2Fproduct_cat&post=516"},{"taxonomy":"product_tag","embeddable":true,"href":"https:\/\/maisoncalifornia.fr\/index.php?rest_route=%2Fwp%2Fv2%2Fproduct_tag&post=516"}],"curies":[{"name":"wp","href":"https:\/\/api.w.org\/{rel}","templated":true}]}}