{"id":513,"date":"2019-06-06T16:01:58","date_gmt":"2019-06-06T14:01:58","guid":{"rendered":"http:\/\/maisond.cluster024.hosting.ovh.net\/?post_type=product&#038;p=513"},"modified":"2024-05-03T10:58:08","modified_gmt":"2024-05-03T08:58:08","slug":"basketball-courtyard-on-manhattan-beach","status":"publish","type":"product","link":"https:\/\/maisoncalifornia.fr\/?product=basketball-courtyard-on-manhattan-beach","title":{"rendered":"SOLD OUT \/ Photographie &#8220;Basketball courtyard on Manhattan Beach&#8221;"},"content":{"rendered":"<p>Tirage photographique de haute qualit\u00e9, finition brillante, format 20\u00d730 cm.<\/p>\n<p>Le tirage est marqu\u00e9 du poin\u00e7on de la maison \u00ab MAISON CALIFORNIA \u00bb.<\/p>\n<p>Tirage unique.<\/p>\n<p>Cadre non fourni.<\/p>\n","protected":false},"excerpt":{"rendered":"<p>Tirage photographique de haute qualit\u00e9, finition brillante, format 20\u00d730 cm. Le tirage est marqu\u00e9 du poin\u00e7on de la maison \u00ab MAISON CALIFORNIA \u00bb. Tirage unique. Cadre non fourni.<\/p>\n","protected":false},"featured_media":512,"comment_status":"open","ping_status":"closed","template":"","meta":{"jetpack_post_was_ever_published":false,"jetpack_publicize_message":"","jetpack_is_tweetstorm":false,"jetpack_publicize_feature_enabled":true,"jetpack_social_post_already_shared":true,"jetpack_social_options":[]},"product_cat":[52],"product_tag":[61,65,56,66],"class_list":{"0":"post-513","1":"product","2":"type-product","3":"status-publish","4":"has-post-thumbnail","6":"product_cat-photography","7":"product_tag-basket","8":"product_tag-basketball","9":"product_tag-los-angeles","10":"product_tag-manhattan-beach","11":"latest_post","13":"first","14":"outofstock","15":"shipping-taxable","16":"purchasable","17":"product-type-simple"},"jetpack_publicize_connections":[],"jetpack_sharing_enabled":true,"_links":{"self":[{"href":"https:\/\/maisoncalifornia.fr\/index.php?rest_route=\/wp\/v2\/product\/513","targetHints":{"allow":["GET"]}}],"collection":[{"href":"https:\/\/maisoncalifornia.fr\/index.php?rest_route=\/wp\/v2\/product"}],"about":[{"href":"https:\/\/maisoncalifornia.fr\/index.php?rest_route=\/wp\/v2\/types\/product"}],"replies":[{"embeddable":true,"href":"https:\/\/maisoncalifornia.fr\/index.php?rest_route=%2Fwp%2Fv2%2Fcomments&post=513"}],"wp:featuredmedia":[{"embeddable":true,"href":"https:\/\/maisoncalifornia.fr\/index.php?rest_route=\/wp\/v2\/media\/512"}],"wp:attachment":[{"href":"https:\/\/maisoncalifornia.fr\/index.php?rest_route=%2Fwp%2Fv2%2Fmedia&parent=513"}],"wp:term":[{"taxonomy":"product_cat","embeddable":true,"href":"https:\/\/maisoncalifornia.fr\/index.php?rest_route=%2Fwp%2Fv2%2Fproduct_cat&post=513"},{"taxonomy":"product_tag","embeddable":true,"href":"https:\/\/maisoncalifornia.fr\/index.php?rest_route=%2Fwp%2Fv2%2Fproduct_tag&post=513"}],"curies":[{"name":"wp","href":"https:\/\/api.w.org\/{rel}","templated":true}]}}