{"id":479,"date":"2019-06-01T15:19:02","date_gmt":"2019-06-01T13:19:02","guid":{"rendered":"http:\/\/maisond.cluster024.hosting.ovh.net\/?post_type=product&#038;p=479"},"modified":"2023-08-01T15:56:01","modified_gmt":"2023-08-01T13:56:01","slug":"joshue-tree","status":"publish","type":"product","link":"https:\/\/maisoncalifornia.fr\/?product=joshue-tree","title":{"rendered":"Photographie \u00ab\u00a0Joshua Tree\u00a0\u00bb"},"content":{"rendered":"<p>Tirage photographique de haute qualit\u00e9, finition brillante, format 20\u00d730 cm.<\/p>\n<p>Le tirage est marqu\u00e9 du poin\u00e7on de la maison \u00ab MAISON CALIFORNIA \u00bb.<\/p>\n<p>Tirage unique.<\/p>\n<p>Cadre non fourni.<\/p>\n","protected":false},"excerpt":{"rendered":"<p>Tirage photographique de haute qualit\u00e9, finition brillante, format 20\u00d730 cm. Le tirage est marqu\u00e9 du poin\u00e7on de la maison \u00ab MAISON CALIFORNIA \u00bb. Tirage unique. Cadre non fourni.<\/p>\n","protected":false},"featured_media":470,"comment_status":"open","ping_status":"closed","template":"","meta":{"jetpack_post_was_ever_published":false,"jetpack_publicize_message":"","jetpack_is_tweetstorm":false,"jetpack_publicize_feature_enabled":true,"jetpack_social_post_already_shared":true,"jetpack_social_options":[]},"product_cat":[52],"product_tag":[62,53,54],"class_list":{"0":"post-479","1":"product","2":"type-product","3":"status-publish","4":"has-post-thumbnail","6":"product_cat-photography","7":"product_tag-joshua-tree","8":"product_tag-photographie","9":"product_tag-photography","10":"latest_post","12":"first","13":"instock","14":"shipping-taxable","15":"purchasable","16":"product-type-simple"},"jetpack_publicize_connections":[],"jetpack_sharing_enabled":true,"_links":{"self":[{"href":"https:\/\/maisoncalifornia.fr\/index.php?rest_route=\/wp\/v2\/product\/479","targetHints":{"allow":["GET"]}}],"collection":[{"href":"https:\/\/maisoncalifornia.fr\/index.php?rest_route=\/wp\/v2\/product"}],"about":[{"href":"https:\/\/maisoncalifornia.fr\/index.php?rest_route=\/wp\/v2\/types\/product"}],"replies":[{"embeddable":true,"href":"https:\/\/maisoncalifornia.fr\/index.php?rest_route=%2Fwp%2Fv2%2Fcomments&post=479"}],"wp:featuredmedia":[{"embeddable":true,"href":"https:\/\/maisoncalifornia.fr\/index.php?rest_route=\/wp\/v2\/media\/470"}],"wp:attachment":[{"href":"https:\/\/maisoncalifornia.fr\/index.php?rest_route=%2Fwp%2Fv2%2Fmedia&parent=479"}],"wp:term":[{"taxonomy":"product_cat","embeddable":true,"href":"https:\/\/maisoncalifornia.fr\/index.php?rest_route=%2Fwp%2Fv2%2Fproduct_cat&post=479"},{"taxonomy":"product_tag","embeddable":true,"href":"https:\/\/maisoncalifornia.fr\/index.php?rest_route=%2Fwp%2Fv2%2Fproduct_tag&post=479"}],"curies":[{"name":"wp","href":"https:\/\/api.w.org\/{rel}","templated":true}]}}