{"id":441,"date":"2019-05-30T14:35:27","date_gmt":"2019-05-30T12:35:27","guid":{"rendered":"http:\/\/maisond.cluster024.hosting.ovh.net\/?post_type=product&#038;p=441"},"modified":"2024-06-24T17:10:18","modified_gmt":"2024-06-24T15:10:18","slug":"palmtrees-of-venice","status":"publish","type":"product","link":"https:\/\/maisoncalifornia.fr\/?product=palmtrees-of-venice","title":{"rendered":"SOLD OUT \/ \u00ab\u00a0Palmtrees of Venice\u00a0\u00bb"},"content":{"rendered":"<p>Tirage photographique LEICA de haute qualit\u00e9, finition brillante, format 20\u00d730 cm.<\/p>\n<p>Le tirage est marqu\u00e9 du poin\u00e7on de la maison \u00ab\u00a0MAISON CALIFORNIA\u00a0\u00bb.<\/p>\n<p>Tirage unique.<\/p>\n<p>Cadre non fourni.<\/p>\n","protected":false},"excerpt":{"rendered":"<p>Tirage photographique LEICA de haute qualit\u00e9, finition brillante, format 20\u00d730 cm. Le tirage est marqu\u00e9 du poin\u00e7on de la maison \u00ab\u00a0MAISON CALIFORNIA\u00a0\u00bb. Tirage unique. Cadre non fourni.<\/p>\n","protected":false},"featured_media":439,"comment_status":"open","ping_status":"closed","template":"","meta":{"jetpack_post_was_ever_published":false,"jetpack_publicize_message":"","jetpack_is_tweetstorm":false,"jetpack_publicize_feature_enabled":true,"jetpack_social_post_already_shared":true,"jetpack_social_options":[]},"product_cat":[52],"product_tag":[56,59,53,54,58],"class_list":{"0":"post-441","1":"product","2":"type-product","3":"status-publish","4":"has-post-thumbnail","6":"product_cat-photography","7":"product_tag-los-angeles","8":"product_tag-palmtrees","9":"product_tag-photographie","10":"product_tag-photography","11":"product_tag-venice","12":"latest_post","14":"first","15":"instock","16":"shipping-taxable","17":"purchasable","18":"product-type-simple"},"jetpack_publicize_connections":[],"jetpack_sharing_enabled":true,"_links":{"self":[{"href":"https:\/\/maisoncalifornia.fr\/index.php?rest_route=\/wp\/v2\/product\/441","targetHints":{"allow":["GET"]}}],"collection":[{"href":"https:\/\/maisoncalifornia.fr\/index.php?rest_route=\/wp\/v2\/product"}],"about":[{"href":"https:\/\/maisoncalifornia.fr\/index.php?rest_route=\/wp\/v2\/types\/product"}],"replies":[{"embeddable":true,"href":"https:\/\/maisoncalifornia.fr\/index.php?rest_route=%2Fwp%2Fv2%2Fcomments&post=441"}],"wp:featuredmedia":[{"embeddable":true,"href":"https:\/\/maisoncalifornia.fr\/index.php?rest_route=\/wp\/v2\/media\/439"}],"wp:attachment":[{"href":"https:\/\/maisoncalifornia.fr\/index.php?rest_route=%2Fwp%2Fv2%2Fmedia&parent=441"}],"wp:term":[{"taxonomy":"product_cat","embeddable":true,"href":"https:\/\/maisoncalifornia.fr\/index.php?rest_route=%2Fwp%2Fv2%2Fproduct_cat&post=441"},{"taxonomy":"product_tag","embeddable":true,"href":"https:\/\/maisoncalifornia.fr\/index.php?rest_route=%2Fwp%2Fv2%2Fproduct_tag&post=441"}],"curies":[{"name":"wp","href":"https:\/\/api.w.org\/{rel}","templated":true}]}}