{"id":3445,"date":"2025-09-25T13:18:20","date_gmt":"2025-09-25T11:18:20","guid":{"rendered":"https:\/\/maisoncalifornia.fr\/?post_type=product&#038;p=3445"},"modified":"2025-09-25T13:18:20","modified_gmt":"2025-09-25T11:18:20","slug":"mug-red-cookie","status":"publish","type":"product","link":"https:\/\/maisoncalifornia.fr\/?product=mug-red-cookie","title":{"rendered":"Mug &#8220;RED COOKIE&#8221;"},"content":{"rendered":"","protected":false},"excerpt":{"rendered":"<p>Le gobelet estampill\u00e9 &#8220;RED COOKIE&#8221; en canne \u00e0 sucre recycl\u00e9e pour emporter ton latte pr\u00e9f\u00e9r\u00e9 !<\/p>\n","protected":false},"featured_media":3446,"comment_status":"open","ping_status":"closed","template":"","meta":{"jetpack_post_was_ever_published":false,"jetpack_publicize_message":"","jetpack_is_tweetstorm":false,"jetpack_publicize_feature_enabled":true,"jetpack_social_post_already_shared":true,"jetpack_social_options":[]},"product_cat":[144,143,375],"product_tag":[148,376],"class_list":{"0":"post-3445","1":"product","2":"type-product","3":"status-publish","4":"has-post-thumbnail","6":"product_cat-accessoires","7":"product_cat-lifestyle","8":"product_cat-red-cookie","9":"product_tag-accessoires","10":"product_tag-red-cookie","11":"latest_post","13":"first","14":"instock","15":"shipping-taxable","16":"purchasable","17":"product-type-simple"},"jetpack_publicize_connections":[],"jetpack_sharing_enabled":true,"_links":{"self":[{"href":"https:\/\/maisoncalifornia.fr\/index.php?rest_route=\/wp\/v2\/product\/3445","targetHints":{"allow":["GET"]}}],"collection":[{"href":"https:\/\/maisoncalifornia.fr\/index.php?rest_route=\/wp\/v2\/product"}],"about":[{"href":"https:\/\/maisoncalifornia.fr\/index.php?rest_route=\/wp\/v2\/types\/product"}],"replies":[{"embeddable":true,"href":"https:\/\/maisoncalifornia.fr\/index.php?rest_route=%2Fwp%2Fv2%2Fcomments&post=3445"}],"wp:featuredmedia":[{"embeddable":true,"href":"https:\/\/maisoncalifornia.fr\/index.php?rest_route=\/wp\/v2\/media\/3446"}],"wp:attachment":[{"href":"https:\/\/maisoncalifornia.fr\/index.php?rest_route=%2Fwp%2Fv2%2Fmedia&parent=3445"}],"wp:term":[{"taxonomy":"product_cat","embeddable":true,"href":"https:\/\/maisoncalifornia.fr\/index.php?rest_route=%2Fwp%2Fv2%2Fproduct_cat&post=3445"},{"taxonomy":"product_tag","embeddable":true,"href":"https:\/\/maisoncalifornia.fr\/index.php?rest_route=%2Fwp%2Fv2%2Fproduct_tag&post=3445"}],"curies":[{"name":"wp","href":"https:\/\/api.w.org\/{rel}","templated":true}]}}