{"id":3408,"date":"2025-09-25T11:04:35","date_gmt":"2025-09-25T09:04:35","guid":{"rendered":"https:\/\/maisoncalifornia.fr\/?post_type=product&#038;p=3408"},"modified":"2025-11-26T07:02:59","modified_gmt":"2025-11-26T06:02:59","slug":"brisants-beach-club-t-shirt-crop-loose","status":"publish","type":"product","link":"https:\/\/maisoncalifornia.fr\/?product=brisants-beach-club-t-shirt-crop-loose","title":{"rendered":"BRISANTS BEACH CLUB &#8211; T-shirt crop loose"},"content":{"rendered":"","protected":false},"excerpt":{"rendered":"<p>BRISANTS BEACH CLUB : le T-shirt crop loose f\u00e9minin (un de nos best-sellers depuis la premi\u00e8re capsule !). Il est brod\u00e9 au coeur et imprim\u00e9 au dos.<\/p>\n<p>Manches ourl\u00e9es.<\/p>\n<p>Coloris : black ou blanc.<\/p>\n<p><strong>ATTENTION : SOLD OUT EN M EN BLANC !\u00a0<\/strong><\/p>\n<p>Tailles : XS &#8211; S &#8211; M.<\/p>\n<p>Conseil taille : la coupe est loose donc choisis ta taille habituelle ou celle d&#8217;en-dessous !<\/p>\n","protected":false},"featured_media":3411,"comment_status":"open","ping_status":"closed","template":"","meta":{"jetpack_post_was_ever_published":false,"jetpack_publicize_message":"","jetpack_is_tweetstorm":false,"jetpack_publicize_feature_enabled":true,"jetpack_social_post_already_shared":true,"jetpack_social_options":[]},"product_cat":[362,166,164,165,201,161,183,186,163,162,160],"product_tag":[363,167],"class_list":{"0":"post-3408","1":"product","2":"type-product","3":"status-publish","4":"has-post-thumbnail","6":"product_cat-bbc","7":"product_cat-bio","8":"product_cat-blanc","9":"product_cat-cotonbio","10":"product_cat-fashion","11":"product_cat-femme","12":"product_cat-homme","13":"product_cat-mode","14":"product_cat-noir","15":"product_cat-pretaporter","16":"product_cat-t-shirt","17":"product_tag-bbc","18":"product_tag-t-shirt","19":"latest_post","21":"first","22":"instock","23":"shipping-taxable","24":"purchasable","25":"product-type-variable"},"jetpack_publicize_connections":[],"jetpack_sharing_enabled":true,"_links":{"self":[{"href":"https:\/\/maisoncalifornia.fr\/index.php?rest_route=\/wp\/v2\/product\/3408","targetHints":{"allow":["GET"]}}],"collection":[{"href":"https:\/\/maisoncalifornia.fr\/index.php?rest_route=\/wp\/v2\/product"}],"about":[{"href":"https:\/\/maisoncalifornia.fr\/index.php?rest_route=\/wp\/v2\/types\/product"}],"replies":[{"embeddable":true,"href":"https:\/\/maisoncalifornia.fr\/index.php?rest_route=%2Fwp%2Fv2%2Fcomments&post=3408"}],"wp:featuredmedia":[{"embeddable":true,"href":"https:\/\/maisoncalifornia.fr\/index.php?rest_route=\/wp\/v2\/media\/3411"}],"wp:attachment":[{"href":"https:\/\/maisoncalifornia.fr\/index.php?rest_route=%2Fwp%2Fv2%2Fmedia&parent=3408"}],"wp:term":[{"taxonomy":"product_cat","embeddable":true,"href":"https:\/\/maisoncalifornia.fr\/index.php?rest_route=%2Fwp%2Fv2%2Fproduct_cat&post=3408"},{"taxonomy":"product_tag","embeddable":true,"href":"https:\/\/maisoncalifornia.fr\/index.php?rest_route=%2Fwp%2Fv2%2Fproduct_tag&post=3408"}],"curies":[{"name":"wp","href":"https:\/\/api.w.org\/{rel}","templated":true}]}}