{"id":3405,"date":"2025-09-25T10:55:31","date_gmt":"2025-09-25T08:55:31","guid":{"rendered":"https:\/\/maisoncalifornia.fr\/?post_type=product&#038;p=3405"},"modified":"2025-09-25T11:19:05","modified_gmt":"2025-09-25T09:19:05","slug":"brisants-beach-club-sweat-loose-unisexe","status":"publish","type":"product","link":"https:\/\/maisoncalifornia.fr\/?product=brisants-beach-club-sweat-loose-unisexe","title":{"rendered":"BRISANTS BEACH CLUB &#8211; Sweat loose unisexe"},"content":{"rendered":"","protected":false},"excerpt":{"rendered":"<p>BRISANTS BEACH CLUB : le sweat bleu d\u00e9lav\u00e9 unisexe en coton biologique, brod\u00e9 au coeur et au dos.<\/p>\n<p>Coupe loose.<\/p>\n<p>Tailles : XS &#8211; S &#8211; M &#8211; L &#8211; XL.<\/p>\n<p>Conseil taille : le sweat est loose donc choisis ta taille habituelle ou la taille du dessus !<\/p>\n","protected":false},"featured_media":3407,"comment_status":"open","ping_status":"closed","template":"","meta":{"jetpack_post_was_ever_published":false,"jetpack_publicize_message":"","jetpack_is_tweetstorm":false,"jetpack_publicize_feature_enabled":true,"jetpack_social_post_already_shared":true,"jetpack_social_options":[]},"product_cat":[362,166,165,201,161,183,186,162,182,23],"product_tag":[363,214,24],"class_list":{"0":"post-3405","1":"product","2":"type-product","3":"status-publish","4":"has-post-thumbnail","6":"product_cat-bbc","7":"product_cat-bio","8":"product_cat-cotonbio","9":"product_cat-fashion","10":"product_cat-femme","11":"product_cat-homme","12":"product_cat-mode","13":"product_cat-pretaporter","14":"product_cat-unisexe","15":"product_cat-sweatshirts","16":"product_tag-bbc","17":"product_tag-sweat-shirt","18":"product_tag-sweatshirt","19":"latest_post","21":"first","22":"instock","23":"shipping-taxable","24":"purchasable","25":"product-type-variable"},"jetpack_publicize_connections":[],"jetpack_sharing_enabled":true,"_links":{"self":[{"href":"https:\/\/maisoncalifornia.fr\/index.php?rest_route=\/wp\/v2\/product\/3405","targetHints":{"allow":["GET"]}}],"collection":[{"href":"https:\/\/maisoncalifornia.fr\/index.php?rest_route=\/wp\/v2\/product"}],"about":[{"href":"https:\/\/maisoncalifornia.fr\/index.php?rest_route=\/wp\/v2\/types\/product"}],"replies":[{"embeddable":true,"href":"https:\/\/maisoncalifornia.fr\/index.php?rest_route=%2Fwp%2Fv2%2Fcomments&post=3405"}],"wp:featuredmedia":[{"embeddable":true,"href":"https:\/\/maisoncalifornia.fr\/index.php?rest_route=\/wp\/v2\/media\/3407"}],"wp:attachment":[{"href":"https:\/\/maisoncalifornia.fr\/index.php?rest_route=%2Fwp%2Fv2%2Fmedia&parent=3405"}],"wp:term":[{"taxonomy":"product_cat","embeddable":true,"href":"https:\/\/maisoncalifornia.fr\/index.php?rest_route=%2Fwp%2Fv2%2Fproduct_cat&post=3405"},{"taxonomy":"product_tag","embeddable":true,"href":"https:\/\/maisoncalifornia.fr\/index.php?rest_route=%2Fwp%2Fv2%2Fproduct_tag&post=3405"}],"curies":[{"name":"wp","href":"https:\/\/api.w.org\/{rel}","templated":true}]}}