{"id":3346,"date":"2025-09-25T09:39:21","date_gmt":"2025-09-25T07:39:21","guid":{"rendered":"https:\/\/maisoncalifornia.fr\/?post_type=product&#038;p=3346"},"modified":"2026-02-12T14:35:54","modified_gmt":"2026-02-12T13:35:54","slug":"brisants-beach-club-hoodie","status":"publish","type":"product","link":"https:\/\/maisoncalifornia.fr\/?product=brisants-beach-club-hoodie","title":{"rendered":"BRISANTS BEACH CLUB &#8211; Hoodie unisexe"},"content":{"rendered":"","protected":false},"excerpt":{"rendered":"<p>BRISANTS BEACH CLUB : le hoodie unisexe brod\u00e9 au coeur et au dos.<\/p>\n<p>Coupe loose.<\/p>\n<p>Coloris : \u00e9cru ou bleu d\u00e9lav\u00e9.<\/p>\n<p>Tailles : XS &#8211; S &#8211; M &#8211; L &#8211; XL.<\/p>\n<p><strong>SOLD OUT<\/strong> en bleu d\u00e9lav\u00e9 dans toutes les tailles !<\/p>\n<p><strong>SOLD OUT<\/strong> en \u00e9cru en XS, S !<\/p>\n<p>Conseil taille : le sweat-shirt taille grand, choisis ta taille habituelle ou celle du dessous !<\/p>\n","protected":false},"featured_media":3420,"comment_status":"open","ping_status":"closed","template":"","meta":{"jetpack_post_was_ever_published":false,"jetpack_publicize_message":"","jetpack_is_tweetstorm":false,"jetpack_publicize_feature_enabled":true,"jetpack_social_post_already_shared":true,"jetpack_social_options":[]},"product_cat":[362,201,161,183,268,186,162,210,23],"product_tag":[363,214,24],"class_list":{"0":"post-3346","1":"product","2":"type-product","3":"status-publish","4":"has-post-thumbnail","6":"product_cat-bbc","7":"product_cat-fashion","8":"product_cat-femme","9":"product_cat-homme","10":"product_cat-hoodie","11":"product_cat-mode","12":"product_cat-pretaporter","13":"product_cat-streetstyle","14":"product_cat-sweatshirts","15":"product_tag-bbc","16":"product_tag-sweat-shirt","17":"product_tag-sweatshirt","18":"latest_post","20":"first","21":"instock","22":"shipping-taxable","23":"purchasable","24":"product-type-variable"},"jetpack_publicize_connections":[],"jetpack_sharing_enabled":true,"_links":{"self":[{"href":"https:\/\/maisoncalifornia.fr\/index.php?rest_route=\/wp\/v2\/product\/3346","targetHints":{"allow":["GET"]}}],"collection":[{"href":"https:\/\/maisoncalifornia.fr\/index.php?rest_route=\/wp\/v2\/product"}],"about":[{"href":"https:\/\/maisoncalifornia.fr\/index.php?rest_route=\/wp\/v2\/types\/product"}],"replies":[{"embeddable":true,"href":"https:\/\/maisoncalifornia.fr\/index.php?rest_route=%2Fwp%2Fv2%2Fcomments&post=3346"}],"wp:featuredmedia":[{"embeddable":true,"href":"https:\/\/maisoncalifornia.fr\/index.php?rest_route=\/wp\/v2\/media\/3420"}],"wp:attachment":[{"href":"https:\/\/maisoncalifornia.fr\/index.php?rest_route=%2Fwp%2Fv2%2Fmedia&parent=3346"}],"wp:term":[{"taxonomy":"product_cat","embeddable":true,"href":"https:\/\/maisoncalifornia.fr\/index.php?rest_route=%2Fwp%2Fv2%2Fproduct_cat&post=3346"},{"taxonomy":"product_tag","embeddable":true,"href":"https:\/\/maisoncalifornia.fr\/index.php?rest_route=%2Fwp%2Fv2%2Fproduct_tag&post=3346"}],"curies":[{"name":"wp","href":"https:\/\/api.w.org\/{rel}","templated":true}]}}