{"id":3341,"date":"2025-09-25T08:45:14","date_gmt":"2025-09-25T06:45:14","guid":{"rendered":"https:\/\/maisoncalifornia.fr\/?post_type=product&#038;p=3341"},"modified":"2025-09-25T14:17:05","modified_gmt":"2025-09-25T12:17:05","slug":"brisants-beach-club-t-shirt-crop","status":"publish","type":"product","link":"https:\/\/maisoncalifornia.fr\/?product=brisants-beach-club-t-shirt-crop","title":{"rendered":"BRISANTS BEACH CLUB &#8211; T-shirt crop"},"content":{"rendered":"","protected":false},"excerpt":{"rendered":"<p>BRISANTS BEACH CLUB : le T-shirt crop f\u00e9minin brod\u00e9 au coeur et imprim\u00e9 au dos.<\/p>\n<p>Coloris : Black ou Blanc.<\/p>\n<p>Coupe crop ajust\u00e9e.<\/p>\n<p>Tailles : S &#8211; M &#8211; L.<\/p>\n<p>Conseil taille : choisis ta taille habituelle ou celle du dessus !<\/p>\n","protected":false},"featured_media":3344,"comment_status":"open","ping_status":"closed","template":"","meta":{"jetpack_post_was_ever_published":false,"jetpack_publicize_message":"","jetpack_is_tweetstorm":false,"jetpack_publicize_feature_enabled":true,"jetpack_social_post_already_shared":true,"jetpack_social_options":[]},"product_cat":[362,164,165,201,161,186,163,162,160],"product_tag":[167],"class_list":{"0":"post-3341","1":"product","2":"type-product","3":"status-publish","4":"has-post-thumbnail","6":"product_cat-bbc","7":"product_cat-blanc","8":"product_cat-cotonbio","9":"product_cat-fashion","10":"product_cat-femme","11":"product_cat-mode","12":"product_cat-noir","13":"product_cat-pretaporter","14":"product_cat-t-shirt","15":"product_tag-t-shirt","16":"latest_post","18":"first","19":"instock","20":"shipping-taxable","21":"purchasable","22":"product-type-variable"},"jetpack_publicize_connections":[],"jetpack_sharing_enabled":true,"_links":{"self":[{"href":"https:\/\/maisoncalifornia.fr\/index.php?rest_route=\/wp\/v2\/product\/3341","targetHints":{"allow":["GET"]}}],"collection":[{"href":"https:\/\/maisoncalifornia.fr\/index.php?rest_route=\/wp\/v2\/product"}],"about":[{"href":"https:\/\/maisoncalifornia.fr\/index.php?rest_route=\/wp\/v2\/types\/product"}],"replies":[{"embeddable":true,"href":"https:\/\/maisoncalifornia.fr\/index.php?rest_route=%2Fwp%2Fv2%2Fcomments&post=3341"}],"wp:featuredmedia":[{"embeddable":true,"href":"https:\/\/maisoncalifornia.fr\/index.php?rest_route=\/wp\/v2\/media\/3344"}],"wp:attachment":[{"href":"https:\/\/maisoncalifornia.fr\/index.php?rest_route=%2Fwp%2Fv2%2Fmedia&parent=3341"}],"wp:term":[{"taxonomy":"product_cat","embeddable":true,"href":"https:\/\/maisoncalifornia.fr\/index.php?rest_route=%2Fwp%2Fv2%2Fproduct_cat&post=3341"},{"taxonomy":"product_tag","embeddable":true,"href":"https:\/\/maisoncalifornia.fr\/index.php?rest_route=%2Fwp%2Fv2%2Fproduct_tag&post=3341"}],"curies":[{"name":"wp","href":"https:\/\/api.w.org\/{rel}","templated":true}]}}