{"id":3241,"date":"2024-11-12T17:33:33","date_gmt":"2024-11-12T16:33:33","guid":{"rendered":"https:\/\/maisoncalifornia.fr\/?post_type=product&#038;p=3241"},"modified":"2025-11-27T07:08:31","modified_gmt":"2025-11-27T06:08:31","slug":"sweat-shirt-unisexe-delave-pink","status":"publish","type":"product","link":"https:\/\/maisoncalifornia.fr\/?product=sweat-shirt-unisexe-delave-pink","title":{"rendered":"SOLD OUT \/ Sweat-shirt unisexe d\u00e9lav\u00e9 &#8220;Pink&#8221;"},"content":{"rendered":"","protected":false},"excerpt":{"rendered":"<p class=\"text-lg flex flex-col gap-3 mb-3 after:w-[20px] after:h-[1px] after:content-[''] after:bg-primary product-description font-normal text-primary\">NEW ! Le sweatshirt unisexe medium fit en terry effet d\u00e9lav\u00e9 qu&#8217;on adore d\u00e9j\u00e0 !<\/p>\n<p>Brod\u00e9 au c\u0153ur du logo de Maison California et au dos des trois palmiers de la marque.<\/p>\n<p>Chaque pi\u00e8ce est unique par sa teinture apr\u00e8s confection.<\/p>\n<p>Molleton non bross\u00e9, 100% coton biologique fil\u00e9 et peign\u00e9, Pi\u00e8ce lav\u00e9e, Teint en pi\u00e8ce, 300 GSM<\/p>\n<p>Coloris Pink. Broderie bleu roi.<\/p>\n<p>Tailles : SOLD OUT XS &#8211; S &#8211; M &#8211; L<\/p>\n<p data-wp-editing=\"1\"><img decoding=\"async\" src=\"https:\/\/stanleystella.com\/media\/amasty\/shopby\/option_images\/slider\/was_30.png\" alt=\"Washing - 30\u00b0\" \/><img decoding=\"async\" src=\"https:\/\/stanleystella.com\/media\/amasty\/shopby\/option_images\/slider\/ble_not.png\" alt=\"Bleaching - No\" \/><img decoding=\"async\" src=\"https:\/\/stanleystella.com\/media\/amasty\/shopby\/option_images\/slider\/custom-no-wash.svg\" alt=\"Cleaning - No\" \/><img decoding=\"async\" src=\"https:\/\/stanleystella.com\/media\/amasty\/shopby\/option_images\/slider\/iro_max_110.png\" alt=\"Ironing - 110\u00b0\" \/><img decoding=\"async\" src=\"https:\/\/stanleystella.com\/media\/amasty\/shopby\/option_images\/slider\/dry_not.png\" alt=\"Drying - Tumble Dry No\" \/><\/p>\n","protected":false},"featured_media":3246,"comment_status":"open","ping_status":"closed","template":"","meta":{"jetpack_post_was_ever_published":false,"jetpack_publicize_message":"","jetpack_is_tweetstorm":false,"jetpack_publicize_feature_enabled":true,"jetpack_social_post_already_shared":true,"jetpack_social_options":[]},"product_cat":[166,165,201,161,183,345,186,162,210,182,23],"product_tag":[27,214,24],"class_list":{"0":"post-3241","1":"product","2":"type-product","3":"status-publish","4":"has-post-thumbnail","6":"product_cat-bio","7":"product_cat-cotonbio","8":"product_cat-fashion","9":"product_cat-femme","10":"product_cat-homme","11":"product_cat-malibu","12":"product_cat-mode","13":"product_cat-pretaporter","14":"product_cat-streetstyle","15":"product_cat-unisexe","16":"product_cat-sweatshirts","17":"product_tag-malibu","18":"product_tag-sweat-shirt","19":"product_tag-sweatshirt","20":"latest_post","22":"first","23":"outofstock","24":"shipping-taxable","25":"purchasable","26":"product-type-variable"},"jetpack_publicize_connections":[],"jetpack_sharing_enabled":true,"_links":{"self":[{"href":"https:\/\/maisoncalifornia.fr\/index.php?rest_route=\/wp\/v2\/product\/3241","targetHints":{"allow":["GET"]}}],"collection":[{"href":"https:\/\/maisoncalifornia.fr\/index.php?rest_route=\/wp\/v2\/product"}],"about":[{"href":"https:\/\/maisoncalifornia.fr\/index.php?rest_route=\/wp\/v2\/types\/product"}],"replies":[{"embeddable":true,"href":"https:\/\/maisoncalifornia.fr\/index.php?rest_route=%2Fwp%2Fv2%2Fcomments&post=3241"}],"wp:featuredmedia":[{"embeddable":true,"href":"https:\/\/maisoncalifornia.fr\/index.php?rest_route=\/wp\/v2\/media\/3246"}],"wp:attachment":[{"href":"https:\/\/maisoncalifornia.fr\/index.php?rest_route=%2Fwp%2Fv2%2Fmedia&parent=3241"}],"wp:term":[{"taxonomy":"product_cat","embeddable":true,"href":"https:\/\/maisoncalifornia.fr\/index.php?rest_route=%2Fwp%2Fv2%2Fproduct_cat&post=3241"},{"taxonomy":"product_tag","embeddable":true,"href":"https:\/\/maisoncalifornia.fr\/index.php?rest_route=%2Fwp%2Fv2%2Fproduct_tag&post=3241"}],"curies":[{"name":"wp","href":"https:\/\/api.w.org\/{rel}","templated":true}]}}