{"id":3237,"date":"2024-11-07T10:31:55","date_gmt":"2024-11-07T09:31:55","guid":{"rendered":"https:\/\/maisoncalifornia.fr\/?post_type=product&#038;p=3237"},"modified":"2024-11-07T10:35:32","modified_gmt":"2024-11-07T09:35:32","slug":"bliss-la-brume-parfumee","status":"publish","type":"product","link":"https:\/\/maisoncalifornia.fr\/?product=bliss-la-brume-parfumee","title":{"rendered":"&#8220;BLISS&#8221; la brume parfum\u00e9e"},"content":{"rendered":"","protected":false},"excerpt":{"rendered":"<p>Maison California a le plaisir de vous pr\u00e9senter sa brume parfum\u00e9e, &#8220;BLISS&#8221;.<\/p>\n<p>Bliss est une brume pour le corps, les cheveux ou la maison, sans alcool.<\/p>\n<p>Notes : Citron vert, Coco.<\/p>\n<p>Fabriqu\u00e9e \u00e0 l&#8217;Ile de la R\u00e9union.<\/p>\n<p>Volume : 100 ml.<\/p>\n","protected":false},"featured_media":3235,"comment_status":"open","ping_status":"closed","template":"","meta":{"jetpack_post_was_ever_published":false,"jetpack_publicize_message":"","jetpack_is_tweetstorm":false,"jetpack_publicize_feature_enabled":true,"jetpack_social_post_already_shared":true,"jetpack_social_options":[]},"product_cat":[144,357,143,356,182],"product_tag":[359,360,358],"class_list":{"0":"post-3237","1":"product","2":"type-product","3":"status-publish","4":"has-post-thumbnail","6":"product_cat-accessoires","7":"product_cat-brume-parfumee","8":"product_cat-lifestyle","9":"product_cat-parfum","10":"product_cat-unisexe","11":"product_tag-brume","12":"product_tag-brume-parfumee","13":"product_tag-parfum","14":"latest_post","16":"first","17":"instock","18":"shipping-taxable","19":"purchasable","20":"product-type-simple"},"jetpack_publicize_connections":[],"jetpack_sharing_enabled":true,"_links":{"self":[{"href":"https:\/\/maisoncalifornia.fr\/index.php?rest_route=\/wp\/v2\/product\/3237","targetHints":{"allow":["GET"]}}],"collection":[{"href":"https:\/\/maisoncalifornia.fr\/index.php?rest_route=\/wp\/v2\/product"}],"about":[{"href":"https:\/\/maisoncalifornia.fr\/index.php?rest_route=\/wp\/v2\/types\/product"}],"replies":[{"embeddable":true,"href":"https:\/\/maisoncalifornia.fr\/index.php?rest_route=%2Fwp%2Fv2%2Fcomments&post=3237"}],"wp:featuredmedia":[{"embeddable":true,"href":"https:\/\/maisoncalifornia.fr\/index.php?rest_route=\/wp\/v2\/media\/3235"}],"wp:attachment":[{"href":"https:\/\/maisoncalifornia.fr\/index.php?rest_route=%2Fwp%2Fv2%2Fmedia&parent=3237"}],"wp:term":[{"taxonomy":"product_cat","embeddable":true,"href":"https:\/\/maisoncalifornia.fr\/index.php?rest_route=%2Fwp%2Fv2%2Fproduct_cat&post=3237"},{"taxonomy":"product_tag","embeddable":true,"href":"https:\/\/maisoncalifornia.fr\/index.php?rest_route=%2Fwp%2Fv2%2Fproduct_tag&post=3237"}],"curies":[{"name":"wp","href":"https:\/\/api.w.org\/{rel}","templated":true}]}}