{"id":3227,"date":"2024-09-02T08:31:14","date_gmt":"2024-09-02T06:31:14","guid":{"rendered":"https:\/\/maisoncalifornia.fr\/?post_type=product&#038;p=3227"},"modified":"2024-09-02T08:31:32","modified_gmt":"2024-09-02T06:31:32","slug":"cartes-maison-california-x-lala-illustration","status":"publish","type":"product","link":"https:\/\/maisoncalifornia.fr\/?product=cartes-maison-california-x-lala-illustration","title":{"rendered":"Cartes Maison California x Lala Illustration"},"content":{"rendered":"","protected":false},"excerpt":{"rendered":"<p>Les cartes postales in\u00e9dites Maison California x Lala Illustration.<\/p>\n<p>A collectionner ou \u00e0 envoyer \u00e0 sa grand-m\u00e8re ou \u00e0 son amoureux&#8230;<\/p>\n<p>Package de cinq cartes et leurs cinq stickers assortis.<\/p>\n","protected":false},"featured_media":3226,"comment_status":"open","ping_status":"closed","template":"","meta":{"jetpack_post_was_ever_published":false,"jetpack_publicize_message":"","jetpack_is_tweetstorm":false,"jetpack_publicize_feature_enabled":true,"jetpack_social_post_already_shared":true,"jetpack_social_options":[]},"product_cat":[144,220,345,353],"product_tag":[354,27,355],"class_list":{"0":"post-3227","1":"product","2":"type-product","3":"status-publish","4":"has-post-thumbnail","6":"product_cat-accessoires","7":"product_cat-art","8":"product_cat-malibu","9":"product_cat-papeterie","10":"product_tag-cartes","11":"product_tag-malibu","12":"product_tag-papeterie","13":"latest_post","15":"first","16":"instock","17":"shipping-taxable","18":"purchasable","19":"product-type-simple"},"jetpack_publicize_connections":[],"jetpack_sharing_enabled":true,"_links":{"self":[{"href":"https:\/\/maisoncalifornia.fr\/index.php?rest_route=\/wp\/v2\/product\/3227","targetHints":{"allow":["GET"]}}],"collection":[{"href":"https:\/\/maisoncalifornia.fr\/index.php?rest_route=\/wp\/v2\/product"}],"about":[{"href":"https:\/\/maisoncalifornia.fr\/index.php?rest_route=\/wp\/v2\/types\/product"}],"replies":[{"embeddable":true,"href":"https:\/\/maisoncalifornia.fr\/index.php?rest_route=%2Fwp%2Fv2%2Fcomments&post=3227"}],"wp:featuredmedia":[{"embeddable":true,"href":"https:\/\/maisoncalifornia.fr\/index.php?rest_route=\/wp\/v2\/media\/3226"}],"wp:attachment":[{"href":"https:\/\/maisoncalifornia.fr\/index.php?rest_route=%2Fwp%2Fv2%2Fmedia&parent=3227"}],"wp:term":[{"taxonomy":"product_cat","embeddable":true,"href":"https:\/\/maisoncalifornia.fr\/index.php?rest_route=%2Fwp%2Fv2%2Fproduct_cat&post=3227"},{"taxonomy":"product_tag","embeddable":true,"href":"https:\/\/maisoncalifornia.fr\/index.php?rest_route=%2Fwp%2Fv2%2Fproduct_tag&post=3227"}],"curies":[{"name":"wp","href":"https:\/\/api.w.org\/{rel}","templated":true}]}}