{"id":3152,"date":"2024-08-14T14:57:13","date_gmt":"2024-08-14T12:57:13","guid":{"rendered":"https:\/\/maisoncalifornia.fr\/?post_type=product&#038;p=3152"},"modified":"2025-06-25T12:50:09","modified_gmt":"2025-06-25T10:50:09","slug":"sweart-shirt-unisexe-malibu","status":"publish","type":"product","link":"https:\/\/maisoncalifornia.fr\/?product=sweart-shirt-unisexe-malibu","title":{"rendered":"Sweart-shirt unisexe &#8220;Malibu&#8221;"},"content":{"rendered":"","protected":false},"excerpt":{"rendered":"<p class=\"text-lg flex flex-col gap-3 mb-3 after:w-[20px] after:h-[1px] after:content-[''] after:bg-primary product-description font-normal text-primary\">L&#8217;indispensable sweatshirt unisexe de la nouvelle collection.<\/p>\n<p>Brod\u00e9 devant &#8220;Malibu&#8221; et au dos des trois palmiers de la marque.<\/p>\n<p>Molleton bross\u00e9, 85% coton biologique fil\u00e9 et peign\u00e9,15% polyester recycl\u00e9, Tissu lav\u00e9, Toucher doux, 280 GSM<\/p>\n<p>Coloris menthe. Broderie lagon.<\/p>\n<p>Tailles : XS \u2013 S \u2013 M \u2013 L .<\/p>\n<p data-wp-editing=\"1\"><img decoding=\"async\" src=\"https:\/\/stanleystella.com\/media\/amasty\/shopby\/option_images\/slider\/was_30.png\" alt=\"Washing - 30\u00b0\" \/><img decoding=\"async\" src=\"https:\/\/stanleystella.com\/media\/amasty\/shopby\/option_images\/slider\/ble_not.png\" alt=\"Bleaching - No\" \/><img decoding=\"async\" src=\"https:\/\/stanleystella.com\/media\/amasty\/shopby\/option_images\/slider\/custom-no-wash.svg\" alt=\"Cleaning - No\" \/><img decoding=\"async\" src=\"https:\/\/stanleystella.com\/media\/amasty\/shopby\/option_images\/slider\/iro_max_110.png\" alt=\"Ironing - 110\u00b0\" \/><img decoding=\"async\" src=\"https:\/\/stanleystella.com\/media\/amasty\/shopby\/option_images\/slider\/dry_not.png\" alt=\"Drying - Tumble Dry No\" \/><\/p>\n","protected":false},"featured_media":3095,"comment_status":"open","ping_status":"closed","template":"","meta":{"jetpack_post_was_ever_published":false,"jetpack_publicize_message":"","jetpack_is_tweetstorm":false,"jetpack_publicize_feature_enabled":true,"jetpack_social_post_already_shared":true,"jetpack_social_options":[]},"product_cat":[166,165,201,161,183,345,186,162,182,23],"product_tag":[27,214,24],"class_list":{"0":"post-3152","1":"product","2":"type-product","3":"status-publish","4":"has-post-thumbnail","6":"product_cat-bio","7":"product_cat-cotonbio","8":"product_cat-fashion","9":"product_cat-femme","10":"product_cat-homme","11":"product_cat-malibu","12":"product_cat-mode","13":"product_cat-pretaporter","14":"product_cat-unisexe","15":"product_cat-sweatshirts","16":"product_tag-malibu","17":"product_tag-sweat-shirt","18":"product_tag-sweatshirt","19":"latest_post","21":"first","22":"instock","23":"shipping-taxable","24":"purchasable","25":"product-type-variable"},"jetpack_publicize_connections":[],"jetpack_sharing_enabled":true,"_links":{"self":[{"href":"https:\/\/maisoncalifornia.fr\/index.php?rest_route=\/wp\/v2\/product\/3152","targetHints":{"allow":["GET"]}}],"collection":[{"href":"https:\/\/maisoncalifornia.fr\/index.php?rest_route=\/wp\/v2\/product"}],"about":[{"href":"https:\/\/maisoncalifornia.fr\/index.php?rest_route=\/wp\/v2\/types\/product"}],"replies":[{"embeddable":true,"href":"https:\/\/maisoncalifornia.fr\/index.php?rest_route=%2Fwp%2Fv2%2Fcomments&post=3152"}],"wp:featuredmedia":[{"embeddable":true,"href":"https:\/\/maisoncalifornia.fr\/index.php?rest_route=\/wp\/v2\/media\/3095"}],"wp:attachment":[{"href":"https:\/\/maisoncalifornia.fr\/index.php?rest_route=%2Fwp%2Fv2%2Fmedia&parent=3152"}],"wp:term":[{"taxonomy":"product_cat","embeddable":true,"href":"https:\/\/maisoncalifornia.fr\/index.php?rest_route=%2Fwp%2Fv2%2Fproduct_cat&post=3152"},{"taxonomy":"product_tag","embeddable":true,"href":"https:\/\/maisoncalifornia.fr\/index.php?rest_route=%2Fwp%2Fv2%2Fproduct_tag&post=3152"}],"curies":[{"name":"wp","href":"https:\/\/api.w.org\/{rel}","templated":true}]}}