{"id":3129,"date":"2024-08-14T14:58:04","date_gmt":"2024-08-14T12:58:04","guid":{"rendered":"https:\/\/maisoncalifornia.fr\/?post_type=product&#038;p=3129"},"modified":"2024-08-14T15:00:01","modified_gmt":"2024-08-14T13:00:01","slug":"t-shirt-kids-malibu-van","status":"publish","type":"product","link":"https:\/\/maisoncalifornia.fr\/?product=t-shirt-kids-malibu-van","title":{"rendered":"T-shirt Kids &#8220;Malibu Van&#8221;"},"content":{"rendered":"","protected":false},"excerpt":{"rendered":"<p>Le T-shirt pour les Cali Kids !<\/p>\n<p>Imprim\u00e9 au c\u0153ur du logo de Maison California et au dos du van pour un ride \u00e0 Malibu.<\/p>\n<p>Dessin exclusif pour Maison California par Lala Illustration.<\/p>\n<p>Coupe unisexe droite.<\/p>\n<p>Jersey simple, 100% coton biologique fil\u00e9 et peign\u00e9, Tissu lav\u00e9, 155 GSM<\/p>\n<p>Coloris menthe.<\/p>\n<p>Tailles : 5-6 ans \/ 7-8 ans \/ 9-11 ans \/ 12-13 ans.<\/p>\n<p data-wp-editing=\"1\"><img decoding=\"async\" src=\"https:\/\/stanleystella.com\/media\/amasty\/shopby\/option_images\/slider\/was_30.png\" alt=\"Washing - 30\u00b0\" \/><img decoding=\"async\" src=\"https:\/\/stanleystella.com\/media\/amasty\/shopby\/option_images\/slider\/ble_not.png\" alt=\"Bleaching - No\" \/><img decoding=\"async\" src=\"https:\/\/stanleystella.com\/media\/amasty\/shopby\/option_images\/slider\/custom-no-wash.svg\" alt=\"Cleaning - No\" \/><img decoding=\"async\" src=\"https:\/\/stanleystella.com\/media\/amasty\/shopby\/option_images\/slider\/iro_max_110.png\" alt=\"Ironing - 110\u00b0\" \/><img decoding=\"async\" src=\"https:\/\/stanleystella.com\/media\/amasty\/shopby\/option_images\/slider\/dry_not.png\" alt=\"Drying - Tumble Dry No\" \/><\/p>\n","protected":false},"featured_media":3089,"comment_status":"open","ping_status":"closed","template":"","meta":{"jetpack_post_was_ever_published":false,"jetpack_publicize_message":"","jetpack_is_tweetstorm":false,"jetpack_publicize_feature_enabled":true,"jetpack_social_post_already_shared":true,"jetpack_social_options":[]},"product_cat":[166,165,201,177,176,345,186,160,182],"product_tag":[27,167],"class_list":{"0":"post-3129","1":"product","2":"type-product","3":"status-publish","4":"has-post-thumbnail","6":"product_cat-bio","7":"product_cat-cotonbio","8":"product_cat-fashion","9":"product_cat-kids","10":"product_cat-enfant","11":"product_cat-malibu","12":"product_cat-mode","13":"product_cat-t-shirt","14":"product_cat-unisexe","15":"product_tag-malibu","16":"product_tag-t-shirt","17":"latest_post","19":"first","20":"instock","21":"shipping-taxable","22":"purchasable","23":"product-type-variable"},"jetpack_publicize_connections":[],"jetpack_sharing_enabled":true,"_links":{"self":[{"href":"https:\/\/maisoncalifornia.fr\/index.php?rest_route=\/wp\/v2\/product\/3129","targetHints":{"allow":["GET"]}}],"collection":[{"href":"https:\/\/maisoncalifornia.fr\/index.php?rest_route=\/wp\/v2\/product"}],"about":[{"href":"https:\/\/maisoncalifornia.fr\/index.php?rest_route=\/wp\/v2\/types\/product"}],"replies":[{"embeddable":true,"href":"https:\/\/maisoncalifornia.fr\/index.php?rest_route=%2Fwp%2Fv2%2Fcomments&post=3129"}],"wp:featuredmedia":[{"embeddable":true,"href":"https:\/\/maisoncalifornia.fr\/index.php?rest_route=\/wp\/v2\/media\/3089"}],"wp:attachment":[{"href":"https:\/\/maisoncalifornia.fr\/index.php?rest_route=%2Fwp%2Fv2%2Fmedia&parent=3129"}],"wp:term":[{"taxonomy":"product_cat","embeddable":true,"href":"https:\/\/maisoncalifornia.fr\/index.php?rest_route=%2Fwp%2Fv2%2Fproduct_cat&post=3129"},{"taxonomy":"product_tag","embeddable":true,"href":"https:\/\/maisoncalifornia.fr\/index.php?rest_route=%2Fwp%2Fv2%2Fproduct_tag&post=3129"}],"curies":[{"name":"wp","href":"https:\/\/api.w.org\/{rel}","templated":true}]}}