{"id":3124,"date":"2024-08-14T14:55:26","date_gmt":"2024-08-14T12:55:26","guid":{"rendered":"https:\/\/maisoncalifornia.fr\/?post_type=product&#038;p=3124"},"modified":"2025-09-26T10:44:45","modified_gmt":"2025-09-26T08:44:45","slug":"t-shirt-street-ride-me-away-to-malibu","status":"publish","type":"product","link":"https:\/\/maisoncalifornia.fr\/?product=t-shirt-street-ride-me-away-to-malibu","title":{"rendered":"T-shirt street &#8220;RIDE ME AWAY TO MALIBU&#8221;"},"content":{"rendered":"","protected":false},"excerpt":{"rendered":"<p>Le T-shirt street oversize col montant unisexe.<\/p>\n<p>Brod\u00e9 au c\u0153ur du logo de Maison California et imprim\u00e9 au dos de la phrase &#8220;RIDE ME AWAY TO MALIBU&#8221;.<\/p>\n<p>Jersey simple, 100% coton biologique fil\u00e9 et peign\u00e9, Tissu lav\u00e9, 200 GSM<\/p>\n<p>Coloris encre.<\/p>\n<p>Tailles : S &#8211; M &#8211; L &#8211; XL.<\/p>\n<p data-wp-editing=\"1\"><img decoding=\"async\" src=\"https:\/\/stanleystella.com\/media\/amasty\/shopby\/option_images\/slider\/was_30.png\" alt=\"Washing - 30\u00b0\" \/><img decoding=\"async\" src=\"https:\/\/stanleystella.com\/media\/amasty\/shopby\/option_images\/slider\/ble_not.png\" alt=\"Bleaching - No\" \/><img decoding=\"async\" src=\"https:\/\/stanleystella.com\/media\/amasty\/shopby\/option_images\/slider\/custom-no-wash.svg\" alt=\"Cleaning - No\" \/><img decoding=\"async\" src=\"https:\/\/stanleystella.com\/media\/amasty\/shopby\/option_images\/slider\/iro_max_110.png\" alt=\"Ironing - 110\u00b0\" \/><img decoding=\"async\" src=\"https:\/\/stanleystella.com\/media\/amasty\/shopby\/option_images\/slider\/dry_not.png\" alt=\"Drying - Tumble Dry No\" \/><\/p>\n","protected":false},"featured_media":3087,"comment_status":"open","ping_status":"closed","template":"","meta":{"jetpack_post_was_ever_published":false,"jetpack_publicize_message":"","jetpack_is_tweetstorm":false,"jetpack_publicize_feature_enabled":true,"jetpack_social_post_already_shared":true,"jetpack_social_options":[]},"product_cat":[166,165,184,201,161,183,345,186,162,160,182],"product_tag":[27,167],"class_list":{"0":"post-3124","1":"product","2":"type-product","3":"status-publish","4":"has-post-thumbnail","6":"product_cat-bio","7":"product_cat-cotonbio","8":"product_cat-dyed-black","9":"product_cat-fashion","10":"product_cat-femme","11":"product_cat-homme","12":"product_cat-malibu","13":"product_cat-mode","14":"product_cat-pretaporter","15":"product_cat-t-shirt","16":"product_cat-unisexe","17":"product_tag-malibu","18":"product_tag-t-shirt","19":"latest_post","21":"first","22":"instock","23":"shipping-taxable","24":"purchasable","25":"product-type-variable"},"jetpack_publicize_connections":[],"jetpack_sharing_enabled":true,"_links":{"self":[{"href":"https:\/\/maisoncalifornia.fr\/index.php?rest_route=\/wp\/v2\/product\/3124","targetHints":{"allow":["GET"]}}],"collection":[{"href":"https:\/\/maisoncalifornia.fr\/index.php?rest_route=\/wp\/v2\/product"}],"about":[{"href":"https:\/\/maisoncalifornia.fr\/index.php?rest_route=\/wp\/v2\/types\/product"}],"replies":[{"embeddable":true,"href":"https:\/\/maisoncalifornia.fr\/index.php?rest_route=%2Fwp%2Fv2%2Fcomments&post=3124"}],"wp:featuredmedia":[{"embeddable":true,"href":"https:\/\/maisoncalifornia.fr\/index.php?rest_route=\/wp\/v2\/media\/3087"}],"wp:attachment":[{"href":"https:\/\/maisoncalifornia.fr\/index.php?rest_route=%2Fwp%2Fv2%2Fmedia&parent=3124"}],"wp:term":[{"taxonomy":"product_cat","embeddable":true,"href":"https:\/\/maisoncalifornia.fr\/index.php?rest_route=%2Fwp%2Fv2%2Fproduct_cat&post=3124"},{"taxonomy":"product_tag","embeddable":true,"href":"https:\/\/maisoncalifornia.fr\/index.php?rest_route=%2Fwp%2Fv2%2Fproduct_tag&post=3124"}],"curies":[{"name":"wp","href":"https:\/\/api.w.org\/{rel}","templated":true}]}}