{"id":3109,"date":"2024-08-14T14:53:50","date_gmt":"2024-08-14T12:53:50","guid":{"rendered":"https:\/\/maisoncalifornia.fr\/?post_type=product&#038;p=3109"},"modified":"2025-11-27T07:05:32","modified_gmt":"2025-11-27T06:05:32","slug":"t-shirt-femme-malibu-rollers-girl","status":"publish","type":"product","link":"https:\/\/maisoncalifornia.fr\/?product=t-shirt-femme-malibu-rollers-girl","title":{"rendered":"Last piece ! T-shirt femme &#8220;Malibu Rollers Girl&#8221;"},"content":{"rendered":"","protected":false},"excerpt":{"rendered":"<p>Le parfait T-shirt boxy pour femme.<\/p>\n<p>Imprim\u00e9 au c\u0153ur du logo de Maison California et au dos des patins \u00e0 roulettes de la parfaite California girl !<\/p>\n<p>Dessin exclusif pour Maison California par Lala Illustration.<\/p>\n<p>Coupe courte droite.<\/p>\n<p>Jersey simple, 100% coton biologique fil\u00e9 et peign\u00e9, Tissu lav\u00e9, 155 GSM<\/p>\n<p>Coloris black.<\/p>\n<p>Tailles : XS &#8211; M \u2013 L (SOLD OUT S).<\/p>\n<p data-wp-editing=\"1\"><img decoding=\"async\" src=\"https:\/\/stanleystella.com\/media\/amasty\/shopby\/option_images\/slider\/was_30.png\" alt=\"Washing - 30\u00b0\" \/><img decoding=\"async\" src=\"https:\/\/stanleystella.com\/media\/amasty\/shopby\/option_images\/slider\/ble_not.png\" alt=\"Bleaching - No\" \/><img decoding=\"async\" src=\"https:\/\/stanleystella.com\/media\/amasty\/shopby\/option_images\/slider\/custom-no-wash.svg\" alt=\"Cleaning - No\" \/><img decoding=\"async\" src=\"https:\/\/stanleystella.com\/media\/amasty\/shopby\/option_images\/slider\/iro_max_110.png\" alt=\"Ironing - 110\u00b0\" \/><img decoding=\"async\" src=\"https:\/\/stanleystella.com\/media\/amasty\/shopby\/option_images\/slider\/dry_not.png\" alt=\"Drying - Tumble Dry No\" \/><\/p>\n","protected":false},"featured_media":3083,"comment_status":"open","ping_status":"closed","template":"","meta":{"jetpack_post_was_ever_published":false,"jetpack_publicize_message":"","jetpack_is_tweetstorm":false,"jetpack_publicize_feature_enabled":true,"jetpack_social_post_already_shared":true,"jetpack_social_options":[]},"product_cat":[166,165,201,161,345,186,163,162,210,160],"product_tag":[27,167],"class_list":{"0":"post-3109","1":"product","2":"type-product","3":"status-publish","4":"has-post-thumbnail","6":"product_cat-bio","7":"product_cat-cotonbio","8":"product_cat-fashion","9":"product_cat-femme","10":"product_cat-malibu","11":"product_cat-mode","12":"product_cat-noir","13":"product_cat-pretaporter","14":"product_cat-streetstyle","15":"product_cat-t-shirt","16":"product_tag-malibu","17":"product_tag-t-shirt","18":"latest_post","20":"first","21":"instock","22":"shipping-taxable","23":"purchasable","24":"product-type-variable"},"jetpack_publicize_connections":[],"jetpack_sharing_enabled":true,"_links":{"self":[{"href":"https:\/\/maisoncalifornia.fr\/index.php?rest_route=\/wp\/v2\/product\/3109","targetHints":{"allow":["GET"]}}],"collection":[{"href":"https:\/\/maisoncalifornia.fr\/index.php?rest_route=\/wp\/v2\/product"}],"about":[{"href":"https:\/\/maisoncalifornia.fr\/index.php?rest_route=\/wp\/v2\/types\/product"}],"replies":[{"embeddable":true,"href":"https:\/\/maisoncalifornia.fr\/index.php?rest_route=%2Fwp%2Fv2%2Fcomments&post=3109"}],"wp:featuredmedia":[{"embeddable":true,"href":"https:\/\/maisoncalifornia.fr\/index.php?rest_route=\/wp\/v2\/media\/3083"}],"wp:attachment":[{"href":"https:\/\/maisoncalifornia.fr\/index.php?rest_route=%2Fwp%2Fv2%2Fmedia&parent=3109"}],"wp:term":[{"taxonomy":"product_cat","embeddable":true,"href":"https:\/\/maisoncalifornia.fr\/index.php?rest_route=%2Fwp%2Fv2%2Fproduct_cat&post=3109"},{"taxonomy":"product_tag","embeddable":true,"href":"https:\/\/maisoncalifornia.fr\/index.php?rest_route=%2Fwp%2Fv2%2Fproduct_tag&post=3109"}],"curies":[{"name":"wp","href":"https:\/\/api.w.org\/{rel}","templated":true}]}}