{"id":2041,"date":"2024-04-06T12:50:09","date_gmt":"2024-04-06T10:50:09","guid":{"rendered":"https:\/\/maisoncalifornia.fr\/?post_type=product&#038;p=2041"},"modified":"2026-02-12T13:08:21","modified_gmt":"2026-02-12T12:08:21","slug":"sweat-femme-crop-top-coton-bio-collector-gold","status":"publish","type":"product","link":"https:\/\/maisoncalifornia.fr\/?product=sweat-femme-crop-top-coton-bio-collector-gold","title":{"rendered":"LAST PIECE ! Sweat femme crop top coton bio collector &#8220;Gold&#8221;"},"content":{"rendered":"","protected":false},"excerpt":{"rendered":"<p>Le parfait sweat femme en coton bio, avec sa coupe crop top. Col rond.<br \/>\nLe Sweat est brod\u00e9 dans notre atelier en France, au coeur du logo de Maison California et au dos, des trois palmiers embl\u00e9matiques de la marque dans une version collector en fil dor\u00e9.<br \/>\n85% coton bio, 15% polyester recycl\u00e9. 300 g\/m2.<br \/>\nColoris marine.<br \/>\nTailles : S (SOLD OUT M &#8211; L).<\/p>\n","protected":false},"featured_media":2390,"comment_status":"open","ping_status":"closed","template":"","meta":{"jetpack_post_was_ever_published":false,"jetpack_publicize_message":"","jetpack_is_tweetstorm":false,"jetpack_publicize_feature_enabled":true,"jetpack_social_post_already_shared":true,"jetpack_social_options":[]},"product_cat":[166,201,161,186,162,210,287,23],"product_tag":[],"class_list":{"0":"post-2041","1":"product","2":"type-product","3":"status-publish","4":"has-post-thumbnail","6":"product_cat-bio","7":"product_cat-fashion","8":"product_cat-femme","9":"product_cat-mode","10":"product_cat-pretaporter","11":"product_cat-streetstyle","12":"product_cat-unplugged","13":"product_cat-sweatshirts","14":"latest_post","16":"first","17":"instock","18":"shipping-taxable","19":"purchasable","20":"product-type-variable"},"jetpack_publicize_connections":[],"jetpack_sharing_enabled":true,"_links":{"self":[{"href":"https:\/\/maisoncalifornia.fr\/index.php?rest_route=\/wp\/v2\/product\/2041","targetHints":{"allow":["GET"]}}],"collection":[{"href":"https:\/\/maisoncalifornia.fr\/index.php?rest_route=\/wp\/v2\/product"}],"about":[{"href":"https:\/\/maisoncalifornia.fr\/index.php?rest_route=\/wp\/v2\/types\/product"}],"replies":[{"embeddable":true,"href":"https:\/\/maisoncalifornia.fr\/index.php?rest_route=%2Fwp%2Fv2%2Fcomments&post=2041"}],"wp:featuredmedia":[{"embeddable":true,"href":"https:\/\/maisoncalifornia.fr\/index.php?rest_route=\/wp\/v2\/media\/2390"}],"wp:attachment":[{"href":"https:\/\/maisoncalifornia.fr\/index.php?rest_route=%2Fwp%2Fv2%2Fmedia&parent=2041"}],"wp:term":[{"taxonomy":"product_cat","embeddable":true,"href":"https:\/\/maisoncalifornia.fr\/index.php?rest_route=%2Fwp%2Fv2%2Fproduct_cat&post=2041"},{"taxonomy":"product_tag","embeddable":true,"href":"https:\/\/maisoncalifornia.fr\/index.php?rest_route=%2Fwp%2Fv2%2Fproduct_tag&post=2041"}],"curies":[{"name":"wp","href":"https:\/\/api.w.org\/{rel}","templated":true}]}}