{"id":1983,"date":"2024-04-06T09:20:50","date_gmt":"2024-04-06T07:20:50","guid":{"rendered":"https:\/\/maisoncalifornia.fr\/?post_type=product&#038;p=1983"},"modified":"2026-04-23T14:40:09","modified_gmt":"2026-04-23T12:40:09","slug":"sweat-hoodie-brode-a-zip-en-coton-bio-maison-california","status":"publish","type":"product","link":"https:\/\/maisoncalifornia.fr\/?product=sweat-hoodie-brode-a-zip-en-coton-bio-maison-california","title":{"rendered":"SOLD OUT \/ Sweat hoodie brod\u00e9 \u00e0 zip en coton bio &#8220;Unplugged&#8221;"},"content":{"rendered":"","protected":false},"excerpt":{"rendered":"<p>Sweat hoodie \u00e0 capuche et \u00e0 zip brod\u00e9 en coton bio 85% et 15% polyester recycl\u00e9.<br \/>\nCapuche doubl\u00e9e dans la mati\u00e8re principale. Sweat molletonn\u00e9. Poche kangourou.<br \/>\nBrod\u00e9 au coeur du logo Maison California et au dos des 3 palmiers iconiques de la marque, couleur sable.<br \/>\nUnisexe.<br \/>\nColoris natural raw (la couleur naturelle du coton).<\/p>\n<p>SOLD OUT XS &#8211; S &#8211; M &#8211; L &#8211; XL !<\/p>\n","protected":false},"featured_media":2194,"comment_status":"open","ping_status":"closed","template":"","meta":{"jetpack_post_was_ever_published":false,"jetpack_publicize_message":"","jetpack_is_tweetstorm":false,"jetpack_publicize_feature_enabled":true,"jetpack_social_post_already_shared":true,"jetpack_social_options":[]},"product_cat":[161,183,268,210,287,20,23],"product_tag":[],"class_list":{"0":"post-1983","1":"product","2":"type-product","3":"status-publish","4":"has-post-thumbnail","6":"product_cat-femme","7":"product_cat-homme","8":"product_cat-hoodie","9":"product_cat-streetstyle","10":"product_cat-unplugged","11":"product_cat-non-classe","12":"product_cat-sweatshirts","13":"latest_post","15":"first","16":"outofstock","17":"shipping-taxable","18":"purchasable","19":"product-type-variable"},"jetpack_publicize_connections":[],"jetpack_sharing_enabled":true,"_links":{"self":[{"href":"https:\/\/maisoncalifornia.fr\/index.php?rest_route=\/wp\/v2\/product\/1983","targetHints":{"allow":["GET"]}}],"collection":[{"href":"https:\/\/maisoncalifornia.fr\/index.php?rest_route=\/wp\/v2\/product"}],"about":[{"href":"https:\/\/maisoncalifornia.fr\/index.php?rest_route=\/wp\/v2\/types\/product"}],"replies":[{"embeddable":true,"href":"https:\/\/maisoncalifornia.fr\/index.php?rest_route=%2Fwp%2Fv2%2Fcomments&post=1983"}],"wp:featuredmedia":[{"embeddable":true,"href":"https:\/\/maisoncalifornia.fr\/index.php?rest_route=\/wp\/v2\/media\/2194"}],"wp:attachment":[{"href":"https:\/\/maisoncalifornia.fr\/index.php?rest_route=%2Fwp%2Fv2%2Fmedia&parent=1983"}],"wp:term":[{"taxonomy":"product_cat","embeddable":true,"href":"https:\/\/maisoncalifornia.fr\/index.php?rest_route=%2Fwp%2Fv2%2Fproduct_cat&post=1983"},{"taxonomy":"product_tag","embeddable":true,"href":"https:\/\/maisoncalifornia.fr\/index.php?rest_route=%2Fwp%2Fv2%2Fproduct_tag&post=1983"}],"curies":[{"name":"wp","href":"https:\/\/api.w.org\/{rel}","templated":true}]}}