{"id":1970,"date":"2023-11-24T08:21:29","date_gmt":"2023-11-24T07:21:29","guid":{"rendered":"https:\/\/maisoncalifornia.fr\/?post_type=product&#038;p=1970"},"modified":"2025-11-04T10:48:53","modified_gmt":"2025-11-04T09:48:53","slug":"t-shirt-coton-bio-rebel-of-the-prom-christmas-limited-edition","status":"publish","type":"product","link":"https:\/\/maisoncalifornia.fr\/?product=t-shirt-coton-bio-rebel-of-the-prom-christmas-limited-edition","title":{"rendered":"T-shirt coton bio \u00ab\u00a0Rebel of the Prom\u00a0\u00bb"},"content":{"rendered":"","protected":false},"excerpt":{"rendered":"<p>Limited \u00c9dition !<br \/>\nT-shirt 100% coton bio. Coupe droite ajust\u00e9e.<br \/>\nSerigraphi\u00e9 \u00e0 l\u2019encre \u00e0 l\u2019eau devant \u00ab\u00a0Rebel of the Prom\u00a0\u00bb et au dos \u00ab\u00a0Maison California\u00a0\u00bb.<br \/>\nColoris Black Rock (noir l\u00e9g\u00e8rement d\u00e9lav\u00e9).<br \/>\nTailles : XS &#8211; S (M SOLD OUT).<\/p>\n","protected":false},"featured_media":2158,"comment_status":"open","ping_status":"closed","template":"","meta":{"jetpack_post_was_ever_published":false,"jetpack_publicize_message":"","jetpack_is_tweetstorm":false,"jetpack_publicize_feature_enabled":true,"jetpack_social_post_already_shared":true,"jetpack_social_options":[]},"product_cat":[166,165,184,201,161,143,186,163,162,307,210,342,160,185],"product_tag":[175,204,218,174,203,170,149,173,168,172,252,343,167],"class_list":{"0":"post-1970","1":"product","2":"type-product","3":"status-publish","4":"has-post-thumbnail","6":"product_cat-bio","7":"product_cat-cotonbio","8":"product_cat-dyed-black","9":"product_cat-fashion","10":"product_cat-femme","11":"product_cat-lifestyle","12":"product_cat-mode","13":"product_cat-noir","14":"product_cat-pretaporter","15":"product_cat-rebel-of-the-prom","16":"product_cat-streetstyle","17":"product_cat-sweeties","18":"product_cat-t-shirt","19":"product_cat-vintage","20":"product_tag-bio","21":"product_tag-black","22":"product_tag-coton-bio","23":"product_tag-cotonbio","24":"product_tag-fashion","25":"product_tag-femme","26":"product_tag-maisoncalifornia","27":"product_tag-mode","28":"product_tag-noir","29":"product_tag-pretaporter","30":"product_tag-streetwear","31":"product_tag-sweeties","32":"product_tag-t-shirt","33":"latest_post","35":"first","36":"instock","37":"shipping-taxable","38":"purchasable","39":"product-type-variable"},"jetpack_publicize_connections":[],"jetpack_sharing_enabled":true,"_links":{"self":[{"href":"https:\/\/maisoncalifornia.fr\/index.php?rest_route=\/wp\/v2\/product\/1970","targetHints":{"allow":["GET"]}}],"collection":[{"href":"https:\/\/maisoncalifornia.fr\/index.php?rest_route=\/wp\/v2\/product"}],"about":[{"href":"https:\/\/maisoncalifornia.fr\/index.php?rest_route=\/wp\/v2\/types\/product"}],"replies":[{"embeddable":true,"href":"https:\/\/maisoncalifornia.fr\/index.php?rest_route=%2Fwp%2Fv2%2Fcomments&post=1970"}],"wp:featuredmedia":[{"embeddable":true,"href":"https:\/\/maisoncalifornia.fr\/index.php?rest_route=\/wp\/v2\/media\/2158"}],"wp:attachment":[{"href":"https:\/\/maisoncalifornia.fr\/index.php?rest_route=%2Fwp%2Fv2%2Fmedia&parent=1970"}],"wp:term":[{"taxonomy":"product_cat","embeddable":true,"href":"https:\/\/maisoncalifornia.fr\/index.php?rest_route=%2Fwp%2Fv2%2Fproduct_cat&post=1970"},{"taxonomy":"product_tag","embeddable":true,"href":"https:\/\/maisoncalifornia.fr\/index.php?rest_route=%2Fwp%2Fv2%2Fproduct_tag&post=1970"}],"curies":[{"name":"wp","href":"https:\/\/api.w.org\/{rel}","templated":true}]}}