{"id":1874,"date":"2023-09-04T12:59:54","date_gmt":"2023-09-04T10:59:54","guid":{"rendered":"https:\/\/maisoncalifornia.fr\/?post_type=product&#038;p=1874"},"modified":"2025-01-22T07:14:11","modified_gmt":"2025-01-22T06:14:11","slug":"sweat-hoodie-brode-en-coton-bio-palmtrees","status":"publish","type":"product","link":"https:\/\/maisoncalifornia.fr\/?product=sweat-hoodie-brode-en-coton-bio-palmtrees","title":{"rendered":"SOLD OUT \/ Sweat hoodie brod\u00e9 en coton bio &#8220;Palmtrees&#8221;"},"content":{"rendered":"","protected":false},"excerpt":{"rendered":"<p>Sweat hoodie \u00e0 capuche brod\u00e9 en coton bio 85% et 15% polyester recycl\u00e9.<br \/>\nCapuche doubl\u00e9e dans la mati\u00e8re principale. Sweat molletonn\u00e9. Poche kangourou.<br \/>\nBrod\u00e9 au coeur du logo Maison California et au dos des 3 palmiers iconiques de la marque, couleur lilas.<br \/>\nUnisexe.<br \/>\nColoris natural raw (la couleur naturelle du coton).<\/p>\n<p>&#8211; SOLD OUT &#8211;<\/p>\n","protected":false},"featured_media":2197,"comment_status":"open","ping_status":"closed","template":"","meta":{"jetpack_post_was_ever_published":false,"jetpack_publicize_message":"","jetpack_is_tweetstorm":false,"jetpack_publicize_feature_enabled":true,"jetpack_social_post_already_shared":true,"jetpack_social_options":[]},"product_cat":[166,288,165,201,161,183,268,143,186,178,209,162,210,342,182,23],"product_tag":[269,343],"class_list":{"0":"post-1874","1":"product","2":"type-product","3":"status-publish","4":"has-post-thumbnail","6":"product_cat-bio","7":"product_cat-caligoldenclub","8":"product_cat-cotonbio","9":"product_cat-fashion","10":"product_cat-femme","11":"product_cat-homme","12":"product_cat-hoodie","13":"product_cat-lifestyle","14":"product_cat-mode","15":"product_cat-natural-raw","16":"product_cat-polyester-recycle","17":"product_cat-pretaporter","18":"product_cat-streetstyle","19":"product_cat-sweeties","20":"product_cat-unisexe","21":"product_cat-sweatshirts","22":"product_tag-hoodie","23":"product_tag-sweeties","24":"latest_post","26":"first","27":"outofstock","28":"shipping-taxable","29":"purchasable","30":"product-type-variable"},"jetpack_publicize_connections":[],"jetpack_sharing_enabled":true,"_links":{"self":[{"href":"https:\/\/maisoncalifornia.fr\/index.php?rest_route=\/wp\/v2\/product\/1874","targetHints":{"allow":["GET"]}}],"collection":[{"href":"https:\/\/maisoncalifornia.fr\/index.php?rest_route=\/wp\/v2\/product"}],"about":[{"href":"https:\/\/maisoncalifornia.fr\/index.php?rest_route=\/wp\/v2\/types\/product"}],"replies":[{"embeddable":true,"href":"https:\/\/maisoncalifornia.fr\/index.php?rest_route=%2Fwp%2Fv2%2Fcomments&post=1874"}],"wp:featuredmedia":[{"embeddable":true,"href":"https:\/\/maisoncalifornia.fr\/index.php?rest_route=\/wp\/v2\/media\/2197"}],"wp:attachment":[{"href":"https:\/\/maisoncalifornia.fr\/index.php?rest_route=%2Fwp%2Fv2%2Fmedia&parent=1874"}],"wp:term":[{"taxonomy":"product_cat","embeddable":true,"href":"https:\/\/maisoncalifornia.fr\/index.php?rest_route=%2Fwp%2Fv2%2Fproduct_cat&post=1874"},{"taxonomy":"product_tag","embeddable":true,"href":"https:\/\/maisoncalifornia.fr\/index.php?rest_route=%2Fwp%2Fv2%2Fproduct_tag&post=1874"}],"curies":[{"name":"wp","href":"https:\/\/api.w.org\/{rel}","templated":true}]}}