{"id":1750,"date":"2023-02-28T07:34:06","date_gmt":"2023-02-28T06:34:06","guid":{"rendered":"https:\/\/maisoncalifornia.fr\/?post_type=product&#038;p=1750"},"modified":"2024-04-10T11:08:43","modified_gmt":"2024-04-10T09:08:43","slug":"carnet-rookie-a-venice-beach","status":"publish","type":"product","link":"https:\/\/maisoncalifornia.fr\/?product=carnet-rookie-a-venice-beach","title":{"rendered":"Carnet &#8220;Rookie \u00e0 Venice Beach&#8221;"},"content":{"rendered":"","protected":false},"excerpt":{"rendered":"<p>Le carnet tir\u00e9 de l&#8217;illustration r\u00e9alis\u00e9e par Juliette Bechu &#8220;Rookie \u00e0 Venice Beach&#8221;.<br \/>\n96 pages, lign\u00e9es.<br \/>\nImprim\u00e9 en France.<\/p>\n","protected":false},"featured_media":1652,"comment_status":"open","ping_status":"closed","template":"","meta":{"jetpack_post_was_ever_published":false,"jetpack_publicize_message":"","jetpack_is_tweetstorm":false,"jetpack_publicize_feature_enabled":true,"jetpack_social_post_already_shared":true,"jetpack_social_options":[]},"product_cat":[144,220,263,177,143,264],"product_tag":[265,266],"class_list":{"0":"post-1750","1":"product","2":"type-product","3":"status-publish","4":"has-post-thumbnail","6":"product_cat-accessoires","7":"product_cat-art","8":"product_cat-carnet","9":"product_cat-kids","10":"product_cat-lifestyle","11":"product_cat-rookie","12":"product_tag-carnet","13":"product_tag-rookie","14":"latest_post","16":"first","17":"instock","18":"shipping-taxable","19":"purchasable","20":"product-type-simple"},"jetpack_publicize_connections":[],"jetpack_sharing_enabled":true,"_links":{"self":[{"href":"https:\/\/maisoncalifornia.fr\/index.php?rest_route=\/wp\/v2\/product\/1750","targetHints":{"allow":["GET"]}}],"collection":[{"href":"https:\/\/maisoncalifornia.fr\/index.php?rest_route=\/wp\/v2\/product"}],"about":[{"href":"https:\/\/maisoncalifornia.fr\/index.php?rest_route=\/wp\/v2\/types\/product"}],"replies":[{"embeddable":true,"href":"https:\/\/maisoncalifornia.fr\/index.php?rest_route=%2Fwp%2Fv2%2Fcomments&post=1750"}],"wp:featuredmedia":[{"embeddable":true,"href":"https:\/\/maisoncalifornia.fr\/index.php?rest_route=\/wp\/v2\/media\/1652"}],"wp:attachment":[{"href":"https:\/\/maisoncalifornia.fr\/index.php?rest_route=%2Fwp%2Fv2%2Fmedia&parent=1750"}],"wp:term":[{"taxonomy":"product_cat","embeddable":true,"href":"https:\/\/maisoncalifornia.fr\/index.php?rest_route=%2Fwp%2Fv2%2Fproduct_cat&post=1750"},{"taxonomy":"product_tag","embeddable":true,"href":"https:\/\/maisoncalifornia.fr\/index.php?rest_route=%2Fwp%2Fv2%2Fproduct_tag&post=1750"}],"curies":[{"name":"wp","href":"https:\/\/api.w.org\/{rel}","templated":true}]}}