{"id":1697,"date":"2022-12-20T05:05:51","date_gmt":"2022-12-20T04:05:51","guid":{"rendered":"https:\/\/maisoncalifornia.fr\/?post_type=product&#038;p=1697"},"modified":"2023-09-05T16:48:39","modified_gmt":"2023-09-05T14:48:39","slug":"casquette-wave-dancer-974-blue-pink","status":"publish","type":"product","link":"https:\/\/maisoncalifornia.fr\/?product=casquette-wave-dancer-974-blue-pink","title":{"rendered":"Casquette &#8220;Wave dancer 974&#8221; blue\/pink"},"content":{"rendered":"","protected":false},"excerpt":{"rendered":"<p>La casquette capsule &#8220;Wave dancer 974&#8221; en \u00e9dition tr\u00e8s limit\u00e9e.<br \/>\nColoris black, impression en France Pink or blue.<br \/>\nTaille unique\/unisexe.<\/p>\n","protected":false},"featured_media":1698,"comment_status":"open","ping_status":"closed","template":"","meta":{"jetpack_post_was_ever_published":false,"jetpack_publicize_message":"","jetpack_is_tweetstorm":false,"jetpack_publicize_feature_enabled":true,"jetpack_social_post_already_shared":true,"jetpack_social_options":[]},"product_cat":[142,201,143,186,163,162,210,182],"product_tag":[146],"class_list":{"0":"post-1697","1":"product","2":"type-product","3":"status-publish","4":"has-post-thumbnail","6":"product_cat-casquette","7":"product_cat-fashion","8":"product_cat-lifestyle","9":"product_cat-mode","10":"product_cat-noir","11":"product_cat-pretaporter","12":"product_cat-streetstyle","13":"product_cat-unisexe","14":"product_tag-casquette","15":"latest_post","17":"first","18":"instock","19":"shipping-taxable","20":"purchasable","21":"product-type-variable"},"jetpack_publicize_connections":[],"jetpack_sharing_enabled":true,"_links":{"self":[{"href":"https:\/\/maisoncalifornia.fr\/index.php?rest_route=\/wp\/v2\/product\/1697","targetHints":{"allow":["GET"]}}],"collection":[{"href":"https:\/\/maisoncalifornia.fr\/index.php?rest_route=\/wp\/v2\/product"}],"about":[{"href":"https:\/\/maisoncalifornia.fr\/index.php?rest_route=\/wp\/v2\/types\/product"}],"replies":[{"embeddable":true,"href":"https:\/\/maisoncalifornia.fr\/index.php?rest_route=%2Fwp%2Fv2%2Fcomments&post=1697"}],"wp:featuredmedia":[{"embeddable":true,"href":"https:\/\/maisoncalifornia.fr\/index.php?rest_route=\/wp\/v2\/media\/1698"}],"wp:attachment":[{"href":"https:\/\/maisoncalifornia.fr\/index.php?rest_route=%2Fwp%2Fv2%2Fmedia&parent=1697"}],"wp:term":[{"taxonomy":"product_cat","embeddable":true,"href":"https:\/\/maisoncalifornia.fr\/index.php?rest_route=%2Fwp%2Fv2%2Fproduct_cat&post=1697"},{"taxonomy":"product_tag","embeddable":true,"href":"https:\/\/maisoncalifornia.fr\/index.php?rest_route=%2Fwp%2Fv2%2Fproduct_tag&post=1697"}],"curies":[{"name":"wp","href":"https:\/\/api.w.org\/{rel}","templated":true}]}}