{"id":1691,"date":"2022-12-20T04:58:13","date_gmt":"2022-12-20T03:58:13","guid":{"rendered":"https:\/\/maisoncalifornia.fr\/?post_type=product&#038;p=1691"},"modified":"2024-08-16T12:51:13","modified_gmt":"2024-08-16T10:51:13","slug":"1691","status":"publish","type":"product","link":"https:\/\/maisoncalifornia.fr\/?product=1691","title":{"rendered":"Poncho \u00e9ponge kids\/teens indigo &#8220;TROIS BASS&#8221; &#8220;ROCHES NOIRES&#8221;"},"content":{"rendered":"","protected":false},"excerpt":{"rendered":"<p>&#8221; Let&#8217;s go surfing baby ! &#8221;<br \/>\nLe parfait poncho en \u00e9ponge pour aller surfer, sortir de la piscine ou chiller sur la plage, avec capuche int\u00e9gr\u00e9e et poche kangourou (plus une autre poche pour le t\u00e9l\u00e9phone). Fentes lat\u00e9rales.<br \/>\nLe poncho est brod\u00e9 au coeur d&#8217;un des meilleurs spots de la R\u00e9union (TROIS BASS ou ROCHES NOIRES) et au dos des trois palmiers embl\u00e9matiques de la marque, pour un effet \u201cwaouh\u201d m\u00eame de dos !<br \/>\n100% coton, 280g\/m2.<br \/>\nColoris indigo.<br \/>\nUnisexe.<br \/>\nTailles enfants : 6\/9 ans &#8211; 10\/13 ans.<\/p>\n","protected":false},"featured_media":2202,"comment_status":"open","ping_status":"closed","template":"","meta":{"jetpack_post_was_ever_published":false,"jetpack_publicize_message":"","jetpack_is_tweetstorm":false,"jetpack_publicize_feature_enabled":true,"jetpack_social_post_already_shared":true,"jetpack_social_options":[]},"product_cat":[176,177,199,182],"product_tag":[202],"class_list":{"0":"post-1691","1":"product","2":"type-product","3":"status-publish","4":"has-post-thumbnail","6":"product_cat-enfant","7":"product_cat-kids","8":"product_cat-poncho","9":"product_cat-unisexe","10":"product_tag-poncho","11":"latest_post","13":"first","14":"instock","15":"shipping-taxable","16":"purchasable","17":"product-type-variable"},"jetpack_publicize_connections":[],"jetpack_sharing_enabled":true,"_links":{"self":[{"href":"https:\/\/maisoncalifornia.fr\/index.php?rest_route=\/wp\/v2\/product\/1691","targetHints":{"allow":["GET"]}}],"collection":[{"href":"https:\/\/maisoncalifornia.fr\/index.php?rest_route=\/wp\/v2\/product"}],"about":[{"href":"https:\/\/maisoncalifornia.fr\/index.php?rest_route=\/wp\/v2\/types\/product"}],"replies":[{"embeddable":true,"href":"https:\/\/maisoncalifornia.fr\/index.php?rest_route=%2Fwp%2Fv2%2Fcomments&post=1691"}],"wp:featuredmedia":[{"embeddable":true,"href":"https:\/\/maisoncalifornia.fr\/index.php?rest_route=\/wp\/v2\/media\/2202"}],"wp:attachment":[{"href":"https:\/\/maisoncalifornia.fr\/index.php?rest_route=%2Fwp%2Fv2%2Fmedia&parent=1691"}],"wp:term":[{"taxonomy":"product_cat","embeddable":true,"href":"https:\/\/maisoncalifornia.fr\/index.php?rest_route=%2Fwp%2Fv2%2Fproduct_cat&post=1691"},{"taxonomy":"product_tag","embeddable":true,"href":"https:\/\/maisoncalifornia.fr\/index.php?rest_route=%2Fwp%2Fv2%2Fproduct_tag&post=1691"}],"curies":[{"name":"wp","href":"https:\/\/api.w.org\/{rel}","templated":true}]}}