{"id":1621,"date":"2022-11-19T05:06:11","date_gmt":"2022-11-19T04:06:11","guid":{"rendered":"https:\/\/maisoncalifornia.fr\/?post_type=product&#038;p=1621"},"modified":"2022-11-22T10:54:36","modified_gmt":"2022-11-22T09:54:36","slug":"affiche-rookie-at-venice-beach-par-juliette-illustration","status":"publish","type":"product","link":"https:\/\/maisoncalifornia.fr\/?product=affiche-rookie-at-venice-beach-par-juliette-illustration","title":{"rendered":"Affiche &#8220;Rookie at Venice Beach&#8221; par Juliette Bechu"},"content":{"rendered":"","protected":false},"excerpt":{"rendered":"<p>Take a ticket to ride with us !<br \/>\nSuivez Rookie, notre berger australien mascotte de Maison California, en road trip dans les lieux mythiques de la Californie !<br \/>\nPour commencer son voyage, Rookie qui vient de d\u00e9barquer \u00e0 Los Angeles, s&#8217;est arr\u00eat\u00e9 regarder le lever de soleil \u00e0 Venice Beach&#8230;<\/p>\n<p>Illustration r\u00e9alis\u00e9e par Juliette Bechu, inspir\u00e9e d&#8217;une des photographies de Maison California.<br \/>\nParce que Maison California aime l&#8217;art et a \u00e0 coeur, la collaboration avec des artistes.<\/p>\n<p>Impression sur papier Canson mat 180g.<\/p>\n<p>Format 30&#215;40.<\/p>\n<p>Edition limit\u00e9e.<\/p>\n<p>Cadre non fourni.<\/p>\n","protected":false},"featured_media":1623,"comment_status":"open","ping_status":"closed","template":"","meta":{"jetpack_post_was_ever_published":false,"jetpack_publicize_message":"","jetpack_is_tweetstorm":false,"jetpack_publicize_feature_enabled":true,"jetpack_social_post_already_shared":true,"jetpack_social_options":[]},"product_cat":[221,220,222],"product_tag":[224,223,226,225,56],"class_list":{"0":"post-1621","1":"product","2":"type-product","3":"status-publish","4":"has-post-thumbnail","6":"product_cat-affiche","7":"product_cat-art","8":"product_cat-los-angeles","9":"product_tag-affiche","10":"product_tag-art","11":"product_tag-illustration","12":"product_tag-juliette-bechu","13":"product_tag-los-angeles","14":"latest_post","16":"first","17":"instock","18":"shipping-taxable","19":"purchasable","20":"product-type-simple"},"jetpack_publicize_connections":[],"jetpack_sharing_enabled":true,"_links":{"self":[{"href":"https:\/\/maisoncalifornia.fr\/index.php?rest_route=\/wp\/v2\/product\/1621","targetHints":{"allow":["GET"]}}],"collection":[{"href":"https:\/\/maisoncalifornia.fr\/index.php?rest_route=\/wp\/v2\/product"}],"about":[{"href":"https:\/\/maisoncalifornia.fr\/index.php?rest_route=\/wp\/v2\/types\/product"}],"replies":[{"embeddable":true,"href":"https:\/\/maisoncalifornia.fr\/index.php?rest_route=%2Fwp%2Fv2%2Fcomments&post=1621"}],"wp:featuredmedia":[{"embeddable":true,"href":"https:\/\/maisoncalifornia.fr\/index.php?rest_route=\/wp\/v2\/media\/1623"}],"wp:attachment":[{"href":"https:\/\/maisoncalifornia.fr\/index.php?rest_route=%2Fwp%2Fv2%2Fmedia&parent=1621"}],"wp:term":[{"taxonomy":"product_cat","embeddable":true,"href":"https:\/\/maisoncalifornia.fr\/index.php?rest_route=%2Fwp%2Fv2%2Fproduct_cat&post=1621"},{"taxonomy":"product_tag","embeddable":true,"href":"https:\/\/maisoncalifornia.fr\/index.php?rest_route=%2Fwp%2Fv2%2Fproduct_tag&post=1621"}],"curies":[{"name":"wp","href":"https:\/\/api.w.org\/{rel}","templated":true}]}}