{"id":1613,"date":"2022-11-07T12:11:18","date_gmt":"2022-11-07T11:11:18","guid":{"rendered":"https:\/\/maisoncalifornia.fr\/?post_type=product&#038;p=1613"},"modified":"2025-09-26T15:04:59","modified_gmt":"2025-09-26T13:04:59","slug":"poncho-eponge-adulte-black-maison-california","status":"publish","type":"product","link":"https:\/\/maisoncalifornia.fr\/?product=poncho-eponge-adulte-black-maison-california","title":{"rendered":"BRISANTS BEACH CLUB &#8211; Poncho \u00e9ponge adulte"},"content":{"rendered":"","protected":false},"excerpt":{"rendered":"<p>&#8221; Let&#8217;s go surfing baby ! &#8221;<br \/>\nLe parfait poncho en \u00e9ponge pour aller surfer, sortir de la piscine ou chiller sur la plage, avec capuche int\u00e9gr\u00e9e et poche kangourou (plus une autre poche pour le t\u00e9l\u00e9phone). Fentes lat\u00e9rales.<br \/>\nLe poncho est brod\u00e9 au coeur et au dos, pour un effet \u201cwaouh\u201d m\u00eame de dos !<br \/>\n100% coton, 280g\/m2.<br \/>\nColoris : indigo ou bleu roi.<br \/>\nUnisexe. Taille adulte unique.<\/p>\n","protected":false},"featured_media":2983,"comment_status":"open","ping_status":"closed","template":"","meta":{"jetpack_post_was_ever_published":true,"jetpack_publicize_message":"","jetpack_is_tweetstorm":false,"jetpack_publicize_feature_enabled":true,"jetpack_social_post_already_shared":true,"jetpack_social_options":[]},"product_cat":[362,200,161,183,143,145,186,199,182],"product_tag":[217,202,88,188],"class_list":{"0":"post-1613","1":"product","2":"type-product","3":"status-publish","4":"has-post-thumbnail","6":"product_cat-bbc","7":"product_cat-beachlife","8":"product_cat-femme","9":"product_cat-homme","10":"product_cat-lifestyle","11":"product_cat-maisoncalifornia","12":"product_cat-mode","13":"product_cat-poncho","14":"product_cat-unisexe","15":"product_tag-beach-life","16":"product_tag-poncho","17":"product_tag-surf","18":"product_tag-unisexe","19":"latest_post","21":"first","22":"instock","23":"featured","24":"shipping-taxable","25":"purchasable","26":"product-type-variable"},"jetpack_publicize_connections":[],"jetpack_sharing_enabled":true,"_links":{"self":[{"href":"https:\/\/maisoncalifornia.fr\/index.php?rest_route=\/wp\/v2\/product\/1613","targetHints":{"allow":["GET"]}}],"collection":[{"href":"https:\/\/maisoncalifornia.fr\/index.php?rest_route=\/wp\/v2\/product"}],"about":[{"href":"https:\/\/maisoncalifornia.fr\/index.php?rest_route=\/wp\/v2\/types\/product"}],"replies":[{"embeddable":true,"href":"https:\/\/maisoncalifornia.fr\/index.php?rest_route=%2Fwp%2Fv2%2Fcomments&post=1613"}],"wp:featuredmedia":[{"embeddable":true,"href":"https:\/\/maisoncalifornia.fr\/index.php?rest_route=\/wp\/v2\/media\/2983"}],"wp:attachment":[{"href":"https:\/\/maisoncalifornia.fr\/index.php?rest_route=%2Fwp%2Fv2%2Fmedia&parent=1613"}],"wp:term":[{"taxonomy":"product_cat","embeddable":true,"href":"https:\/\/maisoncalifornia.fr\/index.php?rest_route=%2Fwp%2Fv2%2Fproduct_cat&post=1613"},{"taxonomy":"product_tag","embeddable":true,"href":"https:\/\/maisoncalifornia.fr\/index.php?rest_route=%2Fwp%2Fv2%2Fproduct_tag&post=1613"}],"curies":[{"name":"wp","href":"https:\/\/api.w.org\/{rel}","templated":true}]}}