{"id":1608,"date":"2022-11-07T12:04:58","date_gmt":"2022-11-07T11:04:58","guid":{"rendered":"https:\/\/maisoncalifornia.fr\/?post_type=product&#038;p=1608"},"modified":"2025-10-30T06:03:44","modified_gmt":"2025-10-30T05:03:44","slug":"sweat-femme-crop-top-black-maison-california","status":"publish","type":"product","link":"https:\/\/maisoncalifornia.fr\/?product=sweat-femme-crop-top-black-maison-california","title":{"rendered":"SOLD OUT \/ Sweat femme croptop coton bio &#8220;Palmtrees&#8221;"},"content":{"rendered":"","protected":false},"excerpt":{"rendered":"<p>Le parfait sweat en coton bio, avec sa coupe crop top. Col rond.<br \/>\nLe sweat est brod\u00e9 au coeur du logo de Maison California pour un effet so chic et au verso, les trois palmiers embl\u00e9matiques de la marque, pour un effet &#8220;waouh&#8221; m\u00eame de dos !<br \/>\n85% coton bio, 15% polyester recycl\u00e9. 300 g\/m2.<br \/>\nColoris cream heather.<\/p>\n<p>&#8211; SOLD OUT &#8211;<\/p>\n","protected":false},"featured_media":2200,"comment_status":"open","ping_status":"closed","template":"","meta":{"jetpack_post_was_ever_published":false,"jetpack_publicize_message":"","jetpack_is_tweetstorm":false,"jetpack_publicize_feature_enabled":true,"jetpack_social_post_already_shared":true,"jetpack_social_options":[]},"product_cat":[166,288,165,201,161,143,186,163,209,162,210,23],"product_tag":[204,215,216,214],"class_list":{"0":"post-1608","1":"product","2":"type-product","3":"status-publish","4":"has-post-thumbnail","6":"product_cat-bio","7":"product_cat-caligoldenclub","8":"product_cat-cotonbio","9":"product_cat-fashion","10":"product_cat-femme","11":"product_cat-lifestyle","12":"product_cat-mode","13":"product_cat-noir","14":"product_cat-polyester-recycle","15":"product_cat-pretaporter","16":"product_cat-streetstyle","17":"product_cat-sweatshirts","18":"product_tag-black","19":"product_tag-brode","20":"product_tag-croptop","21":"product_tag-sweat-shirt","22":"latest_post","24":"first","25":"instock","26":"shipping-taxable","27":"purchasable","28":"product-type-variable"},"jetpack_publicize_connections":[],"jetpack_sharing_enabled":true,"_links":{"self":[{"href":"https:\/\/maisoncalifornia.fr\/index.php?rest_route=\/wp\/v2\/product\/1608","targetHints":{"allow":["GET"]}}],"collection":[{"href":"https:\/\/maisoncalifornia.fr\/index.php?rest_route=\/wp\/v2\/product"}],"about":[{"href":"https:\/\/maisoncalifornia.fr\/index.php?rest_route=\/wp\/v2\/types\/product"}],"replies":[{"embeddable":true,"href":"https:\/\/maisoncalifornia.fr\/index.php?rest_route=%2Fwp%2Fv2%2Fcomments&post=1608"}],"wp:featuredmedia":[{"embeddable":true,"href":"https:\/\/maisoncalifornia.fr\/index.php?rest_route=\/wp\/v2\/media\/2200"}],"wp:attachment":[{"href":"https:\/\/maisoncalifornia.fr\/index.php?rest_route=%2Fwp%2Fv2%2Fmedia&parent=1608"}],"wp:term":[{"taxonomy":"product_cat","embeddable":true,"href":"https:\/\/maisoncalifornia.fr\/index.php?rest_route=%2Fwp%2Fv2%2Fproduct_cat&post=1608"},{"taxonomy":"product_tag","embeddable":true,"href":"https:\/\/maisoncalifornia.fr\/index.php?rest_route=%2Fwp%2Fv2%2Fproduct_tag&post=1608"}],"curies":[{"name":"wp","href":"https:\/\/api.w.org\/{rel}","templated":true}]}}