{"id":1594,"date":"2022-11-07T11:13:19","date_gmt":"2022-11-07T10:13:19","guid":{"rendered":"https:\/\/maisoncalifornia.fr\/?post_type=product&#038;p=1594"},"modified":"2024-04-14T15:29:49","modified_gmt":"2024-04-14T13:29:49","slug":"poncho-eponge-enfant-palmtrees","status":"publish","type":"product","link":"https:\/\/maisoncalifornia.fr\/?product=poncho-eponge-enfant-palmtrees","title":{"rendered":"Poncho \u00e9ponge kids\/teens bleu roi &#8220;Maison California&#8221;"},"content":{"rendered":"","protected":false},"excerpt":{"rendered":"<p>&#8221; Let&#8217;s go surfing baby ! &#8221;<br \/>\nLe parfait poncho en \u00e9ponge pour aller surfer, sortir de la piscine ou chiller sur la plage, avec capuche int\u00e9gr\u00e9e et poche kangourou, pour filles et gar\u00e7ons. Fentes lat\u00e9rales.<br \/>\nLe poncho est brod\u00e9 au coeur du logo de Maison California et au dos des trois palmiers embl\u00e9matiques de la marque, pour un effet \u201cwaouh\u201d m\u00eame de dos !<br \/>\n100% coton, 280g\/m2.<br \/>\nColoris bleu roi.<br \/>\nTailles : 6\/9 ans &#8211; 10\/13 ans.<\/p>\n","protected":false},"featured_media":2144,"comment_status":"open","ping_status":"closed","template":"","meta":{"jetpack_post_was_ever_published":false,"jetpack_publicize_message":"","jetpack_is_tweetstorm":false,"jetpack_publicize_feature_enabled":true,"jetpack_social_post_already_shared":true,"jetpack_social_options":[]},"product_cat":[200,201,177,176,143,145,186,199,162],"product_tag":[63,180,203,181,173,69,202,88],"class_list":{"0":"post-1594","1":"product","2":"type-product","3":"status-publish","4":"has-post-thumbnail","6":"product_cat-beachlife","7":"product_cat-fashion","8":"product_cat-kids","9":"product_cat-enfant","10":"product_cat-lifestyle","11":"product_cat-maisoncalifornia","12":"product_cat-mode","13":"product_cat-poncho","14":"product_cat-pretaporter","15":"product_tag-beach","16":"product_tag-enfant","17":"product_tag-fashion","18":"product_tag-kids","19":"product_tag-mode","20":"product_tag-plage","21":"product_tag-poncho","22":"product_tag-surf","23":"latest_post","25":"first","26":"instock","27":"shipping-taxable","28":"purchasable","29":"product-type-variable"},"jetpack_publicize_connections":[],"jetpack_sharing_enabled":true,"_links":{"self":[{"href":"https:\/\/maisoncalifornia.fr\/index.php?rest_route=\/wp\/v2\/product\/1594","targetHints":{"allow":["GET"]}}],"collection":[{"href":"https:\/\/maisoncalifornia.fr\/index.php?rest_route=\/wp\/v2\/product"}],"about":[{"href":"https:\/\/maisoncalifornia.fr\/index.php?rest_route=\/wp\/v2\/types\/product"}],"replies":[{"embeddable":true,"href":"https:\/\/maisoncalifornia.fr\/index.php?rest_route=%2Fwp%2Fv2%2Fcomments&post=1594"}],"wp:featuredmedia":[{"embeddable":true,"href":"https:\/\/maisoncalifornia.fr\/index.php?rest_route=\/wp\/v2\/media\/2144"}],"wp:attachment":[{"href":"https:\/\/maisoncalifornia.fr\/index.php?rest_route=%2Fwp%2Fv2%2Fmedia&parent=1594"}],"wp:term":[{"taxonomy":"product_cat","embeddable":true,"href":"https:\/\/maisoncalifornia.fr\/index.php?rest_route=%2Fwp%2Fv2%2Fproduct_cat&post=1594"},{"taxonomy":"product_tag","embeddable":true,"href":"https:\/\/maisoncalifornia.fr\/index.php?rest_route=%2Fwp%2Fv2%2Fproduct_tag&post=1594"}],"curies":[{"name":"wp","href":"https:\/\/api.w.org\/{rel}","templated":true}]}}