{"id":1480,"date":"2022-05-04T09:49:24","date_gmt":"2022-05-04T07:49:24","guid":{"rendered":"https:\/\/maisoncalifornia.fr\/?post_type=product&#038;p=1480"},"modified":"2024-06-19T17:15:50","modified_gmt":"2024-06-19T15:15:50","slug":"soon-t-shirt-femme-oversized-100-coton-bio-maison-california","status":"publish","type":"product","link":"https:\/\/maisoncalifornia.fr\/?product=soon-t-shirt-femme-oversized-100-coton-bio-maison-california","title":{"rendered":"SOLD OUT \/ T-shirt femme oversized en coton bio &#8220;CALI GOLDEN Club&#8221;"},"content":{"rendered":"","protected":false},"excerpt":{"rendered":"<p>Le parfait T-shirt en coton bio, avec sa coupe loose\/oversized et ses manches larges et retrouss\u00e9es.<br \/>\nLe T-shirt est brod\u00e9 au coeur du logo de Maison California pour un effet so chic et porte en impression num\u00e9rique au verso, les trois palmiers avec &#8220;CALI GOLDEN Club&#8221;, pour un effet &#8220;waouh&#8221; m\u00eame de dos !<br \/>\n100% coton bio fil\u00e9 et peign\u00e9, tissu lav\u00e9 155g\/m2.<br \/>\nColoris white.<br \/>\nTailles : (SOLD OUT XS &#8211; S &#8211; M).<\/p>\n","protected":false},"featured_media":2660,"comment_status":"open","ping_status":"closed","template":"","meta":{"jetpack_post_was_ever_published":false,"jetpack_publicize_message":"","jetpack_is_tweetstorm":false,"jetpack_publicize_feature_enabled":true,"jetpack_social_post_already_shared":true,"jetpack_social_options":[]},"product_cat":[166,164,288,165,161,143,186,162,160],"product_tag":[175,169,174,170,147,173,168,171,172,167],"class_list":{"0":"post-1480","1":"product","2":"type-product","3":"status-publish","4":"has-post-thumbnail","6":"product_cat-bio","7":"product_cat-blanc","8":"product_cat-caligoldenclub","9":"product_cat-cotonbio","10":"product_cat-femme","11":"product_cat-lifestyle","12":"product_cat-mode","13":"product_cat-pretaporter","14":"product_cat-t-shirt","15":"product_tag-bio","16":"product_tag-blanc","17":"product_tag-cotonbio","18":"product_tag-femme","19":"product_tag-lifestyle","20":"product_tag-mode","21":"product_tag-noir","22":"product_tag-oversized","23":"product_tag-pretaporter","24":"product_tag-t-shirt","25":"latest_post","27":"first","28":"outofstock","29":"shipping-taxable","30":"purchasable","31":"product-type-variable"},"jetpack_publicize_connections":[],"jetpack_sharing_enabled":true,"_links":{"self":[{"href":"https:\/\/maisoncalifornia.fr\/index.php?rest_route=\/wp\/v2\/product\/1480","targetHints":{"allow":["GET"]}}],"collection":[{"href":"https:\/\/maisoncalifornia.fr\/index.php?rest_route=\/wp\/v2\/product"}],"about":[{"href":"https:\/\/maisoncalifornia.fr\/index.php?rest_route=\/wp\/v2\/types\/product"}],"replies":[{"embeddable":true,"href":"https:\/\/maisoncalifornia.fr\/index.php?rest_route=%2Fwp%2Fv2%2Fcomments&post=1480"}],"wp:featuredmedia":[{"embeddable":true,"href":"https:\/\/maisoncalifornia.fr\/index.php?rest_route=\/wp\/v2\/media\/2660"}],"wp:attachment":[{"href":"https:\/\/maisoncalifornia.fr\/index.php?rest_route=%2Fwp%2Fv2%2Fmedia&parent=1480"}],"wp:term":[{"taxonomy":"product_cat","embeddable":true,"href":"https:\/\/maisoncalifornia.fr\/index.php?rest_route=%2Fwp%2Fv2%2Fproduct_cat&post=1480"},{"taxonomy":"product_tag","embeddable":true,"href":"https:\/\/maisoncalifornia.fr\/index.php?rest_route=%2Fwp%2Fv2%2Fproduct_tag&post=1480"}],"curies":[{"name":"wp","href":"https:\/\/api.w.org\/{rel}","templated":true}]}}