{"id":977,"date":"2021-01-22T07:36:39","date_gmt":"2021-01-22T06:36:39","guid":{"rendered":"http:\/\/maisond.cluster024.hosting.ovh.net\/?page_id=977"},"modified":"2021-01-22T09:51:00","modified_gmt":"2021-01-22T08:51:00","slug":"case-study-houses","status":"publish","type":"page","link":"https:\/\/maisoncalifornia.fr\/?page_id=977","title":{"rendered":"Case Study Houses"},"content":{"rendered":"\n<p class=\"has-drop-cap\">Le programme des&nbsp;<strong>Case Study Houses<\/strong>, lanc\u00e9 \u00e0 l&#8217;initiative de&nbsp;<a href=\"https:\/\/fr.wikipedia.org\/wiki\/John_Entenza\">John Entenza<\/a>, r\u00e9dacteur en chef de la revue&nbsp;<a href=\"https:\/\/fr.wikipedia.org\/w\/index.php?title=Arts_%26_Architecture&amp;action=edit&amp;redlink=1\">Arts &amp; Architecture<\/a>, comme une exp\u00e9rience architecturale,&nbsp;a \u00e9t\u00e9 mis en place entre 1945 et 1966 sur la c\u00f4te Ouest des Etats-Unis, principalement autour de Los Angeles, et visait \u00e0 construire des maisons modernes et \u00e9conomiques. <\/p>\n\n\n\n<p>Les architectes sollicit\u00e9s sont parmi les plus importants de l&#8217;\u00e9poque&nbsp;:&nbsp;<a href=\"https:\/\/fr.wikipedia.org\/wiki\/Richard_Neutra\">Richard Neutra<\/a>,&nbsp;<a href=\"https:\/\/fr.wikipedia.org\/w\/index.php?title=Raphael_Soriano&amp;action=edit&amp;redlink=1\">Raphael Soriano<\/a>,&nbsp;<a href=\"https:\/\/fr.wikipedia.org\/wiki\/Craig_Ellwood\">Craig Ellwood<\/a>,&nbsp;<a href=\"https:\/\/fr.wikipedia.org\/wiki\/Charles_Eames\">Charles<\/a>&nbsp;et&nbsp;<a href=\"https:\/\/fr.wikipedia.org\/wiki\/Ray_Eames\">Ray Eames<\/a>,&nbsp;<a href=\"https:\/\/fr.wikipedia.org\/wiki\/Pierre_Koenig_(architecte)\">Pierre Koenig<\/a>&nbsp;et&nbsp;<a href=\"https:\/\/fr.wikipedia.org\/wiki\/Eero_Saarinen\">Eero Saarinen<\/a>.<\/p>\n\n\n\n<p>Au total, 36 projets sont con\u00e7us entre 1945 et 1966 (34 maisons individuelles et 2 appartements). Certains ne sont finalement pas construits, d&#8217;autres subissent de significatives transformations pour s&#8217;adapter aux besoins des clients.<\/p>\n\n\n\n<blockquote class=\"wp-block-quote is-style-large is-layout-flow wp-block-quote-is-layout-flow\"><p>It becomes the obligation of all those who serves and profit through man&#8217;s wish to live well, to take the mysteries and the black magic out of the hard facts that go into the building of &#8220;house&#8221;<\/p><cite>John Entenza<\/cite><\/blockquote>\n\n\n\n<p>On peut citer parmi les plus c\u00e9l\u00e8bres : <\/p>\n\n\n\n<p>CSH n\u00b0 8&nbsp;:&nbsp;<a href=\"https:\/\/fr.wikipedia.org\/wiki\/Charles_Eames\">Charles<\/a>&nbsp;et&nbsp;<a href=\"https:\/\/fr.wikipedia.org\/wiki\/Ray_Eames\">Ray Eames<\/a>,&nbsp;<em>Eames House<\/em>,&nbsp;<a href=\"https:\/\/fr.wikipedia.org\/wiki\/Pacific_Palisades_(Los_Angeles)\">Pacific Palisades<\/a>. Elle est con\u00e7ue par Charles Eames et&nbsp;<a href=\"https:\/\/fr.wikipedia.org\/wiki\/Eero_Saarinen\">Eero Saarinen<\/a>&nbsp;avant d&#8217;\u00eatre substantiellement modifi\u00e9e par Charles et Ray Eames.<\/p>\n\n\n\n<p>Nous avons eu la chance de la visiter lors de l&#8217;un de nos voyages en Californie. Nich\u00e9e sur les hauteurs de Pacific Palisades, il y r\u00e8gne une grande qui\u00e9tude. A d\u00e9couvrir dans un prochain article !<\/p>\n\n\n\n<div class=\"wp-block-image\"><figure class=\"aligncenter size-large\"><img loading=\"lazy\" decoding=\"async\" width=\"2048\" height=\"2560\" src=\"http:\/\/maisond.cluster024.hosting.ovh.net\/wp-content\/uploads\/2021\/01\/img_1177-scaled.jpg\" alt=\"\" class=\"wp-image-988\" srcset=\"https:\/\/maisoncalifornia.fr\/wp-content\/uploads\/2021\/01\/img_1177-scaled.jpg 2048w, https:\/\/maisoncalifornia.fr\/wp-content\/uploads\/2021\/01\/img_1177-scaled-600x750.jpg 600w, https:\/\/maisoncalifornia.fr\/wp-content\/uploads\/2021\/01\/img_1177-240x300.jpg 240w\" sizes=\"auto, (max-width: 2048px) 100vw, 2048px\" \/><figcaption>Eames House, Pacific Palisades, Los Angeles<\/figcaption><\/figure><\/div>\n\n\n\n<p>CSH n\u00b0 21&nbsp;:&nbsp;<a href=\"https:\/\/fr.wikipedia.org\/wiki\/Pierre_Koenig_(architecte)\">Pierre Koenig<\/a>,&nbsp;<em>Bailey House<\/em>,&nbsp;<a href=\"https:\/\/fr.wikipedia.org\/wiki\/West_Hollywood\">West Hollywood<\/a>.<\/p>\n\n\n\n<div class=\"wp-block-jetpack-slideshow aligncenter\" data-effect=\"slide\"><div class=\"wp-block-jetpack-slideshow_container swiper-container\"><ul class=\"wp-block-jetpack-slideshow_swiper-wrapper swiper-wrapper\"><li class=\"wp-block-jetpack-slideshow_slide swiper-slide\"><figure><img loading=\"lazy\" decoding=\"async\" width=\"512\" height=\"410\" alt=\"\" class=\"wp-block-jetpack-slideshow_image wp-image-995\" data-id=\"995\" src=\"http:\/\/maisond.cluster024.hosting.ovh.net\/wp-content\/uploads\/2021\/01\/unnamed.png\" srcset=\"https:\/\/maisoncalifornia.fr\/wp-content\/uploads\/2021\/01\/unnamed.png 512w, https:\/\/maisoncalifornia.fr\/wp-content\/uploads\/2021\/01\/unnamed-300x240.png 300w, https:\/\/maisoncalifornia.fr\/wp-content\/uploads\/2021\/01\/unnamed-75x60.png 75w, https:\/\/maisoncalifornia.fr\/wp-content\/uploads\/2021\/01\/unnamed-112x90.png 112w\" sizes=\"auto, (max-width: 512px) 100vw, 512px\" \/><figcaption class=\"wp-block-jetpack-slideshow_caption gallery-caption\">Bailey House, Hollywood Hills, Los Angeles<\/figcaption><\/figure><\/li><li class=\"wp-block-jetpack-slideshow_slide swiper-slide\"><figure><img loading=\"lazy\" decoding=\"async\" width=\"1000\" height=\"667\" alt=\"\" class=\"wp-block-jetpack-slideshow_image wp-image-1005\" data-id=\"1005\" src=\"http:\/\/maisond.cluster024.hosting.ovh.net\/wp-content\/uploads\/2021\/01\/105a955b092e5fa74766ed3d4989384b-1.jpg\" srcset=\"https:\/\/maisoncalifornia.fr\/wp-content\/uploads\/2021\/01\/105a955b092e5fa74766ed3d4989384b-1.jpg 1000w, https:\/\/maisoncalifornia.fr\/wp-content\/uploads\/2021\/01\/105a955b092e5fa74766ed3d4989384b-1-600x400.jpg 600w, https:\/\/maisoncalifornia.fr\/wp-content\/uploads\/2021\/01\/105a955b092e5fa74766ed3d4989384b-1-300x200.jpg 300w, https:\/\/maisoncalifornia.fr\/wp-content\/uploads\/2021\/01\/105a955b092e5fa74766ed3d4989384b-1-768x512.jpg 768w, https:\/\/maisoncalifornia.fr\/wp-content\/uploads\/2021\/01\/105a955b092e5fa74766ed3d4989384b-1-90x60.jpg 90w, https:\/\/maisoncalifornia.fr\/wp-content\/uploads\/2021\/01\/105a955b092e5fa74766ed3d4989384b-1-135x90.jpg 135w\" sizes=\"auto, (max-width: 1000px) 100vw, 1000px\" \/><\/figure><\/li><li class=\"wp-block-jetpack-slideshow_slide swiper-slide\"><figure><img loading=\"lazy\" decoding=\"async\" width=\"992\" height=\"570\" alt=\"\" class=\"wp-block-jetpack-slideshow_image wp-image-1008\" data-id=\"1008\" src=\"http:\/\/maisond.cluster024.hosting.ovh.net\/wp-content\/uploads\/2021\/01\/The-Bailey-House-61.jpg\" srcset=\"https:\/\/maisoncalifornia.fr\/wp-content\/uploads\/2021\/01\/The-Bailey-House-61.jpg 992w, https:\/\/maisoncalifornia.fr\/wp-content\/uploads\/2021\/01\/The-Bailey-House-61-600x345.jpg 600w, https:\/\/maisoncalifornia.fr\/wp-content\/uploads\/2021\/01\/The-Bailey-House-61-300x172.jpg 300w, https:\/\/maisoncalifornia.fr\/wp-content\/uploads\/2021\/01\/The-Bailey-House-61-768x441.jpg 768w, https:\/\/maisoncalifornia.fr\/wp-content\/uploads\/2021\/01\/The-Bailey-House-61-330x190.jpg 330w, https:\/\/maisoncalifornia.fr\/wp-content\/uploads\/2021\/01\/The-Bailey-House-61-400x230.jpg 400w, https:\/\/maisoncalifornia.fr\/wp-content\/uploads\/2021\/01\/The-Bailey-House-61-104x60.jpg 104w, https:\/\/maisoncalifornia.fr\/wp-content\/uploads\/2021\/01\/The-Bailey-House-61-157x90.jpg 157w\" sizes=\"auto, (max-width: 992px) 100vw, 992px\" \/><\/figure><\/li><li class=\"wp-block-jetpack-slideshow_slide swiper-slide\"><figure><img loading=\"lazy\" decoding=\"async\" width=\"1700\" height=\"1100\" alt=\"\" class=\"wp-block-jetpack-slideshow_image wp-image-1009\" data-id=\"1009\" src=\"http:\/\/maisond.cluster024.hosting.ovh.net\/wp-content\/uploads\/2021\/01\/metalocus_casestudyhouses_01.jpg\" srcset=\"https:\/\/maisoncalifornia.fr\/wp-content\/uploads\/2021\/01\/metalocus_casestudyhouses_01.jpg 1700w, https:\/\/maisoncalifornia.fr\/wp-content\/uploads\/2021\/01\/metalocus_casestudyhouses_01-600x388.jpg 600w, https:\/\/maisoncalifornia.fr\/wp-content\/uploads\/2021\/01\/metalocus_casestudyhouses_01-300x194.jpg 300w, https:\/\/maisoncalifornia.fr\/wp-content\/uploads\/2021\/01\/metalocus_casestudyhouses_01-1024x663.jpg 1024w, https:\/\/maisoncalifornia.fr\/wp-content\/uploads\/2021\/01\/metalocus_casestudyhouses_01-768x497.jpg 768w, https:\/\/maisoncalifornia.fr\/wp-content\/uploads\/2021\/01\/metalocus_casestudyhouses_01-1536x994.jpg 1536w, https:\/\/maisoncalifornia.fr\/wp-content\/uploads\/2021\/01\/metalocus_casestudyhouses_01-93x60.jpg 93w, https:\/\/maisoncalifornia.fr\/wp-content\/uploads\/2021\/01\/metalocus_casestudyhouses_01-139x90.jpg 139w\" sizes=\"auto, (max-width: 1700px) 100vw, 1700px\" \/><\/figure><\/li><\/ul><a class=\"wp-block-jetpack-slideshow_button-prev swiper-button-prev swiper-button-white\" role=\"button\"><\/a><a class=\"wp-block-jetpack-slideshow_button-next swiper-button-next swiper-button-white\" role=\"button\"><\/a><a aria-label=\"Pause Slideshow\" class=\"wp-block-jetpack-slideshow_button-pause\" role=\"button\"><\/a><div class=\"wp-block-jetpack-slideshow_pagination swiper-pagination swiper-pagination-white\"><\/div><\/div><\/div>\n\n\n\n<p>CSH n\u00b0 22&nbsp;: Pierre Koenig,&nbsp;<em><a href=\"https:\/\/fr.wikipedia.org\/wiki\/Stahl_House\">Stahl House<\/a><\/em>, West Hollywood. Cette maison situ\u00e9e sur un promontoire est remarquable notamment pour son s\u00e9jour en surplomb.<\/p>\n\n\n\n<div class=\"wp-block-image\"><figure class=\"aligncenter size-large\"><img loading=\"lazy\" decoding=\"async\" width=\"1024\" height=\"710\" src=\"http:\/\/maisond.cluster024.hosting.ovh.net\/wp-content\/uploads\/2021\/01\/IMG_5780-1024x710.jpg\" alt=\"\" class=\"wp-image-996\" srcset=\"https:\/\/maisoncalifornia.fr\/wp-content\/uploads\/2021\/01\/IMG_5780-1024x710.jpg 1024w, https:\/\/maisoncalifornia.fr\/wp-content\/uploads\/2021\/01\/IMG_5780-600x416.jpg 600w, https:\/\/maisoncalifornia.fr\/wp-content\/uploads\/2021\/01\/IMG_5780-300x208.jpg 300w, https:\/\/maisoncalifornia.fr\/wp-content\/uploads\/2021\/01\/IMG_5780-768x532.jpg 768w, https:\/\/maisoncalifornia.fr\/wp-content\/uploads\/2021\/01\/IMG_5780-1536x1065.jpg 1536w, https:\/\/maisoncalifornia.fr\/wp-content\/uploads\/2021\/01\/IMG_5780-87x60.jpg 87w, https:\/\/maisoncalifornia.fr\/wp-content\/uploads\/2021\/01\/IMG_5780-130x90.jpg 130w, https:\/\/maisoncalifornia.fr\/wp-content\/uploads\/2021\/01\/IMG_5780.jpg 1600w\" sizes=\"auto, (max-width: 1024px) 100vw, 1024px\" \/><figcaption>Stahl House, Hollywood Hills, Los Angeles<\/figcaption><\/figure><\/div>\n\n\n\n<div class=\"wp-block-jetpack-tiled-gallery aligncenter is-style-rectangular\"><div class=\"tiled-gallery__gallery\"><div class=\"tiled-gallery__row\"><div class=\"tiled-gallery__col\" style=\"flex-basis:36.38266125978578%\"><figure class=\"tiled-gallery__item\"><img decoding=\"async\" srcset=\"https:\/\/i0.wp.com\/maisond.cluster024.hosting.ovh.net\/wp-content\/uploads\/2021\/01\/7d1920c16f7ad4093e2dd0609bf14ef4.jpg?strip=info&#038;w=600 600w,https:\/\/i0.wp.com\/maisond.cluster024.hosting.ovh.net\/wp-content\/uploads\/2021\/01\/7d1920c16f7ad4093e2dd0609bf14ef4.jpg?strip=info&#038;w=720 720w\" alt=\"\" data-height=\"372\" data-id=\"1012\" data-link=\"http:\/\/maisond.cluster024.hosting.ovh.net\/?attachment_id=1012\" data-url=\"http:\/\/maisond.cluster024.hosting.ovh.net\/wp-content\/uploads\/2021\/01\/7d1920c16f7ad4093e2dd0609bf14ef4.jpg\" data-width=\"720\" src=\"https:\/\/i0.wp.com\/maisond.cluster024.hosting.ovh.net\/wp-content\/uploads\/2021\/01\/7d1920c16f7ad4093e2dd0609bf14ef4.jpg\" layout=\"responsive\"\/><\/figure><figure class=\"tiled-gallery__item\"><img decoding=\"async\" srcset=\"https:\/\/i0.wp.com\/maisond.cluster024.hosting.ovh.net\/wp-content\/uploads\/2021\/01\/Stahl_TimStreet-Porter.jpg?strip=info&#038;w=574 574w\" alt=\"\" data-height=\"450\" data-id=\"1013\" data-link=\"http:\/\/maisond.cluster024.hosting.ovh.net\/?attachment_id=1013\" data-url=\"http:\/\/maisond.cluster024.hosting.ovh.net\/wp-content\/uploads\/2021\/01\/Stahl_TimStreet-Porter.jpg\" data-width=\"574\" src=\"https:\/\/i0.wp.com\/maisond.cluster024.hosting.ovh.net\/wp-content\/uploads\/2021\/01\/Stahl_TimStreet-Porter.jpg\" layout=\"responsive\"\/><\/figure><\/div><div class=\"tiled-gallery__col\" style=\"flex-basis:63.61733874021424%\"><figure class=\"tiled-gallery__item\"><img decoding=\"async\" srcset=\"https:\/\/i1.wp.com\/maisond.cluster024.hosting.ovh.net\/wp-content\/uploads\/2021\/01\/paris-san-francisco-stahl-house-architecture-4.jpeg?strip=info&#038;w=600 600w,https:\/\/i1.wp.com\/maisond.cluster024.hosting.ovh.net\/wp-content\/uploads\/2021\/01\/paris-san-francisco-stahl-house-architecture-4.jpeg?strip=info&#038;w=665 665w\" alt=\"\" data-height=\"499\" data-id=\"1014\" data-link=\"http:\/\/maisond.cluster024.hosting.ovh.net\/?attachment_id=1014\" data-url=\"http:\/\/maisond.cluster024.hosting.ovh.net\/wp-content\/uploads\/2021\/01\/paris-san-francisco-stahl-house-architecture-4.jpeg\" data-width=\"665\" src=\"https:\/\/i1.wp.com\/maisond.cluster024.hosting.ovh.net\/wp-content\/uploads\/2021\/01\/paris-san-francisco-stahl-house-architecture-4.jpeg\" layout=\"responsive\"\/><\/figure><\/div><\/div><\/div><\/div>\n\n\n\n<div class=\"wp-block-image\"><figure class=\"aligncenter size-large\"><img loading=\"lazy\" decoding=\"async\" width=\"1024\" height=\"576\" src=\"http:\/\/maisond.cluster024.hosting.ovh.net\/wp-content\/uploads\/2021\/01\/Ogjx9FWccKpT9iprhMrlbgzvdK5aAf-FStw8npT158Y-1-1024x576.jpg\" alt=\"\" class=\"wp-image-1016\" srcset=\"https:\/\/maisoncalifornia.fr\/wp-content\/uploads\/2021\/01\/Ogjx9FWccKpT9iprhMrlbgzvdK5aAf-FStw8npT158Y-1-1024x576.jpg 1024w, https:\/\/maisoncalifornia.fr\/wp-content\/uploads\/2021\/01\/Ogjx9FWccKpT9iprhMrlbgzvdK5aAf-FStw8npT158Y-1-600x338.jpg 600w, https:\/\/maisoncalifornia.fr\/wp-content\/uploads\/2021\/01\/Ogjx9FWccKpT9iprhMrlbgzvdK5aAf-FStw8npT158Y-1-300x169.jpg 300w, https:\/\/maisoncalifornia.fr\/wp-content\/uploads\/2021\/01\/Ogjx9FWccKpT9iprhMrlbgzvdK5aAf-FStw8npT158Y-1-768x432.jpg 768w, https:\/\/maisoncalifornia.fr\/wp-content\/uploads\/2021\/01\/Ogjx9FWccKpT9iprhMrlbgzvdK5aAf-FStw8npT158Y-1-1536x864.jpg 1536w, https:\/\/maisoncalifornia.fr\/wp-content\/uploads\/2021\/01\/Ogjx9FWccKpT9iprhMrlbgzvdK5aAf-FStw8npT158Y-1-107x60.jpg 107w, https:\/\/maisoncalifornia.fr\/wp-content\/uploads\/2021\/01\/Ogjx9FWccKpT9iprhMrlbgzvdK5aAf-FStw8npT158Y-1-160x90.jpg 160w, https:\/\/maisoncalifornia.fr\/wp-content\/uploads\/2021\/01\/Ogjx9FWccKpT9iprhMrlbgzvdK5aAf-FStw8npT158Y-1.jpg 1920w\" sizes=\"auto, (max-width: 1024px) 100vw, 1024px\" \/><\/figure><\/div>\n\n\n\n<figure class=\"wp-block-gallery aligncenter columns-2 is-cropped wp-block-gallery-1 is-layout-flex wp-block-gallery-is-layout-flex\"><ul class=\"blocks-gallery-grid\"><li class=\"blocks-gallery-item\"><figure><img loading=\"lazy\" decoding=\"async\" width=\"1024\" height=\"813\" src=\"http:\/\/maisond.cluster024.hosting.ovh.net\/wp-content\/uploads\/2021\/01\/ATLAS-OF-PLACES-PIERRE-KOENIG-STAHL-HOUSE-IMG-8-1024x813.jpg\" alt=\"\" data-id=\"1018\" data-link=\"http:\/\/maisond.cluster024.hosting.ovh.net\/?attachment_id=1018\" class=\"wp-image-1018\" srcset=\"https:\/\/maisoncalifornia.fr\/wp-content\/uploads\/2021\/01\/ATLAS-OF-PLACES-PIERRE-KOENIG-STAHL-HOUSE-IMG-8-1024x813.jpg 1024w, https:\/\/maisoncalifornia.fr\/wp-content\/uploads\/2021\/01\/ATLAS-OF-PLACES-PIERRE-KOENIG-STAHL-HOUSE-IMG-8-600x477.jpg 600w, https:\/\/maisoncalifornia.fr\/wp-content\/uploads\/2021\/01\/ATLAS-OF-PLACES-PIERRE-KOENIG-STAHL-HOUSE-IMG-8-300x238.jpg 300w, https:\/\/maisoncalifornia.fr\/wp-content\/uploads\/2021\/01\/ATLAS-OF-PLACES-PIERRE-KOENIG-STAHL-HOUSE-IMG-8-768x610.jpg 768w, https:\/\/maisoncalifornia.fr\/wp-content\/uploads\/2021\/01\/ATLAS-OF-PLACES-PIERRE-KOENIG-STAHL-HOUSE-IMG-8-1536x1220.jpg 1536w, https:\/\/maisoncalifornia.fr\/wp-content\/uploads\/2021\/01\/ATLAS-OF-PLACES-PIERRE-KOENIG-STAHL-HOUSE-IMG-8-2048x1627.jpg 2048w, https:\/\/maisoncalifornia.fr\/wp-content\/uploads\/2021\/01\/ATLAS-OF-PLACES-PIERRE-KOENIG-STAHL-HOUSE-IMG-8-76x60.jpg 76w, https:\/\/maisoncalifornia.fr\/wp-content\/uploads\/2021\/01\/ATLAS-OF-PLACES-PIERRE-KOENIG-STAHL-HOUSE-IMG-8-113x90.jpg 113w\" sizes=\"auto, (max-width: 1024px) 100vw, 1024px\" \/><\/figure><\/li><li class=\"blocks-gallery-item\"><figure><img loading=\"lazy\" decoding=\"async\" width=\"811\" height=\"1024\" src=\"http:\/\/maisond.cluster024.hosting.ovh.net\/wp-content\/uploads\/2021\/01\/ATLAS-OF-PLACES-PIERRE-KOENIG-STAHL-HOUSE-IMG-6-1-811x1024.jpg\" alt=\"\" data-id=\"1019\" data-full-url=\"http:\/\/maisond.cluster024.hosting.ovh.net\/wp-content\/uploads\/2021\/01\/ATLAS-OF-PLACES-PIERRE-KOENIG-STAHL-HOUSE-IMG-6-1-scaled.jpg\" data-link=\"http:\/\/maisond.cluster024.hosting.ovh.net\/?attachment_id=1019\" class=\"wp-image-1019\" srcset=\"https:\/\/maisoncalifornia.fr\/wp-content\/uploads\/2021\/01\/ATLAS-OF-PLACES-PIERRE-KOENIG-STAHL-HOUSE-IMG-6-1-811x1024.jpg 811w, https:\/\/maisoncalifornia.fr\/wp-content\/uploads\/2021\/01\/ATLAS-OF-PLACES-PIERRE-KOENIG-STAHL-HOUSE-IMG-6-1-600x758.jpg 600w, https:\/\/maisoncalifornia.fr\/wp-content\/uploads\/2021\/01\/ATLAS-OF-PLACES-PIERRE-KOENIG-STAHL-HOUSE-IMG-6-1-238x300.jpg 238w, https:\/\/maisoncalifornia.fr\/wp-content\/uploads\/2021\/01\/ATLAS-OF-PLACES-PIERRE-KOENIG-STAHL-HOUSE-IMG-6-1-768x970.jpg 768w, https:\/\/maisoncalifornia.fr\/wp-content\/uploads\/2021\/01\/ATLAS-OF-PLACES-PIERRE-KOENIG-STAHL-HOUSE-IMG-6-1-1216x1536.jpg 1216w, https:\/\/maisoncalifornia.fr\/wp-content\/uploads\/2021\/01\/ATLAS-OF-PLACES-PIERRE-KOENIG-STAHL-HOUSE-IMG-6-1-1621x2048.jpg 1621w, https:\/\/maisoncalifornia.fr\/wp-content\/uploads\/2021\/01\/ATLAS-OF-PLACES-PIERRE-KOENIG-STAHL-HOUSE-IMG-6-1-48x60.jpg 48w, https:\/\/maisoncalifornia.fr\/wp-content\/uploads\/2021\/01\/ATLAS-OF-PLACES-PIERRE-KOENIG-STAHL-HOUSE-IMG-6-1-71x90.jpg 71w, https:\/\/maisoncalifornia.fr\/wp-content\/uploads\/2021\/01\/ATLAS-OF-PLACES-PIERRE-KOENIG-STAHL-HOUSE-IMG-6-1-scaled.jpg 2027w\" sizes=\"auto, (max-width: 811px) 100vw, 811px\" \/><\/figure><\/li><\/ul><\/figure>\n\n\n\n<p>Elle est notamment c\u00e9l\u00e8bre gr\u00e2ce \u00e0 une des photographies glamours les plus embl\u00e9matiques de Los Angeles, du photographe d\u2019architecture&nbsp;<a href=\"https:\/\/fr.wikipedia.org\/wiki\/Julius_Shulman\">Julius Shulman<\/a>&nbsp;en 1960, montrant deux femmes confortablement assises dans un angle vitr\u00e9 \u00e9clair\u00e9 de la maison, de nuit, vues depuis la piscine ext\u00e9rieur, avec une vue nocturne panoramique exceptionnelle sur&nbsp;<a href=\"https:\/\/fr.wikipedia.org\/wiki\/Los_Angeles\">Los Angeles<\/a>.<\/p>\n\n\n\n<div class=\"wp-block-image\"><figure class=\"aligncenter size-large\"><img loading=\"lazy\" decoding=\"async\" width=\"1024\" height=\"771\" src=\"http:\/\/maisond.cluster024.hosting.ovh.net\/wp-content\/uploads\/2021\/01\/stahlhouse-1024x771.jpg\" alt=\"\" class=\"wp-image-1003\" srcset=\"https:\/\/maisoncalifornia.fr\/wp-content\/uploads\/2021\/01\/stahlhouse-1024x771.jpg 1024w, https:\/\/maisoncalifornia.fr\/wp-content\/uploads\/2021\/01\/stahlhouse-600x452.jpg 600w, https:\/\/maisoncalifornia.fr\/wp-content\/uploads\/2021\/01\/stahlhouse-300x226.jpg 300w, https:\/\/maisoncalifornia.fr\/wp-content\/uploads\/2021\/01\/stahlhouse-768x578.jpg 768w, https:\/\/maisoncalifornia.fr\/wp-content\/uploads\/2021\/01\/stahlhouse-1536x1157.jpg 1536w, https:\/\/maisoncalifornia.fr\/wp-content\/uploads\/2021\/01\/stahlhouse-2048x1542.jpg 2048w, https:\/\/maisoncalifornia.fr\/wp-content\/uploads\/2021\/01\/stahlhouse-80x60.jpg 80w, https:\/\/maisoncalifornia.fr\/wp-content\/uploads\/2021\/01\/stahlhouse-120x90.jpg 120w\" sizes=\"auto, (max-width: 1024px) 100vw, 1024px\" \/><figcaption>Stahl House, Julius Shulman, 1960<\/figcaption><\/figure><\/div>\n\n\n\n<hr class=\"wp-block-separator\"\/>\n\n\n\n<div class=\"wp-block-media-text alignwide has-media-on-the-right is-vertically-aligned-center\"><figure class=\"wp-block-media-text__media\"><a href=\"https:\/\/www.taschen.com\/pages\/fr\/catalogue\/architecture\/all\/49279\/facts.case_study_houses.htm\"><img loading=\"lazy\" decoding=\"async\" width=\"847\" height=\"1024\" src=\"http:\/\/maisond.cluster024.hosting.ovh.net\/wp-content\/uploads\/2021\/01\/arch_case_study_houses_ba_gb_3d_49279_1510221253_id_1007960.png-960x1160-1-847x1024.jpg\" alt=\"\" class=\"wp-image-998 size-large\" srcset=\"https:\/\/maisoncalifornia.fr\/wp-content\/uploads\/2021\/01\/arch_case_study_houses_ba_gb_3d_49279_1510221253_id_1007960.png-960x1160-1-847x1024.jpg 847w, https:\/\/maisoncalifornia.fr\/wp-content\/uploads\/2021\/01\/arch_case_study_houses_ba_gb_3d_49279_1510221253_id_1007960.png-960x1160-1-600x725.jpg 600w, https:\/\/maisoncalifornia.fr\/wp-content\/uploads\/2021\/01\/arch_case_study_houses_ba_gb_3d_49279_1510221253_id_1007960.png-960x1160-1-248x300.jpg 248w, https:\/\/maisoncalifornia.fr\/wp-content\/uploads\/2021\/01\/arch_case_study_houses_ba_gb_3d_49279_1510221253_id_1007960.png-960x1160-1-768x928.jpg 768w, https:\/\/maisoncalifornia.fr\/wp-content\/uploads\/2021\/01\/arch_case_study_houses_ba_gb_3d_49279_1510221253_id_1007960.png-960x1160-1-50x60.jpg 50w, https:\/\/maisoncalifornia.fr\/wp-content\/uploads\/2021\/01\/arch_case_study_houses_ba_gb_3d_49279_1510221253_id_1007960.png-960x1160-1-74x90.jpg 74w, https:\/\/maisoncalifornia.fr\/wp-content\/uploads\/2021\/01\/arch_case_study_houses_ba_gb_3d_49279_1510221253_id_1007960.png-960x1160-1.jpg 960w\" sizes=\"auto, (max-width: 847px) 100vw, 847px\" \/><\/a><\/figure><div class=\"wp-block-media-text__content\">\n<p class=\"has-normal-font-size\">A retrouver dans un joli livre compilation &#8220;Case Study Houses&#8221;, chez Taschen :<\/p>\n<\/div><\/div>\n\n\n\n<p><\/p>\n","protected":false},"excerpt":{"rendered":"<p>Le programme des&nbsp;Case Study Houses, lanc\u00e9 \u00e0 l&#8217;initiative de&nbsp;John Entenza, r\u00e9dacteur en chef de la revue&nbsp;Arts &amp; Architecture, comme une exp\u00e9rience architecturale,&nbsp;a \u00e9t\u00e9 mis en place entre 1945 et 1966 sur la c\u00f4te Ouest des Etats-Unis, principalement autour de Los Angeles, et visait \u00e0 construire des maisons modernes et \u00e9conomiques. Les architectes sollicit\u00e9s sont parmi les plus importants de l&#8217;\u00e9poque&nbsp;:&nbsp;Richard Neutra,&nbsp;Raphael Soriano,&nbsp;Craig Ellwood,&nbsp;Charles&nbsp;et&nbsp;Ray Eames,&nbsp;Pierre Koenig&nbsp;et&nbsp;Eero &hellip; <\/p>\n","protected":false},"author":1,"featured_media":984,"parent":0,"menu_order":0,"comment_status":"closed","ping_status":"closed","template":"","meta":{"jetpack_post_was_ever_published":false,"footnotes":""},"class_list":["post-977","page","type-page","status-publish","has-post-thumbnail","hentry","latest_post"],"jetpack_sharing_enabled":true,"jetpack_shortlink":"https:\/\/wp.me\/PaWNfV-fL","_links":{"self":[{"href":"https:\/\/maisoncalifornia.fr\/index.php?rest_route=\/wp\/v2\/pages\/977","targetHints":{"allow":["GET"]}}],"collection":[{"href":"https:\/\/maisoncalifornia.fr\/index.php?rest_route=\/wp\/v2\/pages"}],"about":[{"href":"https:\/\/maisoncalifornia.fr\/index.php?rest_route=\/wp\/v2\/types\/page"}],"author":[{"embeddable":true,"href":"https:\/\/maisoncalifornia.fr\/index.php?rest_route=\/wp\/v2\/users\/1"}],"replies":[{"embeddable":true,"href":"https:\/\/maisoncalifornia.fr\/index.php?rest_route=%2Fwp%2Fv2%2Fcomments&post=977"}],"version-history":[{"count":18,"href":"https:\/\/maisoncalifornia.fr\/index.php?rest_route=\/wp\/v2\/pages\/977\/revisions"}],"predecessor-version":[{"id":1032,"href":"https:\/\/maisoncalifornia.fr\/index.php?rest_route=\/wp\/v2\/pages\/977\/revisions\/1032"}],"wp:featuredmedia":[{"embeddable":true,"href":"https:\/\/maisoncalifornia.fr\/index.php?rest_route=\/wp\/v2\/media\/984"}],"wp:attachment":[{"href":"https:\/\/maisoncalifornia.fr\/index.php?rest_route=%2Fwp%2Fv2%2Fmedia&parent=977"}],"curies":[{"name":"wp","href":"https:\/\/api.w.org\/{rel}","templated":true}]}}