{"id":954,"date":"2021-01-20T16:54:48","date_gmt":"2021-01-20T15:54:48","guid":{"rendered":"http:\/\/maisond.cluster024.hosting.ovh.net\/?page_id=954"},"modified":"2021-01-20T17:06:58","modified_gmt":"2021-01-20T16:06:58","slug":"home-tour","status":"publish","type":"page","link":"https:\/\/maisoncalifornia.fr\/?page_id=954","title":{"rendered":"Home tour"},"content":{"rendered":"\n<p class=\"has-drop-cap has-text-align-left\">Petit retour sur ce moment de partage autour de la d\u00e9coration, avec la solaire d\u00e9coratrice Julie Guyomard, lors de l&#8217;un de ses home tours, dans notre ancienne maison \u00e0 Marseille. Souvenirs !<\/p>\n\n\n\n<div class=\"wp-block-buttons is-layout-flex wp-block-buttons-is-layout-flex\">\n<div class=\"wp-block-button is-style-outline is-style-outline--1\"><a class=\"wp-block-button__link\">https:\/\/www.proprioo.fr\/blog\/un-air-de-californie\/<\/a><\/div>\n<\/div>\n\n\n\n<p><\/p>\n","protected":false},"excerpt":{"rendered":"<p>Petit retour sur ce moment de partage autour de la d\u00e9coration, avec la solaire d\u00e9coratrice Julie Guyomard, lors de l&#8217;un de ses home tours, dans notre ancienne maison \u00e0 Marseille. Souvenirs !<\/p>\n","protected":false},"author":1,"featured_media":955,"parent":111,"menu_order":0,"comment_status":"closed","ping_status":"closed","template":"","meta":{"jetpack_post_was_ever_published":false,"footnotes":""},"class_list":["post-954","page","type-page","status-publish","has-post-thumbnail","hentry","latest_post"],"jetpack_sharing_enabled":true,"jetpack_shortlink":"https:\/\/wp.me\/PaWNfV-fo","_links":{"self":[{"href":"https:\/\/maisoncalifornia.fr\/index.php?rest_route=\/wp\/v2\/pages\/954","targetHints":{"allow":["GET"]}}],"collection":[{"href":"https:\/\/maisoncalifornia.fr\/index.php?rest_route=\/wp\/v2\/pages"}],"about":[{"href":"https:\/\/maisoncalifornia.fr\/index.php?rest_route=\/wp\/v2\/types\/page"}],"author":[{"embeddable":true,"href":"https:\/\/maisoncalifornia.fr\/index.php?rest_route=\/wp\/v2\/users\/1"}],"replies":[{"embeddable":true,"href":"https:\/\/maisoncalifornia.fr\/index.php?rest_route=%2Fwp%2Fv2%2Fcomments&post=954"}],"version-history":[{"count":3,"href":"https:\/\/maisoncalifornia.fr\/index.php?rest_route=\/wp\/v2\/pages\/954\/revisions"}],"predecessor-version":[{"id":970,"href":"https:\/\/maisoncalifornia.fr\/index.php?rest_route=\/wp\/v2\/pages\/954\/revisions\/970"}],"up":[{"embeddable":true,"href":"https:\/\/maisoncalifornia.fr\/index.php?rest_route=\/wp\/v2\/pages\/111"}],"wp:featuredmedia":[{"embeddable":true,"href":"https:\/\/maisoncalifornia.fr\/index.php?rest_route=\/wp\/v2\/media\/955"}],"wp:attachment":[{"href":"https:\/\/maisoncalifornia.fr\/index.php?rest_route=%2Fwp%2Fv2%2Fmedia&parent=954"}],"curies":[{"name":"wp","href":"https:\/\/api.w.org\/{rel}","templated":true}]}}