{"id":741,"date":"2019-06-19T22:21:53","date_gmt":"2019-06-19T20:21:53","guid":{"rendered":"http:\/\/maisond.cluster024.hosting.ovh.net\/?page_id=741"},"modified":"2019-06-22T10:07:22","modified_gmt":"2019-06-22T08:07:22","slug":"emmy","status":"publish","type":"page","link":"https:\/\/maisoncalifornia.fr\/?page_id=741","title":{"rendered":"Emmy"},"content":{"rendered":"\n<div class=\"wp-block-cover is-layout-flow wp-block-cover-is-layout-flow\" style=\"background-image:url(http:\/\/maisond.cluster024.hosting.ovh.net\/wp-content\/uploads\/2019\/06\/1BD5DE98-D8FF-4332-9AF4-B45ABD49B111.jpeg)\"><p class=\"wp-block-cover-text\"><br><br><br><br><br><br>Emmy&#8217;s favorite place<\/p><\/div>\n\n\n\n<h1 class=\"wp-block-heading\">L\u2019interview d&#8217;Emmy, 37 ans, 2 enfants. D\u2019origine d\u2019Aix-en-Provence. Aux USA depuis 19  ans. Venue apr\u00e8s le lyc\u00e9e pour faire ses \u00e9tudes et y est rest\u00e9e \ud83d\ude42<\/h1>\n\n\n\n<div class=\"wp-block-columns has-2-columns is-layout-flex wp-container-core-columns-is-layout-9d6595d7 wp-block-columns-is-layout-flex\">\n<div class=\"wp-block-column is-layout-flow wp-block-column-is-layout-flow\">\n<h6 class=\"wp-block-heading\">POURQUOI LA CALIFORNIE?&nbsp;DEPUIS COMBIEN DE TEMPS VIVEZ-VOUS EN CALIFORNIE?<\/h6>\n\n\n\n<p class=\"has-drop-cap\">Nous habitions \u00e0 NYC et nous avons eu une opportunit\u00e9 par le biais du travail de mon mari de d\u00e9m\u00e9nager en Californie.<br>Depuis &nbsp;6 semaines apr\u00e8s la naissance de ma fille, il y a donc 5 ans.<\/p>\n\n\n\n<h6 class=\"wp-block-heading\">QUE REPR\u00c9SENTE POUR VOUS LE LIFESTYLE (L\u2019ART DE VIVRE) CALIFORNIEN?&nbsp;<\/h6>\n\n\n\n<blockquote class=\"wp-block-quote is-style-large is-layout-flow wp-block-quote-is-layout-flow\"><p>&#8220;Beaucoup plus zen que NY. On y mange plus sainement, on fait attention \u00e0 son corps et \u00e0 son esprit en Californie&#8221;.<\/p><\/blockquote>\n\n\n\n<h6 class=\"wp-block-heading\">QUELLE EST VOTRE JOURN\u00c9E TYPE EN CALIFORNIE?&nbsp;<\/h6>\n\n\n\n<p>Ayant deux enfants en bas \u00e2ge, la journ\u00e9e type consiste d\u2019\u00e9cole\/cr\u00e8che, boulot, faire \u00e0 manger, laver les enfants, pr\u00e9parer leurs lunchboxes, coucher les enfants, un verre de vin, un bouquin ou un film et dodo. On recommence \u00e7a tous les jours.<\/p>\n\n\n\n<h6 class=\"wp-block-heading\">QUE FAITES-VOUS LE WEEK-END OU DURANT LES P\u00c9RIODES DE VACANCES?&nbsp;<\/h6>\n\n\n\n<p>Plages, road trips \u00e0 San Diego \/ palm springs \/ vegas, ballades \u00e0 v\u00e9lo, randonn\u00e9es, visites de parcs\u2026 en hiver, aller \u00e0 la neige\u2026<\/p>\n\n\n\n<h6 class=\"wp-block-heading\">QUELLE EST VOTRE ACTIVIT\u00c9 FAVORITE (LOISIR OU AUTRE) EN CALIFORNIE?&nbsp;<\/h6>\n\n\n\n<p>\u00catre dehors, manger en terrasse, profiter du beau temps Californien.<\/p>\n\n\n\n<h6 class=\"wp-block-heading\">QUI REPR\u00c9SENTERAIT POUR VOUS LE MIEUX LE LIFESTYLE CALIFORNIEN (PERSONNALIT\u00c9)?&nbsp;<\/h6>\n\n\n\n<p>Outdoors, laid back.<\/p>\n<\/div>\n\n\n\n<div class=\"wp-block-column is-layout-flow wp-block-column-is-layout-flow\">\n<h6 class=\"wp-block-heading\">SI VOUS DEVIEZ RETENIR UN OBJET EMBL\u00c9MATIQUE?&nbsp;<\/h6>\n\n\n\n<p>La planche de surf m\u00eame si je n\u2019en ai jamais fait.<\/p>\n\n\n\n<h6 class=\"wp-block-heading\">SI VOUS DEVIEZ RETENIR UN EMBL\u00c8ME OU UN SITE EMBL\u00c9MATIQUE DE LA CALIFORNIE (FAVORI, EX: MONUMENT, ARCHITECTURE)? <\/h6>\n\n\n\n<p>Lieu: Hermosa Beach<br>Embl\u00e8me: Hollywood sign vu du griffith observatory (je sais c\u2019est clich\u00e9)<\/p>\n\n\n\n<h6 class=\"wp-block-heading\">UN LIVRE? ET UN FILM LE PLUS CULTE\/REPR\u00c9SENTATIF POUR VOUS DE LA CALIFORNIE?&nbsp;<\/h6>\n\n\n\n<p>Livre: la s\u00e9rie Bosch de Connely<br>Film: depuis peu, LaLaLand<\/p>\n\n\n\n<h6 class=\"wp-block-heading\">QU\u2019EST-CE QUE VOUS TROUVEZ EN CALIFORNIE QUE VOUS NE TROUVERIEZ PAS EN FRANCE?&nbsp;<\/h6>\n\n\n\n<p>Des avocats incroyablement bon et une m\u00e9t\u00e9o \u00e0 faire des envieux.&nbsp;<br><\/p>\n\n\n\n<h6 class=\"wp-block-heading\">QU\u2019EST-CE QUE VOUS TROUVEZ EN FRANCE QUE VOUS NE TROUVEZ PAS EN CALIFORNIE?&nbsp;<\/h6>\n\n\n\n<p>Foie gras?<\/p>\n\n\n\n<h6 class=\"wp-block-heading\">QUEL PARALL\u00c8LE ENTRE LA FRANCE ET LA CALIFORNIE?<\/h6>\n\n\n\n<p>On y mange bien\u2026 et on peut y trouver du bon vin.<\/p>\n\n\n\n<h6 class=\"wp-block-heading\">QUELLES SONT VOS BONNES ADRESSES \u00c0 PARTAGER (FOOD, DECO, MODE, BEAUT\u00c9)?&nbsp;<\/h6>\n\n\n\n<p style=\"background-color:#ffacac\" class=\"has-background\"><strong>Le bazaar de Jose Andres<br>La myriade de petits restos fran\u00e7ais<\/strong><\/p>\n\n\n\n<h6 class=\"wp-block-heading\">QU\u2019EST-CE QUE VOUS REGRETTERIEZ SI VOUS QUITTIEZ LA CALIFORNIE?&nbsp;<br><\/h6>\n\n\n\n<p>Le paysage, les collines et la plage et la m\u00e9t\u00e9o.<\/p>\n<\/div>\n<\/div>\n","protected":false},"excerpt":{"rendered":"<p>L\u2019interview d&#8217;Emmy, 37 ans, 2 enfants. D\u2019origine d\u2019Aix-en-Provence. Aux USA depuis 19 ans. Venue apr\u00e8s le lyc\u00e9e pour faire ses \u00e9tudes et y est rest\u00e9e \ud83d\ude42 POURQUOI LA CALIFORNIE?&nbsp;DEPUIS COMBIEN DE TEMPS VIVEZ-VOUS EN CALIFORNIE? Nous habitions \u00e0 NYC et nous avons eu une opportunit\u00e9 par le biais du travail de mon mari de d\u00e9m\u00e9nager en Californie.Depuis &nbsp;6 semaines apr\u00e8s la naissance de ma fille, &hellip; <\/p>\n","protected":false},"author":1,"featured_media":0,"parent":0,"menu_order":0,"comment_status":"closed","ping_status":"closed","template":"","meta":{"jetpack_post_was_ever_published":false,"footnotes":""},"class_list":["post-741","page","type-page","status-publish","hentry","latest_post"],"jetpack_sharing_enabled":true,"jetpack_shortlink":"https:\/\/wp.me\/PaWNfV-bX","_links":{"self":[{"href":"https:\/\/maisoncalifornia.fr\/index.php?rest_route=\/wp\/v2\/pages\/741","targetHints":{"allow":["GET"]}}],"collection":[{"href":"https:\/\/maisoncalifornia.fr\/index.php?rest_route=\/wp\/v2\/pages"}],"about":[{"href":"https:\/\/maisoncalifornia.fr\/index.php?rest_route=\/wp\/v2\/types\/page"}],"author":[{"embeddable":true,"href":"https:\/\/maisoncalifornia.fr\/index.php?rest_route=\/wp\/v2\/users\/1"}],"replies":[{"embeddable":true,"href":"https:\/\/maisoncalifornia.fr\/index.php?rest_route=%2Fwp%2Fv2%2Fcomments&post=741"}],"version-history":[{"count":11,"href":"https:\/\/maisoncalifornia.fr\/index.php?rest_route=\/wp\/v2\/pages\/741\/revisions"}],"predecessor-version":[{"id":813,"href":"https:\/\/maisoncalifornia.fr\/index.php?rest_route=\/wp\/v2\/pages\/741\/revisions\/813"}],"wp:attachment":[{"href":"https:\/\/maisoncalifornia.fr\/index.php?rest_route=%2Fwp%2Fv2%2Fmedia&parent=741"}],"curies":[{"name":"wp","href":"https:\/\/api.w.org\/{rel}","templated":true}]}}