{"id":699,"date":"2019-06-19T17:17:15","date_gmt":"2019-06-19T15:17:15","guid":{"rendered":"http:\/\/maisond.cluster024.hosting.ovh.net\/?page_id=699"},"modified":"2019-06-22T10:04:46","modified_gmt":"2019-06-22T08:04:46","slug":"maryannick","status":"publish","type":"page","link":"https:\/\/maisoncalifornia.fr\/?page_id=699","title":{"rendered":"Maryannick"},"content":{"rendered":"\n<div class=\"wp-block-cover has-right-content is-layout-flow wp-block-cover-is-layout-flow\" style=\"background-image:url(http:\/\/maisond.cluster024.hosting.ovh.net\/wp-content\/uploads\/2019\/06\/75406829-DD54-4DEE-B572-7D0725FF49CA.jpeg)\"><p class=\"wp-block-cover-text\"><br><br><br><br><br><br>Maryannick&#8217;s garden<\/p><\/div>\n\n\n\n<h1 class=\"wp-block-heading\">L&#8217;interview de Maryannick, professeur de fran\u00e7ais dans un lyc\u00e9e am\u00e9ricain.<\/h1>\n\n\n\n<div class=\"wp-block-columns has-2-columns is-layout-flex wp-container-core-columns-is-layout-9d6595d7 wp-block-columns-is-layout-flex\">\n<div class=\"wp-block-column is-layout-flow wp-block-column-is-layout-flow\">\n<h6 class=\"wp-block-heading\">POURQUOI LA CALIFORNIE?&nbsp;DEPUIS COMBIEN DE TEMPS VIVEZ-VOUS EN CALIFORNIE?<\/h6>\n\n\n\n<p class=\"has-drop-cap\">Je suis partie de France en 1986 avec mon mari qui avait un poste a l\u2019Universit\u00e9 d\u2019Arizona. Nous avons d\u00e9m\u00e9nag\u00e9 plusieurs fois en Pennsylvanie, \u00e0 Boston et finalement nous sommes arriv\u00e9s en Californie pour son travail. Tout de suite j\u2019ai trouv\u00e9 un poste de prof et je suis enseignante depuis.<br><\/p>\n\n\n\n<h6 class=\"wp-block-heading\">QUE REPR\u00c9SENTE POUR VOUS LE LIFESTYLE (L\u2019ART DE VIVRE) CALIFORNIEN?&nbsp;<\/h6>\n\n\n\n<p>Le life style Californien , c\u2019est beaucoup travailler et ensuite profiter de l\u2019oc\u00e9an, de la nature, des concerts, des ch\u00e2teaux vinicoles\u2026 C \u2018est aussi avoir l\u2019opportunit\u00e9 de c\u00f4toyer des artistes souvent mondialement connus : acteurs, musiciens, peintres, designers\u2026..<br><\/p>\n\n\n\n<h6 class=\"wp-block-heading\">QUELLE EST VOTRE JOURN\u00c9E TYPE EN CALIFORNIE?&nbsp;<\/h6>\n\n\n\n<p>Ma journ\u00e9e est banale : travail, gym, sortie. Je suis au lyc\u00e9e de 8 heures a 16h . le soir c\u2019est gym, v\u00e9lo ( je suis une cycliste), ou Happy Hour \/ resto avec des amis.&nbsp;<br><\/p>\n\n\n\n<h6 class=\"wp-block-heading\">QUE FAITES-VOUS LE WEEK-END OU DURANT LES P\u00c9RIODES DE VACANCES?&nbsp;<\/h6>\n\n\n\n<p>Le week-end c\u2019est la nature : Sorties a V\u00e9lo, la plage, le surf pour les les surfeurs, les randonn\u00e9es, aller \u00e0 un festival (Il y en a beaucoup. Je reviens du \u00ab&nbsp;OJAI Wine Festival&nbsp;\u00bb sur le lac) , assister \u00e0 un concert dans le parc, ou tout simplement profiter du jardin et du climat fantastique que nous avons.<\/p>\n\n\n\n<blockquote class=\"wp-block-quote is-style-large is-layout-flow wp-block-quote-is-layout-flow\"><p><br>&#8220;Si j\u2019invite des amis nous faisons un barbecue dans le jardin arros\u00e9 de vin californien le plus souvent&#8221;.<\/p><\/blockquote>\n\n\n\n<p>En vacances je voyage le plus possible. En France \u00e9videmment. Cette ann\u00e9e je vais au Mexique avec des amis . La plage mexicaine est \u00e0 2 heures de vol.<br><\/p>\n\n\n\n<h6 class=\"wp-block-heading\">QUELLE EST VOTRE ACTIVIT\u00c9 FAVORITE (LOISIR OU AUTRE) EN CALIFORNIE?&nbsp;<\/h6>\n\n\n\n<p>Mon activit\u00e9 favorite c\u2019est l\u2019activit\u00e9 qui me permet de profiter du beau temps . V\u00e9lo, randonn\u00e9e, bbq, plage, festivals, concerts dans le parc\u2026.<br><\/p>\n<\/div>\n\n\n\n<div class=\"wp-block-column is-layout-flow wp-block-column-is-layout-flow\">\n<h6 class=\"wp-block-heading\">QUI REPR\u00c9SENTERAIT POUR VOUS LE MIEUX LE LIFESTYLE CALIFORNIEN (PERSONNALIT\u00c9)?&nbsp;<\/h6>\n\n\n\n<p>Une personnalit\u00e9 qui repr\u00e9sente le style californien ? Il n\u2019y en a pas. Tout d\u00e9pend de votre niveau de vie. Mon jardinier a surement une autre r\u00e9ponse a vos questions.<br>Jennifer Aniston a aussi d\u2019autres r\u00e9ponses\u2026..<\/p>\n\n\n\n<h6 class=\"wp-block-heading\">SI VOUS DEVIEZ RETENIR UN OBJET EMBL\u00c9MATIQUE?&nbsp;<\/h6>\n\n\n\n<p>Le site embl\u00e9matique de la Californie : Zuma beach<br><\/p>\n\n\n\n<h6 class=\"wp-block-heading\">SI VOUS DEVIEZ RETENIR UN EMBL\u00c8ME OU UN SITE EMBL\u00c9MATIQUE DE LA CALIFORNIE (FAVORI, EX: MONUMENT, ARCHITECTURE)?&nbsp;<\/h6>\n\n\n\n<p>Un embl\u00e8me ? L\u2019avocat\u2026le fruit\u2026.quoique le professionnel marcherait aussi.&nbsp;<br><\/p>\n\n\n\n<h6 class=\"wp-block-heading\">UN LIVRE? ET UN FILM LE PLUS CULTE\/REPR\u00c9SENTATIF POUR VOUS DE LA CALIFORNIE?&nbsp;<\/h6>\n\n\n\n<p>Un film de surf : \u00ab The Endless summer \u00bb et \u00ab Sideways \u00bb about wine tasting.<br><\/p>\n\n\n\n<h6 class=\"wp-block-heading\">QU\u2019EST-CE QUE VOUS TROUVEZ EN CALIFORNIE QUE VOUS NE TROUVERIEZ PAS EN FRANCE?&nbsp;<\/h6>\n\n\n\n<p>Ce que je ne trouve pas en France, et que je regretterais si je partais : Une qualit\u00e9 de vie, le climat, pas de fumeurs, des passionn\u00e9s de sport quotidien, de musique, de nature. Un certain respect du voisin et de la propret\u00e9.<br><\/p>\n\n\n\n<h6 class=\"wp-block-heading\">QU\u2019EST-CE QUE VOUS TROUVEZ EN FRANCE QUE VOUS NE TROUVEZ PAS EN CALIFORNIE?&nbsp;<\/h6>\n\n\n\n<p>En France je trouve mes sources, ma famille, des bons restos pas chers, du vin, de la pluie, de l\u2018art et des vieilles pierres, de l\u2019histoire.<br><\/p>\n\n\n\n<h6 class=\"wp-block-heading\">QUELLES SONT VOS BONNES ADRESSES \u00c0 PARTAGER (FOOD, DECO, MODE, BEAUT\u00c9)?&nbsp;<\/h6>\n\n\n\n<p style=\"background-color:#fbafaf\" class=\"has-background\"><strong>A partager \u00e0 Los Angeles : LACMA est un mus\u00e9e a voir, faire les d\u00e9gustations de vins de Malibu, Calabasas, Thousand Oaks jusqu\u2019\u00e0 Santa Barbara.<br>Je recommande \u00ab The Stonehaus \u00bb \u00e0 Westlake Village pour les repas, le vin, le caf\u00e9, le climat, la musique, les concerts, la fr\u00e9quentation de c\u00e9l\u00e9brit\u00e9s dans une ambiance amicale et festive (\u00ab casual \u00bb en anglais).<\/strong><\/p>\n<\/div>\n<\/div>\n","protected":false},"excerpt":{"rendered":"<p>L&#8217;interview de Maryannick, professeur de fran\u00e7ais dans un lyc\u00e9e am\u00e9ricain. POURQUOI LA CALIFORNIE?&nbsp;DEPUIS COMBIEN DE TEMPS VIVEZ-VOUS EN CALIFORNIE? Je suis partie de France en 1986 avec mon mari qui avait un poste a l\u2019Universit\u00e9 d\u2019Arizona. Nous avons d\u00e9m\u00e9nag\u00e9 plusieurs fois en Pennsylvanie, \u00e0 Boston et finalement nous sommes arriv\u00e9s en Californie pour son travail. Tout de suite j\u2019ai trouv\u00e9 un poste de prof et &hellip; <\/p>\n","protected":false},"author":1,"featured_media":0,"parent":544,"menu_order":0,"comment_status":"closed","ping_status":"closed","template":"","meta":{"jetpack_post_was_ever_published":false,"footnotes":""},"class_list":["post-699","page","type-page","status-publish","hentry","latest_post"],"jetpack_sharing_enabled":true,"jetpack_shortlink":"https:\/\/wp.me\/PaWNfV-bh","_links":{"self":[{"href":"https:\/\/maisoncalifornia.fr\/index.php?rest_route=\/wp\/v2\/pages\/699","targetHints":{"allow":["GET"]}}],"collection":[{"href":"https:\/\/maisoncalifornia.fr\/index.php?rest_route=\/wp\/v2\/pages"}],"about":[{"href":"https:\/\/maisoncalifornia.fr\/index.php?rest_route=\/wp\/v2\/types\/page"}],"author":[{"embeddable":true,"href":"https:\/\/maisoncalifornia.fr\/index.php?rest_route=\/wp\/v2\/users\/1"}],"replies":[{"embeddable":true,"href":"https:\/\/maisoncalifornia.fr\/index.php?rest_route=%2Fwp%2Fv2%2Fcomments&post=699"}],"version-history":[{"count":10,"href":"https:\/\/maisoncalifornia.fr\/index.php?rest_route=\/wp\/v2\/pages\/699\/revisions"}],"predecessor-version":[{"id":812,"href":"https:\/\/maisoncalifornia.fr\/index.php?rest_route=\/wp\/v2\/pages\/699\/revisions\/812"}],"up":[{"embeddable":true,"href":"https:\/\/maisoncalifornia.fr\/index.php?rest_route=\/wp\/v2\/pages\/544"}],"wp:attachment":[{"href":"https:\/\/maisoncalifornia.fr\/index.php?rest_route=%2Fwp%2Fv2%2Fmedia&parent=699"}],"curies":[{"name":"wp","href":"https:\/\/api.w.org\/{rel}","templated":true}]}}