{"id":675,"date":"2019-06-19T16:40:37","date_gmt":"2019-06-19T14:40:37","guid":{"rendered":"http:\/\/maisond.cluster024.hosting.ovh.net\/?page_id=675"},"modified":"2019-06-22T10:04:09","modified_gmt":"2019-06-22T08:04:09","slug":"interview-de-jean-baptiste","status":"publish","type":"page","link":"https:\/\/maisoncalifornia.fr\/?page_id=675","title":{"rendered":"Jean-Baptiste"},"content":{"rendered":"\n<div class=\"wp-block-cover has-right-content is-layout-flow wp-block-cover-is-layout-flow\" style=\"background-image:url(http:\/\/maisond.cluster024.hosting.ovh.net\/wp-content\/uploads\/2019\/06\/B8DEC8C9-E9EB-47AB-AA2F-9C6AD4E1412E.jpeg)\"><p class=\"wp-block-cover-text\"> <br><br><br><br><br><br>Santa Monica Beach<\/p><\/div>\n\n\n\n<h1 class=\"wp-block-heading\">L\u2019interview de Jean-Baptiste, entrepreneur dans les m\u00e9dias.<\/h1>\n\n\n\n<div class=\"wp-block-columns has-2-columns is-layout-flex wp-container-core-columns-is-layout-9d6595d7 wp-block-columns-is-layout-flex\">\n<div class=\"wp-block-column is-layout-flow wp-block-column-is-layout-flow\">\n<h6 class=\"wp-block-heading\">POURQUOI LA CALIFORNIE?&nbsp;DEPUIS COMBIEN DE TEMPS VIVEZ-VOUS EN CALIFORNIE?<\/h6>\n\n\n\n<p class=\"has-drop-cap\">Pour \u00eatre au plus proche des studios de Los Angeles et de l\u2019\u00e9co-syst\u00e8me tech\/entertainment. 4 ans.<br><\/p>\n\n\n\n<h6 class=\"wp-block-heading\">QUE REPR\u00c9SENTE POUR VOUS LE LIFESTYLE (L\u2019ART DE VIVRE) CALIFORNIEN?&nbsp;<\/h6>\n\n\n\n<p>La libert\u00e9 de mouvement et beaucoup beaucoup de travail pour r\u00e9ussir.<\/p>\n\n\n\n<h6 class=\"wp-block-heading\">QUELLE EST VOTRE JOURN\u00c9E TYPE EN CALIFORNIE?&nbsp;<\/h6>\n\n\n\n<p>Justement il n\u2019y a pas de journ\u00e9e type. Vu que je suis ind\u00e9pendant et que j\u2019habite \u00e0 Los Angeles dans une ville qui fait plus de 16 millions d\u2019habitants, mes journ\u00e9es se construisent en fonction de la localisation des rendez-vous que j\u2019ai. J\u2019essaie de grouper les rendez-vous dans un quartier afin de ne pas avoir trop de d\u00e9placement \u00e0 faire.&nbsp;<br><\/p>\n\n\n\n<h6 class=\"wp-block-heading\">QUE FAITES-VOUS LE WEEK-END OU DURANT LES P\u00c9RIODES DE VACANCES?&nbsp;<\/h6>\n\n\n\n<p>En fonction des envies, soit direction l\u2019oc\u00e9an ou les collines et montagne.&nbsp;Parfois aussi des city trips dans le Sud de la Californie mais encore une fois, les distances sont tellement grandes qu\u2019il faut planifier&nbsp;&nbsp;<br><\/p>\n\n\n\n<h6 class=\"wp-block-heading\">QUELLE EST VOTRE ACTIVIT\u00c9 FAVORITE (LOISIR OU AUTRE) EN CALIFORNIE?&nbsp;<\/h6>\n\n\n\n<p>Marcher ! Marcher encore marcher.<\/p>\n\n\n\n<blockquote class=\"wp-block-quote is-style-large is-layout-flow wp-block-quote-is-layout-flow\"><p>&#8220;A Los Angeles, il faudrait toute une vie pour d\u00e9couvrir tous les trails&#8221;. <br><\/p><\/blockquote>\n\n\n\n<h6 class=\"wp-block-heading\">QUI REPR\u00c9SENTERAIT POUR VOUS LE MIEUX LE LIFESTYLE CALIFORNIEN (PERSONNALIT\u00c9)?&nbsp;<\/h6>\n\n\n\n<p>L\u00e8ve t\u00f4t, car il faut pouvoir travailler avec tous les USA (du au d\u00e9calage horaire, style de vie ind\u00e9pendant mais aussi grande ouverture d\u2019esprits par rapport aux immigrants.<\/p>\n<\/div>\n\n\n\n<div class=\"wp-block-column is-layout-flow wp-block-column-is-layout-flow\">\n<h6 class=\"wp-block-heading\">SI VOUS DEVIEZ RETENIR UN OBJET EMBL\u00c9MATIQUE?&nbsp;<\/h6>\n\n\n\n<p>Les chaussures de sport pour les hike.<br><\/p>\n\n\n\n<h6 class=\"wp-block-heading\">SI VOUS DEVIEZ RETENIR UN EMBL\u00c8ME OU UN SITE EMBL\u00c9MATIQUE DE LA CALIFORNIE (FAVORI, EX: MONUMENT, ARCHITECTURE)?&nbsp;<\/h6>\n\n\n\n<p>Le Griffith Observatory \u00e0 LA qui repr\u00e9sente toute une \u00e9poque Art-Deco et qui promet la plus belle vue d\u2019ensemble sur la ville.<br><\/p>\n\n\n\n<h6 class=\"wp-block-heading\">UN LIVRE? ET UN FILM LE PLUS CULTE\/REPR\u00c9SENTATIF POUR VOUS DE LA CALIFORNIE?&nbsp;<\/h6>\n\n\n\n<p>City of Quartz.<\/p>\n\n\n\n<p>Mulholland Drive.<br><\/p>\n\n\n\n<h6 class=\"wp-block-heading\">QU\u2019EST-CE QUE VOUS TROUVEZ EN CALIFORNIE QUE VOUS NE TROUVERIEZ PAS EN FRANCE?&nbsp;<\/h6>\n\n\n\n<p>Les grands espaces et la qualit\u00e9 de la lumi\u00e8re.&nbsp;<br><\/p>\n\n\n\n<h6 class=\"wp-block-heading\">QU\u2019EST-CE QUE VOUS TROUVEZ EN FRANCE QUE VOUS NE TROUVEZ PAS EN CALIFORNIE?&nbsp;<\/h6>\n\n\n\n<p>La chaleur humaine qui manque parfois ici.&nbsp;<br><\/p>\n\n\n\n<h6 class=\"wp-block-heading\">QUELLES SONT VOS BONNES ADRESSES \u00c0 PARTAGER (FOOD, DECO, MODE, BEAUT\u00c9)?&nbsp;<\/h6>\n\n\n\n<p style=\"background-color:#ffa6a6\" class=\"has-background\"><strong>Le resto du chanteur MOBY \u00e0 Silver Lake : Little Pine&nbsp;<\/strong><a rel=\"noreferrer noopener\" href=\"https:\/\/www.littlepinerestaurant.com\/\" target=\"_blank\"><strong>https:\/\/www.littlepinerestaurant.com\/<\/strong><\/a><\/p>\n\n\n\n<h6 class=\"wp-block-heading\" id=\"mce_43\">QUEL PARALLELE ENTRE LA FRANCE ET LA CALIFORNIE ?<\/h6>\n\n\n\n<p>L\u2019amour de la nourriture.<\/p>\n\n\n\n<h6 class=\"wp-block-heading\">QU\u2019EST-CE QUE VOUS REGRETTERIEZ SI VOUS QUITTIEZ LA CALIFORNIE?&nbsp;<br><\/h6>\n\n\n\n<p>La luminosit\u00e9.<\/p>\n<\/div>\n<\/div>\n","protected":false},"excerpt":{"rendered":"<p>L\u2019interview de Jean-Baptiste, entrepreneur dans les m\u00e9dias. POURQUOI LA CALIFORNIE?&nbsp;DEPUIS COMBIEN DE TEMPS VIVEZ-VOUS EN CALIFORNIE? Pour \u00eatre au plus proche des studios de Los Angeles et de l\u2019\u00e9co-syst\u00e8me tech\/entertainment. 4 ans. QUE REPR\u00c9SENTE POUR VOUS LE LIFESTYLE (L\u2019ART DE VIVRE) CALIFORNIEN?&nbsp; La libert\u00e9 de mouvement et beaucoup beaucoup de travail pour r\u00e9ussir. QUELLE EST VOTRE JOURN\u00c9E TYPE EN CALIFORNIE?&nbsp; Justement il n\u2019y a pas &hellip; <\/p>\n","protected":false},"author":1,"featured_media":0,"parent":544,"menu_order":0,"comment_status":"closed","ping_status":"closed","template":"","meta":{"jetpack_post_was_ever_published":false,"footnotes":""},"class_list":["post-675","page","type-page","status-publish","hentry","latest_post"],"jetpack_sharing_enabled":true,"jetpack_shortlink":"https:\/\/wp.me\/PaWNfV-aT","_links":{"self":[{"href":"https:\/\/maisoncalifornia.fr\/index.php?rest_route=\/wp\/v2\/pages\/675","targetHints":{"allow":["GET"]}}],"collection":[{"href":"https:\/\/maisoncalifornia.fr\/index.php?rest_route=\/wp\/v2\/pages"}],"about":[{"href":"https:\/\/maisoncalifornia.fr\/index.php?rest_route=\/wp\/v2\/types\/page"}],"author":[{"embeddable":true,"href":"https:\/\/maisoncalifornia.fr\/index.php?rest_route=\/wp\/v2\/users\/1"}],"replies":[{"embeddable":true,"href":"https:\/\/maisoncalifornia.fr\/index.php?rest_route=%2Fwp%2Fv2%2Fcomments&post=675"}],"version-history":[{"count":10,"href":"https:\/\/maisoncalifornia.fr\/index.php?rest_route=\/wp\/v2\/pages\/675\/revisions"}],"predecessor-version":[{"id":811,"href":"https:\/\/maisoncalifornia.fr\/index.php?rest_route=\/wp\/v2\/pages\/675\/revisions\/811"}],"up":[{"embeddable":true,"href":"https:\/\/maisoncalifornia.fr\/index.php?rest_route=\/wp\/v2\/pages\/544"}],"wp:attachment":[{"href":"https:\/\/maisoncalifornia.fr\/index.php?rest_route=%2Fwp%2Fv2%2Fmedia&parent=675"}],"curies":[{"name":"wp","href":"https:\/\/api.w.org\/{rel}","templated":true}]}}