{"id":33,"date":"2019-04-25T22:02:22","date_gmt":"2019-04-25T20:02:22","guid":{"rendered":"http:\/\/maisond.cluster024.hosting.ovh.net\/?page_id=33"},"modified":"2026-04-11T14:24:37","modified_gmt":"2026-04-11T12:24:37","slug":"shop","status":"publish","type":"page","link":"https:\/\/maisoncalifornia.fr\/","title":{"rendered":"Accueil"},"content":{"rendered":"\n<p><\/p>\n\n\n\n<p class=\"has-black-color has-text-color has-link-color wp-elements-d1ca3e07a5e3befec5f2abd89efd18b6\"><strong>NEW : THE SHOP &amp; THE COFFEE !<\/strong> Maison California &amp; Red Cookie ont \u00e9t\u00e9 pens\u00e9s comme un lieu de vie et de partage, o\u00f9 vous retrouverez un espace concept-store multi-marques et notre Coffee shop &#8220;Red Cookie&#8221; avec boissons bio, p\u00e2tisseries maison, brunch et lunch.<\/p>\n\n\n\n<p class=\"has-black-color has-text-color has-link-color wp-elements-fab8ec9731f5b2e93ed2694dd01f4900\">Alors venez nous rejoindre au <strong>190 rue du G\u00e9n\u00e9ral de Gaulle \u00e0 Saint-Gilles les Bains, La R\u00e9union<\/strong>.<\/p>\n\n\n\n<p>Californiament, <\/p>\n\n\n\n<p>Sophie<\/p>\n\n\n\n<div class=\"wp-block-group\"><div class=\"wp-block-group__inner-container is-layout-constrained wp-block-group-is-layout-constrained\">\n<div class=\"wp-block-columns is-layout-flex wp-container-core-columns-is-layout-9d6595d7 wp-block-columns-is-layout-flex\">\n<div class=\"wp-block-column is-vertically-aligned-center is-layout-flow wp-block-column-is-layout-flow\" style=\"flex-basis:100%\">\n<figure class=\"wp-block-gallery has-nested-images columns-default is-cropped wp-block-gallery-1 is-layout-flex wp-block-gallery-is-layout-flex\">\n<figure class=\"wp-block-image size-large is-style-rounded\"><img loading=\"lazy\" decoding=\"async\" width=\"683\" height=\"1024\" data-id=\"3311\" src=\"https:\/\/maisoncalifornia.fr\/wp-content\/uploads\/2025\/09\/img_4244-1-683x1024.jpg\" alt=\"\" class=\"wp-image-3311\" srcset=\"https:\/\/maisoncalifornia.fr\/wp-content\/uploads\/2025\/09\/img_4244-1-683x1024.jpg 683w, https:\/\/maisoncalifornia.fr\/wp-content\/uploads\/2025\/09\/img_4244-1-200x300.jpg 200w, https:\/\/maisoncalifornia.fr\/wp-content\/uploads\/2025\/09\/img_4244-1-768x1151.jpg 768w, https:\/\/maisoncalifornia.fr\/wp-content\/uploads\/2025\/09\/img_4244-1-1025x1536.jpg 1025w, https:\/\/maisoncalifornia.fr\/wp-content\/uploads\/2025\/09\/img_4244-1-40x60.jpg 40w, https:\/\/maisoncalifornia.fr\/wp-content\/uploads\/2025\/09\/img_4244-1-600x900.jpg 600w, https:\/\/maisoncalifornia.fr\/wp-content\/uploads\/2025\/09\/img_4244-1.jpg 1334w\" sizes=\"auto, (max-width: 683px) 100vw, 683px\" \/><\/figure>\n<\/figure>\n<\/div>\n<\/div>\n<\/div><\/div>\n\n\n\n<div style=\"height:52px\" aria-hidden=\"true\" class=\"wp-block-spacer\"><\/div>\n\n\n<div class=\"wp-block-image\">\n<figure class=\"aligncenter size-full is-resized\"><img loading=\"lazy\" decoding=\"async\" width=\"1024\" height=\"96\" src=\"https:\/\/maisoncalifornia.fr\/wp-content\/uploads\/2024\/04\/3-3.png\" alt=\"\" class=\"wp-image-2114\" style=\"width:2048px\" srcset=\"https:\/\/maisoncalifornia.fr\/wp-content\/uploads\/2024\/04\/3-3.png 1024w, https:\/\/maisoncalifornia.fr\/wp-content\/uploads\/2024\/04\/3-3-300x28.png 300w, https:\/\/maisoncalifornia.fr\/wp-content\/uploads\/2024\/04\/3-3-768x72.png 768w, https:\/\/maisoncalifornia.fr\/wp-content\/uploads\/2024\/04\/3-3-600x56.png 600w, https:\/\/maisoncalifornia.fr\/wp-content\/uploads\/2024\/04\/3-3-190x18.png 190w, https:\/\/maisoncalifornia.fr\/wp-content\/uploads\/2024\/04\/3-3-750x70.png 750w\" sizes=\"auto, (max-width: 1024px) 100vw, 1024px\" \/><\/figure><\/div>\n\n<div class=\"wp-block-image\">\n<figure class=\"aligncenter size-full is-resized\"><img loading=\"lazy\" decoding=\"async\" width=\"1024\" height=\"96\" src=\"https:\/\/maisoncalifornia.fr\/wp-content\/uploads\/2024\/04\/4-3.png\" alt=\"\" class=\"wp-image-2115\" style=\"width:2048px\" srcset=\"https:\/\/maisoncalifornia.fr\/wp-content\/uploads\/2024\/04\/4-3.png 1024w, https:\/\/maisoncalifornia.fr\/wp-content\/uploads\/2024\/04\/4-3-300x28.png 300w, https:\/\/maisoncalifornia.fr\/wp-content\/uploads\/2024\/04\/4-3-768x72.png 768w, https:\/\/maisoncalifornia.fr\/wp-content\/uploads\/2024\/04\/4-3-600x56.png 600w, https:\/\/maisoncalifornia.fr\/wp-content\/uploads\/2024\/04\/4-3-190x18.png 190w, https:\/\/maisoncalifornia.fr\/wp-content\/uploads\/2024\/04\/4-3-750x70.png 750w\" sizes=\"auto, (max-width: 1024px) 100vw, 1024px\" \/><\/figure><\/div>\n\n<div class=\"wp-block-image\">\n<figure class=\"aligncenter size-full is-resized\"><img loading=\"lazy\" decoding=\"async\" width=\"1024\" height=\"96\" src=\"https:\/\/maisoncalifornia.fr\/wp-content\/uploads\/2024\/04\/1.png\" alt=\"\" class=\"wp-image-2108\" style=\"width:2048px\" srcset=\"https:\/\/maisoncalifornia.fr\/wp-content\/uploads\/2024\/04\/1.png 1024w, https:\/\/maisoncalifornia.fr\/wp-content\/uploads\/2024\/04\/1-300x28.png 300w, https:\/\/maisoncalifornia.fr\/wp-content\/uploads\/2024\/04\/1-768x72.png 768w, https:\/\/maisoncalifornia.fr\/wp-content\/uploads\/2024\/04\/1-600x56.png 600w, https:\/\/maisoncalifornia.fr\/wp-content\/uploads\/2024\/04\/1-190x18.png 190w, https:\/\/maisoncalifornia.fr\/wp-content\/uploads\/2024\/04\/1-750x70.png 750w\" sizes=\"auto, (max-width: 1024px) 100vw, 1024px\" \/><\/figure><\/div>\n\n<div class=\"wp-block-image\">\n<figure class=\"aligncenter size-full is-resized\"><img loading=\"lazy\" decoding=\"async\" width=\"1024\" height=\"96\" src=\"https:\/\/maisoncalifornia.fr\/wp-content\/uploads\/2024\/04\/5-2.png\" alt=\"\" class=\"wp-image-2116\" style=\"width:2048px\" srcset=\"https:\/\/maisoncalifornia.fr\/wp-content\/uploads\/2024\/04\/5-2.png 1024w, https:\/\/maisoncalifornia.fr\/wp-content\/uploads\/2024\/04\/5-2-300x28.png 300w, https:\/\/maisoncalifornia.fr\/wp-content\/uploads\/2024\/04\/5-2-768x72.png 768w, https:\/\/maisoncalifornia.fr\/wp-content\/uploads\/2024\/04\/5-2-600x56.png 600w, https:\/\/maisoncalifornia.fr\/wp-content\/uploads\/2024\/04\/5-2-190x18.png 190w, https:\/\/maisoncalifornia.fr\/wp-content\/uploads\/2024\/04\/5-2-750x70.png 750w\" sizes=\"auto, (max-width: 1024px) 100vw, 1024px\" \/><\/figure><\/div>\n\n<div class=\"wp-block-image\">\n<figure class=\"aligncenter size-full is-resized\"><img loading=\"lazy\" decoding=\"async\" width=\"1024\" height=\"96\" src=\"https:\/\/maisoncalifornia.fr\/wp-content\/uploads\/2024\/04\/2-1.png\" alt=\"\" class=\"wp-image-2113\" style=\"width:2048px\" srcset=\"https:\/\/maisoncalifornia.fr\/wp-content\/uploads\/2024\/04\/2-1.png 1024w, https:\/\/maisoncalifornia.fr\/wp-content\/uploads\/2024\/04\/2-1-300x28.png 300w, https:\/\/maisoncalifornia.fr\/wp-content\/uploads\/2024\/04\/2-1-768x72.png 768w, https:\/\/maisoncalifornia.fr\/wp-content\/uploads\/2024\/04\/2-1-600x56.png 600w, https:\/\/maisoncalifornia.fr\/wp-content\/uploads\/2024\/04\/2-1-190x18.png 190w, https:\/\/maisoncalifornia.fr\/wp-content\/uploads\/2024\/04\/2-1-750x70.png 750w\" sizes=\"auto, (max-width: 1024px) 100vw, 1024px\" \/><\/figure><\/div>\n\n<div class=\"wp-block-image\">\n<figure class=\"aligncenter size-full is-resized\"><img loading=\"lazy\" decoding=\"async\" width=\"2000\" height=\"373\" src=\"https:\/\/maisoncalifornia.fr\/wp-content\/uploads\/2024\/08\/741ba921-9db0-4647-b1c6-8f095400f1c2.png-2-1.jpg\" alt=\"\" class=\"wp-image-3209\" style=\"width:2048px\" srcset=\"https:\/\/maisoncalifornia.fr\/wp-content\/uploads\/2024\/08\/741ba921-9db0-4647-b1c6-8f095400f1c2.png-2-1.jpg 2000w, https:\/\/maisoncalifornia.fr\/wp-content\/uploads\/2024\/08\/741ba921-9db0-4647-b1c6-8f095400f1c2.png-2-1-300x56.jpg 300w, https:\/\/maisoncalifornia.fr\/wp-content\/uploads\/2024\/08\/741ba921-9db0-4647-b1c6-8f095400f1c2.png-2-1-1024x191.jpg 1024w, https:\/\/maisoncalifornia.fr\/wp-content\/uploads\/2024\/08\/741ba921-9db0-4647-b1c6-8f095400f1c2.png-2-1-768x143.jpg 768w, https:\/\/maisoncalifornia.fr\/wp-content\/uploads\/2024\/08\/741ba921-9db0-4647-b1c6-8f095400f1c2.png-2-1-1536x286.jpg 1536w, https:\/\/maisoncalifornia.fr\/wp-content\/uploads\/2024\/08\/741ba921-9db0-4647-b1c6-8f095400f1c2.png-2-1-322x60.jpg 322w, https:\/\/maisoncalifornia.fr\/wp-content\/uploads\/2024\/08\/741ba921-9db0-4647-b1c6-8f095400f1c2.png-2-1-600x112.jpg 600w\" sizes=\"auto, (max-width: 2000px) 100vw, 2000px\" \/><\/figure><\/div>\n\n\n<figure class=\"wp-block-image size-full is-resized\"><img loading=\"lazy\" decoding=\"async\" width=\"2000\" height=\"350\" src=\"https:\/\/maisoncalifornia.fr\/wp-content\/uploads\/2025\/09\/60521c28-e7f7-4967-9803-5245d6fc3d69-1.png\" alt=\"\" class=\"wp-image-3441\" style=\"width:2048px\" srcset=\"https:\/\/maisoncalifornia.fr\/wp-content\/uploads\/2025\/09\/60521c28-e7f7-4967-9803-5245d6fc3d69-1.png 2000w, https:\/\/maisoncalifornia.fr\/wp-content\/uploads\/2025\/09\/60521c28-e7f7-4967-9803-5245d6fc3d69-1-300x53.png 300w, https:\/\/maisoncalifornia.fr\/wp-content\/uploads\/2025\/09\/60521c28-e7f7-4967-9803-5245d6fc3d69-1-1024x179.png 1024w, https:\/\/maisoncalifornia.fr\/wp-content\/uploads\/2025\/09\/60521c28-e7f7-4967-9803-5245d6fc3d69-1-768x134.png 768w, https:\/\/maisoncalifornia.fr\/wp-content\/uploads\/2025\/09\/60521c28-e7f7-4967-9803-5245d6fc3d69-1-1536x269.png 1536w, https:\/\/maisoncalifornia.fr\/wp-content\/uploads\/2025\/09\/60521c28-e7f7-4967-9803-5245d6fc3d69-1-343x60.png 343w, https:\/\/maisoncalifornia.fr\/wp-content\/uploads\/2025\/09\/60521c28-e7f7-4967-9803-5245d6fc3d69-1-600x105.png 600w\" sizes=\"auto, (max-width: 2000px) 100vw, 2000px\" \/><\/figure>\n\n\n\n<div class=\"wp-block-buttons is-content-justification-center is-layout-flex wp-container-core-buttons-is-layout-16018d1d wp-block-buttons-is-layout-flex\">\n<div class=\"wp-block-button is-style-outline is-style-outline--2\"><a class=\"wp-block-button__link has-text-align-center wp-element-button\" href=\"https:\/\/maisoncalifornia.fr\/?page_id=2523\">D\u00e9couvrir nos collections<\/a><\/div>\n<\/div>\n\n\n\n<div style=\"height:100px\" aria-hidden=\"true\" class=\"wp-block-spacer\"><\/div>\n\n\n\n<hr class=\"wp-block-separator has-alpha-channel-opacity\"\/>\n\n\n\n<h2 class=\"wp-block-heading has-text-align-center has-light-green-cyan-color has-text-color has-link-color wp-elements-9c63a4ba8680cac80dea85f20635c331\">Nos cr\u00e9ations textiles sont \u00e9thiques et \u00e9co-responsables :<\/h2>\n\n\n\n<ul class=\"wp-block-list\">\n<li><strong>Mat\u00e9riaux durables<\/strong> : nous utilisons des mati\u00e8res naturelles certifi\u00e9es <strong>GOTS<\/strong> (garantit la culture biologique du coton et assure sa tra\u00e7abilit\u00e9), <strong>OEKO-TEX<\/strong> (\u00e9valuant l&#8217;absence de substances nocives dans les mati\u00e8res), <strong>PETA<\/strong> (garantit une mati\u00e8re 100% vegan et sans aucun test sur les animaux) garantissant des produits respectueux de votre peau et de l&#8217;environnement. Nos T-shirts sont <strong>100%<\/strong> coton bio, nos sweatshirts sont \u00e0 85% coton bio + 15% polyester recycl\u00e9. Notre fournisseur de coton est \u00e9galement membre de la <strong>Fair Wear Foundation<\/strong> dont le label certifie le respect des travailleurs et la lutte contre l&#8217;exploitation des enfants, mais aussi de l&#8217;organisation Textile Exchange encourageant la transformation de l&#8217;industrie !<\/li>\n<\/ul>\n\n\n\n<p><\/p>\n\n\n\n<ul class=\"wp-block-list has-light-green-cyan-color has-text-color has-link-color wp-elements-b92ed83b8a9f0ceb44f2278d1ff3f5db\">\n<li><strong>Emballages \u00e9cologiques<\/strong> : nous avons fait le choix de n&#8217;utiliser aucun emballage plastique ni \u00e9tiquette cartonn\u00e9e destin\u00e9e \u00e0 \u00eatre directement jet\u00e9e une fois votre achat r\u00e9alis\u00e9. Nous pr\u00e9f\u00e9rons vous offrir \u00e0 la place un joli sticker exclusif so Cali Vibes !<\/li>\n<\/ul>\n\n\n\n<p><\/p>\n\n\n\n<ul class=\"wp-block-list\">\n<li><strong>Capsules en petite s\u00e9rie<\/strong> : Maison California vous propose seulement deux collections par an, privil\u00e9giant les valeurs de la slow fashion (la qualit\u00e9 plut\u00f4t que la quantit\u00e9), pour \u00e9viter surproduction et surconsommation et vous permettre de vous offrir des pi\u00e8ces exclusives dont certaines d\u00e9lav\u00e9es sont uniques !<\/li>\n<\/ul>\n\n\n\n<p><\/p>\n\n\n\n<ul class=\"wp-block-list\">\n<li><strong>Made in France<\/strong> : Maison California est une marque fran\u00e7aise ; la conception est r\u00e9alis\u00e9e sur l&#8217;Ile de la R\u00e9union et la confection dans notre petit atelier en France.<\/li>\n<\/ul>\n","protected":false},"excerpt":{"rendered":"<p>NEW : THE SHOP &amp; THE COFFEE ! Maison California &amp; Red Cookie ont \u00e9t\u00e9 pens\u00e9s comme un lieu de vie et de partage, o\u00f9 vous retrouverez un espace concept-store multi-marques et notre Coffee shop &#8220;Red Cookie&#8221; avec boissons bio, p\u00e2tisseries maison, brunch et lunch. Alors venez nous rejoindre au 190 rue du G\u00e9n\u00e9ral de Gaulle \u00e0 Saint-Gilles les Bains, La R\u00e9union. Californiament, Sophie Nos &hellip; <\/p>\n","protected":false},"author":1,"featured_media":0,"parent":0,"menu_order":0,"comment_status":"closed","ping_status":"closed","template":"","meta":{"jetpack_post_was_ever_published":true,"footnotes":""},"class_list":["post-33","page","type-page","status-publish","hentry","latest_post"],"jetpack_sharing_enabled":true,"jetpack_shortlink":"https:\/\/wp.me\/PaWNfV-x","_links":{"self":[{"href":"https:\/\/maisoncalifornia.fr\/index.php?rest_route=\/wp\/v2\/pages\/33","targetHints":{"allow":["GET"]}}],"collection":[{"href":"https:\/\/maisoncalifornia.fr\/index.php?rest_route=\/wp\/v2\/pages"}],"about":[{"href":"https:\/\/maisoncalifornia.fr\/index.php?rest_route=\/wp\/v2\/types\/page"}],"author":[{"embeddable":true,"href":"https:\/\/maisoncalifornia.fr\/index.php?rest_route=\/wp\/v2\/users\/1"}],"replies":[{"embeddable":true,"href":"https:\/\/maisoncalifornia.fr\/index.php?rest_route=%2Fwp%2Fv2%2Fcomments&post=33"}],"version-history":[{"count":65,"href":"https:\/\/maisoncalifornia.fr\/index.php?rest_route=\/wp\/v2\/pages\/33\/revisions"}],"predecessor-version":[{"id":3589,"href":"https:\/\/maisoncalifornia.fr\/index.php?rest_route=\/wp\/v2\/pages\/33\/revisions\/3589"}],"wp:attachment":[{"href":"https:\/\/maisoncalifornia.fr\/index.php?rest_route=%2Fwp%2Fv2%2Fmedia&parent=33"}],"curies":[{"name":"wp","href":"https:\/\/api.w.org\/{rel}","templated":true}]}}