{"id":3,"date":"2019-04-25T18:15:36","date_gmt":"2019-04-25T16:15:36","guid":{"rendered":"http:\/\/maisond.cluster024.hosting.ovh.net\/?page_id=3"},"modified":"2024-05-02T11:19:56","modified_gmt":"2024-05-02T09:19:56","slug":"politique-de-confidentialite","status":"publish","type":"page","link":"https:\/\/maisoncalifornia.fr\/?page_id=3","title":{"rendered":"Politique de confidentialit\u00e9"},"content":{"rendered":"\n<h2 class=\"wp-block-heading\">Qui sommes-nous&nbsp;?<\/h2>\n\n\n\n<p>L\u2019adresse de notre site Web est&nbsp;: http:\/\/maisoncalifornia.fr<\/p>\n\n\n\n<h2 class=\"wp-block-heading\">Utilisation des donn\u00e9es personnelles collect\u00e9es<\/h2>\n\n\n\n<h3 class=\"wp-block-heading\">Commentaires<\/h3>\n\n\n\n<p>Quand vous laissez un commentaire sur notre site web, les donn\u00e9es inscrites dans le formulaire de commentaire, mais aussi votre adresse IP et l\u2019agent utilisateur de votre navigateur sont collect\u00e9s pour nous aider \u00e0 la d\u00e9tection des commentaires ind\u00e9sirables.<\/p>\n\n\n\n<p>Une cha\u00eene anonymis\u00e9e cr\u00e9\u00e9e \u00e0 partir de votre adresse de messagerie (\u00e9galement appel\u00e9e hash) peut \u00eatre envoy\u00e9e au service Gravatar pour v\u00e9rifier si vous utilisez ce dernier. Apr\u00e8s validation de votre commentaire, votre photo de profil sera visible publiquement \u00e0 cot\u00e9 de votre commentaire.<\/p>\n\n\n\n<h3 class=\"wp-block-heading\">M\u00e9dias<\/h3>\n\n\n\n<p>Si vous \u00eates un utilisateur ou une utilisatrice enregistr\u00e9\u00b7e et que vous t\u00e9l\u00e9versez des images sur le site web, nous vous conseillons d\u2019\u00e9viter de t\u00e9l\u00e9verser des images contenant des donn\u00e9es EXIF de coordonn\u00e9es GPS. Les visiteurs de votre site web peuvent t\u00e9l\u00e9charger et extraire des donn\u00e9es de localisation depuis ces images.<\/p>\n\n\n\n<h3 class=\"wp-block-heading\">Formulaires de contact<\/h3>\n\n\n\n<p>Lors du remplissage du formulaire de contact, sont collect\u00e9s vos nom, pr\u00e9nom, adresse \u00e9lectronique, num\u00e9ro de t\u00e9l\u00e9phone, adresse postale et message.&nbsp;<\/p>\n\n\n\n<h3 class=\"wp-block-heading\">Cookies<\/h3>\n\n\n\n<p>Si vous d\u00e9posez un commentaire sur notre site, il vous sera propos\u00e9 d\u2019enregistrer votre nom, adresse de messagerie et site web dans des cookies. C\u2019est uniquement pour votre confort afin de ne pas avoir \u00e0 saisir ces informations si vous d\u00e9posez un autre commentaire plus tard. Ces cookies expirent au bout d\u2019un an.<\/p>\n\n\n\n<p>Si vous avez un compte et que vous vous connectez sur ce site, un cookie temporaire sera cr\u00e9\u00e9 afin de d\u00e9terminer si votre navigateur accepte les cookies. Il ne contient pas de donn\u00e9es personnelles et sera supprim\u00e9 automatiquement \u00e0 la fermeture de votre navigateur.<\/p>\n\n\n\n<p>Lorsque vous vous connecterez, nous mettrons en place un certain nombre de cookies pour enregistrer vos informations de connexion et vos pr\u00e9f\u00e9rences d\u2019\u00e9cran. La dur\u00e9e de vie d\u2019un cookie de connexion est de deux jours, celle d\u2019un cookie d\u2019option d\u2019\u00e9cran est d\u2019un an. Si vous cochez \u00ab&nbsp;Se souvenir de moi&nbsp;\u00bb, votre cookie de connexion sera conserv\u00e9 pendant deux semaines. Si vous vous d\u00e9connectez de votre compte, le cookie de connexion sera effac\u00e9.<\/p>\n\n\n\n<p>En modifiant ou en publiant une publication, un cookie suppl\u00e9mentaire sera enregistr\u00e9 dans votre navigateur. Ce cookie ne comprend aucune donn\u00e9e personnelle. Il indique simplement l\u2019ID de la publication que vous venez de modifier. Il expire au bout d\u2019un jour.<\/p>\n\n\n\n<h3 class=\"wp-block-heading\">Contenu embarqu\u00e9 depuis d\u2019autres sites<\/h3>\n\n\n\n<p>Les articles de ce site peuvent inclure des contenus int\u00e9gr\u00e9s (par exemple des vid\u00e9os, images, articles\u2026). Le contenu int\u00e9gr\u00e9 depuis d\u2019autres sites se comporte de la m\u00eame mani\u00e8re que si le visiteur se rendait sur cet autre site.<\/p>\n\n\n\n<p>Ces sites web pourraient collecter des donn\u00e9es sur vous, utiliser des cookies, embarquer des outils de suivis tiers, suivre vos interactions avec ces contenus embarqu\u00e9s si vous disposez d\u2019un compte connect\u00e9 sur leur site web.<\/p>\n\n\n\n<h3 class=\"wp-block-heading\">Statistiques et mesures d\u2019audience<\/h3>\n\n\n\n<p>Nous recueillons, utilisons et partageons \u00e9galement des donn\u00e9es agr\u00e9g\u00e9es telles que des donn\u00e9es statistiques ou d\u00e9mographiques quel qu\u2019en soit l\u2019usage. Les donn\u00e9es agr\u00e9g\u00e9es peuvent provenir de vos informations personnelles mais ne sont pas concern\u00e9es comme telles par la loi car ces donn\u00e9es ne r\u00e9v\u00e8lent pas directement votre identit\u00e9. Par exemple, nous pouvons agr\u00e9ger vos donn\u00e9es d\u2019utilisation afin de calculer le pourcentage d\u2019utilisateurs qui acc\u00e8dent \u00e0 une fonctionnalit\u00e9 sp\u00e9cifique du site.<\/p>\n\n\n\n<h2 class=\"wp-block-heading\">Utilisation et transmission de vos donn\u00e9es personnelles<\/h2>\n\n\n\n<h2 class=\"wp-block-heading\">Dur\u00e9es de stockage de vos donn\u00e9es<\/h2>\n\n\n\n<p>Si vous laissez un commentaire, le commentaire et ses m\u00e9tadonn\u00e9es sont conserv\u00e9s ind\u00e9finiment. Cela permet de reconna\u00eetre et approuver automatiquement les commentaires suivants au lieu de les laisser dans la file de mod\u00e9ration.<\/p>\n\n\n\n<p>Pour les utilisateurs et utilisatrices qui s\u2019enregistrent sur notre site (si cela est possible), nous stockons \u00e9galement les donn\u00e9es personnelles indiqu\u00e9es dans leur profil. Tous les utilisateurs et utilisatrices peuvent voir, modifier ou supprimer leurs informations personnelles \u00e0 tout moment (\u00e0 l\u2019exception de leur nom d\u2019utilisateur\u00b7ice). Les gestionnaires du site peuvent aussi voir et modifier ces informations.<\/p>\n\n\n\n<h2 class=\"wp-block-heading\">Les droits que vous avez sur vos donn\u00e9es<\/h2>\n\n\n\n<p>Si vous avez un compte ou si vous avez laiss\u00e9 des commentaires sur le site, vous pouvez demander \u00e0 recevoir un fichier contenant toutes les donn\u00e9es personnelles que nous poss\u00e9dons \u00e0 votre sujet, incluant celles que vous nous avez fournies. Vous pouvez \u00e9galement demander la suppression des donn\u00e9es personnelles vous concernant. Cela ne prend pas en compte les donn\u00e9es stock\u00e9es \u00e0 des fins administratives, l\u00e9gales ou pour des raisons de s\u00e9curit\u00e9.<\/p>\n\n\n\n<p>La section suivante pr\u00e9sente les droits que vous pouvez exercer. Ces diff\u00e9rents droits ne sont pas absolus et chacun de ces droits est soumis \u00e0 certaines conditions conform\u00e9ment au RGPD et \u00e0 d&#8217;autres dispositions g\u00e9n\u00e9rales applicables des diff\u00e9rentes lois sur la protection des donn\u00e9es personnelles.<\/p>\n\n\n\n<ul class=\"wp-block-list\">\n<li><strong>Le droit d&#8217;\u00eatre inform\u00e9<\/strong>&nbsp;\u2013 vous avez le droit de recevoir des informations claires, transparentes et facilement compr\u00e9hensibles sur la fa\u00e7on dont nous utilisons vos Donn\u00e9es Personnelles. C&#8217;est pourquoi nous vous fournissons les informations contenues dans cette Politique de Confidentialit\u00e9 et dans toutes les mentions l\u00e9gales ou conditions g\u00e9n\u00e9rales qui vous sont transmises.<\/li>\n<\/ul>\n\n\n\n<p><\/p>\n\n\n\n<ul class=\"wp-block-list\">\n<li><strong>Le droit d&#8217;acc\u00e8s<\/strong>&nbsp;&#8211; vous avez le droit d&#8217;obtenir de notre part la confirmation que vos Donn\u00e9es Personnelles sont ou non trait\u00e9es par nous, ainsi que certaines autres informations (similaires \u00e0 celles fournies dans la pr\u00e9sente Politique de Confidentialit\u00e9) sur la mani\u00e8re dont elles sont utilis\u00e9es. Vous avez \u00e9galement le droit d&#8217;acc\u00e9der \u00e0 vos Donn\u00e9es Personnelles, en demandant une copie des Donn\u00e9es Personnelles vous concernant. Cela vous permet de savoir et de v\u00e9rifier que nous utilisons vos informations conform\u00e9ment aux lois sur la protection des donn\u00e9es. Nous pouvons refuser de fournir des informations lorsque cela peut r\u00e9v\u00e9ler des Donn\u00e9es Personnelles sur une autre personne ou affecter n\u00e9gativement les droits d&#8217;une autre personne.<\/li>\n<\/ul>\n\n\n\n<p><\/p>\n\n\n\n<ul class=\"wp-block-list\">\n<li><strong>Le droit de rectification<\/strong>&nbsp;&#8211; vous pouvez nous demander de prendre des mesures pour corriger vos Donn\u00e9es Personnelles si elles sont inexactes ou incompl\u00e8tes (par exemple, si nous avons le mauvais nom ou la mauvaise adresse).<\/li>\n<\/ul>\n\n\n\n<p><\/p>\n\n\n\n<ul class=\"wp-block-list\">\n<li><strong>Le droit \u00e0 l&#8217;effacement<\/strong>&nbsp;&#8211; aussi connu sous le nom de &#8221; droit \u00e0 l&#8217;oubli &#8220;, ce droit vous permet, en termes simples, &nbsp;de demander l&#8217;effacement ou la suppression de vos Donn\u00e9es Personnelles lorsque, par exemple, il n&#8217;y a aucune raison imp\u00e9rieuse pour nous de continuer \u00e0 les utiliser ou leur utilisation est ill\u00e9gale. Il ne s&#8217;agit toutefois pas d&#8217;un droit g\u00e9n\u00e9ral \u00e0 l&#8217;effacement et il existe quelques exceptions, par exemple lorsque nous devons utiliser les informations pour d\u00e9fendre une action en justice ou pour \u00eatre en mesure de respecter une obligation l\u00e9gale.<\/li>\n<\/ul>\n\n\n\n<p><\/p>\n\n\n\n<ul class=\"wp-block-list\">\n<li><strong>Le droit de limiter le traitement<\/strong>&nbsp;&#8211; vous avez le droit de &#8220;bloquer&#8221; ou d&#8217;emp\u00eacher l&#8217;utilisation ult\u00e9rieure de vos Donn\u00e9es Personnelles lorsque nous \u00e9valuons une demande de rectification ou comme alternative \u00e0 l&#8217;effacement. Lorsque le traitement est limit\u00e9, nous pouvons toujours conserver vos Donn\u00e9es Personnelles, mais nous ne pouvons pas les utiliser davantage.<\/li>\n<\/ul>\n\n\n\n<p><\/p>\n\n\n\n<ul class=\"wp-block-list\">\n<li><strong>Le droit \u00e0 la portabilit\u00e9 des donn\u00e9es<\/strong>&nbsp;&#8211; vous avez le droit d&#8217;obtenir et de r\u00e9utiliser certaines Donn\u00e9es Personnelles pour vos propres besoins dans diff\u00e9rentes soci\u00e9t\u00e9s (qui sont des responsables de traitement de donn\u00e9es distincts). Ceci ne s&#8217;applique qu&#8217;aux Donn\u00e9es Personnelles que vous nous avez fournies, que nous traitons avec votre consentement et \u00e0 des fins d&#8217;ex\u00e9cution du contrat, qui sont trait\u00e9es par des moyens automatis\u00e9s. Dans ce cas, nous vous fournirons une copie de vos donn\u00e9es dans un format structur\u00e9, couramment utilis\u00e9 et lisible par une machine ou (lorsque cela est techniquement possible) nous pourrons transmettre vos donn\u00e9es directement \u00e0 autre responsable de traitement.<\/li>\n<\/ul>\n\n\n\n<p><\/p>\n\n\n\n<ul class=\"wp-block-list\">\n<li><strong>Le droit d&#8217;opposition<\/strong>&nbsp;&#8211; vous avez le droit de vous opposer \u00e0 certains types de traitement, pour des raisons li\u00e9es \u00e0 votre situation particuli\u00e8re, \u00e0 tout moment. Nous serons autoris\u00e9s \u00e0 continuer \u00e0 traiter les Donn\u00e9es Personnelles si nous pouvons d\u00e9montrer que le traitement est justifi\u00e9 par des raisons imp\u00e9rieuses et l\u00e9gitimes qui l&#8217;emportent sur vos int\u00e9r\u00eats, vos droits et libert\u00e9s ou si nous en avons besoin pour l&#8217;\u00e9tablissement, l&#8217;exercice ou la d\u00e9fense d&#8217;actions en justice. Si vous vous opposez au traitement de vos Donn\u00e9es Personnelles \u00e0 des fins de marketing direct, nous ne traiterons plus vos Donn\u00e9es Personnelles \u00e0 de telles fins.<\/li>\n<\/ul>\n\n\n\n<p><\/p>\n\n\n\n<ul class=\"wp-block-list\">\n<li><strong>Le droit de retirer votre consentement<\/strong>&nbsp;&#8211; lorsque nous traitons vos Donn\u00e9es Personnelles sur la base de votre consentement, vous avez le droit de retirer votre consentement \u00e0 tout moment. Toutefois, un tel retrait n&#8217;affecte pas la lic\u00e9it\u00e9 du traitement qui a eu lieu avant ce retrait.<\/li>\n<\/ul>\n\n\n\n<p><\/p>\n\n\n\n<ul class=\"wp-block-list\">\n<li><strong>Le droit de nous fournir des directives sur l&#8217;utilisation de vos Donn\u00e9es Personnelles apr\u00e8s votre d\u00e9c\u00e8s<\/strong>&nbsp;&#8211; vous avez le droit de nous fournir des instructions sur la gestion (par exemple, la conservation, l&#8217;effacement et la divulgation) de vos donn\u00e9es apr\u00e8s votre d\u00e9c\u00e8s. Vous pouvez modifier ou r\u00e9voquer vos instructions \u00e0 tout moment.<\/li>\n<\/ul>\n\n\n\n<h2 class=\"wp-block-heading\">Transmission de vos donn\u00e9es personnelles<\/h2>\n\n\n\n<p>Les commentaires des visiteurs peuvent \u00eatre v\u00e9rifi\u00e9s \u00e0 l\u2019aide d\u2019un service automatis\u00e9 de d\u00e9tection des commentaires ind\u00e9sirables.<\/p>\n\n\n\n<h2 class=\"wp-block-heading\">Informations de contact<\/h2>\n\n\n\n<p>Si vous souhaitez obtenir de plus amples informations, si vous souhaitez exercer l&#8217;un des droits ci-dessus, ou si vous n&#8217;\u00eates pas satisfait de la mani\u00e8re dont nous avons trait\u00e9 vos Donn\u00e9es Personnelles, vous pouvez nous contacter ici : letsgetboho@gmail.com <\/p>\n\n\n\n<h2 class=\"wp-block-heading\">Informations suppl\u00e9mentaires<\/h2>\n\n\n\n<h3 class=\"wp-block-heading\">Comment nous prot\u00e9geons vos donn\u00e9es<\/h3>\n\n\n\n<p>Nous reconnaissons que vos Donn\u00e9es Personnelles peuvent \u00eatre confidentielles. Nous pr\u00e9serverons la confidentialit\u00e9 et prot\u00e9gerons vos Donn\u00e9es Personnelles conform\u00e9ment \u00e0 notre Politique de Confidentialit\u00e9 et \u00e0 toutes les lois applicables, y compris le R\u00e8glement g\u00e9n\u00e9ral sur la protection des donn\u00e9es 2016\/679 (&#8220;RGPD&#8221;).<\/p>\n\n\n\n<p>Nous avons mis en place des mesures de s\u00e9curit\u00e9 technologiques et op\u00e9rationnelles afin de prot\u00e9ger vos Donn\u00e9es Personnelles contre la perte, la mauvaise utilisation, l&#8217;alt\u00e9ration non autoris\u00e9e ou la destruction. Ces mesures comprennent l&#8217;utilisation de pare-feu, le chiffrement, des processus appropri\u00e9s de gestion des droits d&#8217;acc\u00e8s, la s\u00e9lection minutieuse des sous-traitants et d&#8217;autres mesures techniquement et commercialement raisonnables pour assurer une protection appropri\u00e9e de vos Donn\u00e9es Personnelles. Le cas \u00e9ch\u00e9ant, nous pouvons \u00e9galement faire des copies de sauvegarde et utiliser d&#8217;autres moyens pour \u00e9viter que vos Donn\u00e9es Personnelles ne soient accidentellement endommag\u00e9es ou d\u00e9truites. Ces mesures garantissent un niveau de s\u00e9curit\u00e9 appropri\u00e9 par rapport aux risques inh\u00e9rents au traitement et \u00e0 la nature des Donn\u00e9es Personnelles \u00e0 prot\u00e9ger.<\/p>\n\n\n\n<p>Veuillez noter toutefois que lorsque vous nous transmettez des informations sur Internet, nous ne pouvons jamais garantir que ces informations sont s\u00e9curis\u00e9es \u00e0 100 %. Pour tous les paiements que vous nous ferez en ligne, nous utiliserons un syst\u00e8me de paiement en ligne s\u00e9curis\u00e9 et reconnu.<\/p>\n\n\n\n<p>Nous vous informerons rapidement en cas de violation de vos Donn\u00e9es Personnelles qui pourrait vous exposer \u00e0 un risque s\u00e9rieux.<\/p>\n","protected":false},"excerpt":{"rendered":"<p>Qui sommes-nous&nbsp;? L\u2019adresse de notre site Web est&nbsp;: http:\/\/maisoncalifornia.fr Utilisation des donn\u00e9es personnelles collect\u00e9es Commentaires Quand vous laissez un commentaire sur notre site web, les donn\u00e9es inscrites dans le formulaire de commentaire, mais aussi votre adresse IP et l\u2019agent utilisateur de votre navigateur sont collect\u00e9s pour nous aider \u00e0 la d\u00e9tection des commentaires ind\u00e9sirables. Une cha\u00eene anonymis\u00e9e cr\u00e9\u00e9e \u00e0 partir de votre adresse de messagerie &hellip; <\/p>\n","protected":false},"author":1,"featured_media":0,"parent":0,"menu_order":0,"comment_status":"closed","ping_status":"open","template":"","meta":{"jetpack_post_was_ever_published":false,"footnotes":""},"class_list":["post-3","page","type-page","status-publish","hentry","latest_post"],"jetpack_sharing_enabled":true,"jetpack_shortlink":"https:\/\/wp.me\/PaWNfV-3","_links":{"self":[{"href":"https:\/\/maisoncalifornia.fr\/index.php?rest_route=\/wp\/v2\/pages\/3","targetHints":{"allow":["GET"]}}],"collection":[{"href":"https:\/\/maisoncalifornia.fr\/index.php?rest_route=\/wp\/v2\/pages"}],"about":[{"href":"https:\/\/maisoncalifornia.fr\/index.php?rest_route=\/wp\/v2\/types\/page"}],"author":[{"embeddable":true,"href":"https:\/\/maisoncalifornia.fr\/index.php?rest_route=\/wp\/v2\/users\/1"}],"replies":[{"embeddable":true,"href":"https:\/\/maisoncalifornia.fr\/index.php?rest_route=%2Fwp%2Fv2%2Fcomments&post=3"}],"version-history":[{"count":7,"href":"https:\/\/maisoncalifornia.fr\/index.php?rest_route=\/wp\/v2\/pages\/3\/revisions"}],"predecessor-version":[{"id":2878,"href":"https:\/\/maisoncalifornia.fr\/index.php?rest_route=\/wp\/v2\/pages\/3\/revisions\/2878"}],"wp:attachment":[{"href":"https:\/\/maisoncalifornia.fr\/index.php?rest_route=%2Fwp%2Fv2%2Fmedia&parent=3"}],"curies":[{"name":"wp","href":"https:\/\/api.w.org\/{rel}","templated":true}]}}