{"id":2890,"date":"2024-05-04T14:19:22","date_gmt":"2024-05-04T12:19:22","guid":{"rendered":"https:\/\/maisoncalifornia.fr\/?page_id=2890"},"modified":"2024-11-25T08:35:12","modified_gmt":"2024-11-25T07:35:12","slug":"conditions-generales-dutilisation","status":"publish","type":"page","link":"https:\/\/maisoncalifornia.fr\/?page_id=2890","title":{"rendered":"Conditions g\u00e9n\u00e9rales d&#8217;utilisation"},"content":{"rendered":"\n<p><\/p>\n\n\n\n<p><strong>Objet du site&nbsp;<\/strong><\/p>\n\n\n\n<p>MAISON CALIFORNIA propose des services de design d&#8217;int\u00e9rieur dans la partie d\u00e9nomm\u00e9e &#8220;studio&#8221; et une boutique en ligne lifestyle dans la partie d\u00e9nomm\u00e9e &#8220;shop&#8221; (collections textiles, accessoires, photographie et papeterie). <\/p>\n\n\n\n<p><strong>Informations pr\u00e9alables \u00e0 l\u2019attention des utilisateurs<\/strong><\/p>\n\n\n\n<p>Par la consultation et l\u2019utilisation du site www.maisoncalifornia.fr, l\u2019utilisateur accepte et reconna\u00eet les pr\u00e9sentes conditions g\u00e9n\u00e9rales d\u2019utilisation applicables \u00e0 ce site. L\u2019utilisateur est inform\u00e9 que MAISON CALIFORNIA est susceptible de modifier et mettre \u00e0 jour les pr\u00e9sentes conditions g\u00e9n\u00e9rales d\u2019utilisation. L\u2019utilisateur s\u2019engage donc \u00e0 se tenir r\u00e9guli\u00e8rement inform\u00e9 des \u00e9ventuelles modifications des pr\u00e9sentes conditions g\u00e9n\u00e9rales d\u2019utilisation du site www.maisoncalifornia.fr<\/p>\n\n\n\n<p><strong>Conditions d\u2019utilisation du site&nbsp;<\/strong><\/p>\n\n\n\n<p>Le site www.maisoncalifornia.fr permet aux utilisateurs d\u2019acc\u00e9der \u00e0 plusieurs services de MAISON CALIFORNIA, d\u2019op\u00e9rer des d\u00e9marches aupr\u00e8s de cette derni\u00e8re ou de lui poser des questions par voie \u00e9lectronique.&nbsp;<\/p>\n\n\n\n<p><strong>Politique d\u2019utilisation des cookies&nbsp;<\/strong><\/p>\n\n\n\n<p>L\u2019acc\u00e8s \u00e0 certains contenus du site www.maisoncalifornia.fr suppose que vous nous transmettiez des donn\u00e9es personnelles vous concernant. Lorsque vous naviguez sur notre site internet, ces informations sont susceptibles d\u2019\u00eatre enregistr\u00e9es, ou lues, dans votre terminal.&nbsp;<\/p>\n\n\n\n<p><strong>Responsabilit\u00e9 quant au fonctionnement du site&nbsp;<\/strong><\/p>\n\n\n\n<p>La continuit\u00e9 des services fournis par le site www.maisoncalifornia.fr est en principe assur\u00e9e sous r\u00e9serve des \u00e9ventuelles d\u00e9faillances r\u00e9sultant des fournisseurs d\u2019acc\u00e8s \u00e0 Internet et\/ou de celles pouvant perturber ou interrompre la connexion au r\u00e9seau ou au site.<br \/>Les \u00e9ventuelles difficult\u00e9s d\u2019acc\u00e8s au site pouvant r\u00e9sulter de diverses d\u00e9faillances du r\u00e9seau Internet (r\u00e9sultant des fournisseurs d\u2019acc\u00e8s, des difficult\u00e9s de connexion ou autres) ne sauraient engager la responsabilit\u00e9 de MAISON CALIFORNIA.<br \/>L\u2019utilisateur est \u00e9galement inform\u00e9 que les informations et autres donn\u00e9es fournies par MAISON CALIFORNIA sur le site www.maisoncalifornia.fr pr\u00e9sentent un caract\u00e8re purement indicatif et ne rev\u00eatent aucune valeur contractuelle. Ces donn\u00e9es et informations ne sauraient engager la responsabilit\u00e9 de MAISON CALIFORNIA et peuvent \u00e0 tout moment \u00eatre actualis\u00e9es ou supprim\u00e9es \u00e0 son initiative.&nbsp;<\/p>\n\n\n\n<p><strong>Responsabilit\u00e9 quant \u00e0 l\u2019utilisation du site&nbsp;<\/strong><\/p>\n\n\n\n<p><strong>Engagements g\u00e9n\u00e9raux des utilisateurs&nbsp;<\/strong><\/p>\n\n\n\n<p>L\u2019utilisateur accepte les sp\u00e9cificit\u00e9s propres \u00e0 l\u2019utilisation d\u2019Internet :&nbsp;<\/p>\n\n\n\n<ul class=\"wp-block-list\">\n<li>Il reconna\u00eet que MAISON CALIFORNIA n\u2019effectue aucun contr\u00f4le sur les sites dont il n\u2019est pas l\u2019auteur&nbsp;<\/li>\n\n\n\n<li>Il est responsable du contenu des donn\u00e9es personnelles qu\u2019il communique sur le site www.maisoncalifornia.fr<\/li>\n\n\n\n<li>Il engage sa seule responsabilit\u00e9 sur le site, les donn\u00e9es qu\u2019il accepte de communiquer et les t\u00e9l\u00e9chargements qu\u2019il effectue<\/li>\n<\/ul>\n\n\n\n<p>Par l\u2019utilisation du site www.maisoncalifornia.fr, l\u2019utilisateur s\u2019engage \u00e0 :&nbsp;<\/p>\n\n\n\n<ul class=\"wp-block-list\">\n<li>Respecter les l\u00e9gislations fran\u00e7aise, communautaire et europ\u00e9enne applicables<\/li>\n\n\n\n<li>Ne pas faire une utilisation du site contraire \u00e0 l\u2019ordre public et aux bonnes moeurs&nbsp;<\/li>\n\n\n\n<li>S\u2019abstenir de collecter, fournir et\/ou enregistrer des informations personnelles d\u2019un autre utilisateur<\/li>\n\n\n\n<li>Ne pas porter pr\u00e9judice aux autres utilisateurs<\/li>\n\n\n\n<li>Fournir des informations exactes et v\u00e9ridiques dans le cadre d\u2019une simple demande d\u2019informations suppl\u00e9mentaires via le formulaire de contact (Nom, Pr\u00e9nom, Adresse Email)<\/li>\n<\/ul>\n\n\n\n<p>L\u2019attention de l\u2019utilisateur est plus particuli\u00e8rement attir\u00e9e sur le fait qu\u2019il engage sa responsabilit\u00e9 par l\u2019utilisation qu\u2019il fait du site www.maisoncalifornia.fr. Il est ainsi juridiquement responsable des dommages de toute nature r\u00e9sultant de son utilisation du site et particuli\u00e8rement de l\u2019usage frauduleux des donn\u00e9es disponibles sur celui-ci.<br \/>La responsabilit\u00e9 de MAISON CALIFORNIA ne saurait \u00eatre engag\u00e9e du fait des donn\u00e9es que l\u2019utilisateur transmet sur le site www.maisoncalifornia.fr.<br \/>MAISON CALIFORNIA se r\u00e9serve la possibilit\u00e9 de supprimer ou modifier tout contenu ou tout \u00e9l\u00e9ment d\u2019information fournis par l\u2019utilisateur, qui appara\u00eetrait en contradiction avec les pr\u00e9sentes conditions g\u00e9n\u00e9rales d\u2019utilisation et seraient notamment ill\u00e9gaux, inappropri\u00e9s et\/ou discriminatoires.<br \/>L\u2019attention de l\u2019utilisateur est attir\u00e9e sur la circonstance que tout agissement en violation de la l\u00e9gislation applicable est susceptible de donner lieu \u00e0 un signalement aupr\u00e8s des autorit\u00e9s comp\u00e9tentes.&nbsp;<\/p>\n\n\n\n<p><strong>Engagements de MAISON CALIFORNIA<\/strong><\/p>\n\n\n\n<p>MAISON CALIFORNIA s\u2019engage \u00e0 respecter les dispositions l\u00e9gales en mati\u00e8re de protection des donn\u00e9es personnelles (R\u00e8glement UE 2016\/679 relatif \u00e0 la protection des donn\u00e9es \u00e0 caract\u00e8re personnel dit \u201cRPGD\u201d et Loi Informatique et Libert\u00e9s du 6 janvier 1978 modifi\u00e9e)<br \/>MAISON CALIFORNIA prendra toutes les pr\u00e9cautions utiles afin de garantir la confidentialit\u00e9 et la s\u00e9curit\u00e9 des informations personnelles que lui transmettent les utilisateurs du site www.maisoncalifornia.fr.<\/p>\n\n\n\n<p><strong>Propri\u00e9t\u00e9 intellectuelle&nbsp;<\/strong><\/p>\n\n\n\n<p>Le site, son contenu et toutes les donn\u00e9es et \u00e9l\u00e9ments le constituant sont des cr\u00e9ations prot\u00e9g\u00e9es par les dispositions du Code de la Propri\u00e9t\u00e9 Intellectuelle, notamment celles relatives \u00e0 la propri\u00e9t\u00e9 litt\u00e9raire et artistique, aux droits d\u2019auteur, aux droits des marques et \u00e0 la protection des bases de donn\u00e9es.<br \/>MAISON CALIFORNIA est titulaire de l\u2019int\u00e9gralit\u00e9 des droits de propri\u00e9t\u00e9 intellectuelle et\/ou obtenu les licences et droits d\u2019exploitation au titre des droits d\u2019auteur, du droit des dessins et mod\u00e8les, du droit des marques ou du droit des bases de donn\u00e9es.<br \/>Le site, comme les logiciels, bases de donn\u00e9es, images, textes, illustrations, informations, analyses, tableaux, graphismes, photographies, sons, animations, vid\u00e9os, logos, marques, signes distinctifs ou toutes autres donn\u00e9es ou \u00e9l\u00e9ments le composant sont la propri\u00e9t\u00e9 exclusive de MAISON CALIFORNIA, ou le cas \u00e9ch\u00e9ant, des auteurs avec lesquels MAISON CALIFORNIA a conclu un accord d\u2019utilisation.<br \/>Ils ne peuvent, en cons\u00e9quence, \u00eatre reproduits, repr\u00e9sent\u00e9s ou diffus\u00e9s sous quelque forme ou quelque support que ce soit sans l\u2019autorisation pr\u00e9alable, expr\u00e8s et \u00e9crite de MAISON CALIFORNIA. Pour obtenir cette autorisation, il convient de contacter MAISON CALIFORNIA \u00e0 l&#8217;adresse suivante : letsgetboho@gmail.com<\/p>\n\n\n\n<p><strong>Politique de confidentialit\u00e9&nbsp;<\/strong><\/p>\n\n\n\n<p>L\u2019utilisateur peut demander \u00e0 MAISON CALIFORNIA, via le formulaire de contact, d\u2019 avoir acc\u00e8s aux donn\u00e9es collect\u00e9es. L\u2019utilisateur peut \u00e9galement demander la rectification de ses informations ainsi que la suppression.<br \/>MAISON CALIFORNIA ne collecte que les noms, pr\u00e9noms et adresses mail des utilisateurs, dans le cadre unique o\u00f9 ses derniers auraient proc\u00e9d\u00e9 \u00e0 une demande d\u2019informations via le formulaire de contact.<br \/>Ces donn\u00e9es seront conserv\u00e9es aussi longtemps que n\u00e9cessaire pour la fourniture des services vis\u00e9s pour une dur\u00e9e l\u00e9gale de 5 ans.<br \/>Le traitement des informations personnelles est n\u00e9cessaire pour l\u2019ex\u00e9cution des obligations contractuelles ainsi que pour fournir les services demand\u00e9s, notamment, la demande d\u2019informations.<br \/>MAISON CALIFORNIA ne proc\u00e8de ni \u00e0 la location, ni \u00e0 la vente, ni au partage des informations fournies lors de l\u2019envoi du formulaire de contact servant \u00e0 recevoir de plus amples informations. La seule raison pour laquelle MAISON CALIFORNIA pourrait utiliser ces donn\u00e9es est le fait de recontacter par mail l\u2019utilisateur qui de son gr\u00e9 \u00e0 envoyer via le formulaire de contact, une demande d\u2019informations suppl\u00e9mentaires.<br \/>MAISON CALIFORNIA accorde une grande importance \u00e0 la mise en \u0153uvre et au maintien de la s\u00e9curit\u00e9 du site et des informations de l\u2019utilisateur. Bien que des mesures raisonnables soient mises en \u0153uvre pour prot\u00e9ger les informations, MAISON CALIFORNIA ne peut \u00eatre tenu responsable des actes de personnes qui obtiennent un acc\u00e8s non autoris\u00e9 ou absent de son site, et n\u2019offre aucune garantie formelle, implicite ou autre, d\u2019emp\u00eacher un tel acc\u00e8s.<br \/>MAISON CALIFORNIA reconna\u00eet l\u2019importance de la protection des renseignements personnels des mineurs, en particulier dans un environnement en ligne. Le site n\u2019a pas \u00e9t\u00e9 con\u00e7u pour \u00eatre utilis\u00e9 par ces derniers. En aucun cas MAISON CALIFORNIA autorise l\u2019utilisation de ses services par les mineurs sans le consentement ou l\u2019autorisation pr\u00e9alable d\u2019un parent ou d\u2019un tuteur l\u00e9gal. MAISON CALIFORNIA ne collecte pas sciemment d\u2019informations personnelles aupr\u00e8s des mineurs. Si un parent s\u2019aper\u00e7oit que son enfant a fourni des informations personnelles sans son consentement (ou si un tuteur l\u00e9gal se rend compte que le mineur dont il a la responsabilit\u00e9 a fourni des informations personnelles sans son consentement) il ou elle doit contacter \u00e0 l\u2019adresse suivante :&nbsp; letsgetboho@gmail.com <\/p>\n\n\n\n<p><strong>Mises \u00e0 jour ou modifications des Conditions G\u00e9n\u00e9rales<\/strong><\/p>\n\n\n\n<p>MAISON CALIFORNIA se r\u00e9serve le droit de modifier ou de r\u00e9viser p\u00e9riodiquement les Conditions G\u00e9n\u00e9rales. Les changements mat\u00e9riels entreront en vigueur d\u00e8s l\u2019affichage de ces derni\u00e8res r\u00e9vis\u00e9es. L\u2019utilisation continue de la part de l\u2019utilisateur suite la notification de la modification, constitue la reconnaissance et l\u2019acceptation desdites modifications de la part de l\u2019utilisateur et son consentement \u00e0 les respecter.&nbsp;<\/p>\n","protected":false},"excerpt":{"rendered":"<p>Objet du site&nbsp; MAISON CALIFORNIA propose des services de design d&#8217;int\u00e9rieur dans la partie d\u00e9nomm\u00e9e &#8220;studio&#8221; et une boutique en ligne lifestyle dans la partie d\u00e9nomm\u00e9e &#8220;shop&#8221; (collections textiles, accessoires, photographie et papeterie). Informations pr\u00e9alables \u00e0 l\u2019attention des utilisateurs Par la consultation et l\u2019utilisation du site www.maisoncalifornia.fr, l\u2019utilisateur accepte et reconna\u00eet les pr\u00e9sentes conditions g\u00e9n\u00e9rales d\u2019utilisation applicables \u00e0 ce site. L\u2019utilisateur est inform\u00e9 que MAISON &hellip; <\/p>\n","protected":false},"author":1,"featured_media":0,"parent":0,"menu_order":0,"comment_status":"closed","ping_status":"closed","template":"","meta":{"jetpack_post_was_ever_published":false,"footnotes":""},"class_list":["post-2890","page","type-page","status-publish","hentry","latest_post"],"jetpack_sharing_enabled":true,"jetpack_shortlink":"https:\/\/wp.me\/PaWNfV-KC","_links":{"self":[{"href":"https:\/\/maisoncalifornia.fr\/index.php?rest_route=\/wp\/v2\/pages\/2890","targetHints":{"allow":["GET"]}}],"collection":[{"href":"https:\/\/maisoncalifornia.fr\/index.php?rest_route=\/wp\/v2\/pages"}],"about":[{"href":"https:\/\/maisoncalifornia.fr\/index.php?rest_route=\/wp\/v2\/types\/page"}],"author":[{"embeddable":true,"href":"https:\/\/maisoncalifornia.fr\/index.php?rest_route=\/wp\/v2\/users\/1"}],"replies":[{"embeddable":true,"href":"https:\/\/maisoncalifornia.fr\/index.php?rest_route=%2Fwp%2Fv2%2Fcomments&post=2890"}],"version-history":[{"count":2,"href":"https:\/\/maisoncalifornia.fr\/index.php?rest_route=\/wp\/v2\/pages\/2890\/revisions"}],"predecessor-version":[{"id":3248,"href":"https:\/\/maisoncalifornia.fr\/index.php?rest_route=\/wp\/v2\/pages\/2890\/revisions\/3248"}],"wp:attachment":[{"href":"https:\/\/maisoncalifornia.fr\/index.php?rest_route=%2Fwp%2Fv2%2Fmedia&parent=2890"}],"curies":[{"name":"wp","href":"https:\/\/api.w.org\/{rel}","templated":true}]}}