{"id":26,"date":"2019-04-25T22:02:22","date_gmt":"2019-04-25T20:02:22","guid":{"rendered":"http:\/\/maisond.cluster024.hosting.ovh.net\/?page_id=26"},"modified":"2024-05-01T09:08:47","modified_gmt":"2024-05-01T07:08:47","slug":"a-propos-de","status":"publish","type":"page","link":"https:\/\/maisoncalifornia.fr\/?page_id=26","title":{"rendered":"Notre histoire"},"content":{"rendered":"\n<p class=\"has-text-align-center has-medium-font-size\"><em>Notre histoire, c&#8217;est avant une histoire de coup de coeur pour la Californie&#8230; D\u00e9couvrez les inspirations et notes de Sophie, fondatrice de Maison California, pour mieux comprendre les origines et inspirations de l&#8217;univers MC. <\/em><\/p>\n\n\n\n<p class=\"has-text-align-center has-black-color has-text-color has-link-color has-medium-font-size wp-elements-9e8c4d3de2ffeafa4a9193b43597aca9\"><strong>Pourquoi la Californie ?<\/strong><\/p>\n\n\n\n<p class=\"has-text-align-center has-medium-font-size\">Pour la vie en bord de plage &amp; d&#8217;oc\u00e9an&#8230;<\/p>\n\n\n\n<p class=\"has-text-align-center has-medium-font-size\">Pour le lifestyle californien, une vie simple \u00ab simple life \u00bb, une vie de plage \u00ab beach life \u00bb, une vie saine \u00ab healthy life \u00bb, une vie sous le soleil avec des good vibes, une bonne \u00e9nergie. <\/p>\n\n\n\n<p class=\"has-text-align-center has-medium-font-size\">Tout y semble possible.<\/p>\n\n\n\n<p><\/p>\n\n\n\n<p class=\"has-text-align-center has-black-color has-text-color has-link-color has-medium-font-size wp-elements-959ff9eb1038cf73beee66841ad83b83\"><strong>Quelle est votre journ\u00e9e type en Californie ?<\/strong><\/p>\n\n\n\n<p class=\"has-text-align-center has-medium-font-size\">Prendre un caf\u00e9 au corner pr\u00e8s de la plage, \u00e0 Venice Beach, regarder les premiers surfeurs se mettre \u00e0 l&#8217;eau, les boutiques ouvrir, les artistes s\u2019installer, puis prendre la voiture pour aller d\u00e9couvrir un autre quartier de L.A (c\u2019est tellement immense!), parfois un mus\u00e9e, manger un burger pour le d\u00e9jeuner (tradition am\u00e9ricaine oblige!), puis retourner vers Santa Monica pour un shopping en fin de journ\u00e9e. Et finir la soir\u00e9e par un drink sur l\u2019un des rooftops de la ville.<\/p>\n\n\n\n<p><\/p>\n\n\n\n<p class=\"has-text-align-center has-medium-font-size\"><strong>Que faites-vous le week-end ou durant les p\u00e9riodes de vacances ?<\/strong><\/p>\n\n\n\n<p class=\"has-text-align-center has-medium-font-size\">Explorer la Californie, Palms Spring \u00e0 2 heures de L.A., les parcs nationaux (comme Joshua Tree). Et pourquoi pas San Diego?<\/p>\n\n\n\n<div style=\"height:36px\" aria-hidden=\"true\" class=\"wp-block-spacer\"><\/div>\n\n\n\n<blockquote class=\"wp-block-quote has-text-align-center is-layout-flow wp-block-quote-is-layout-flow\">\n<p class=\"has-large-font-size\"><strong>&#8220;Prendre des photos, la Californie, une source in\u00e9puisable d\u2019inspirations !&#8221;<\/strong><\/p>\n<\/blockquote>\n\n\n\n<div class=\"wp-block-buttons is-content-justification-center is-layout-flex wp-container-core-buttons-is-layout-16018d1d wp-block-buttons-is-layout-flex\">\n<div class=\"wp-block-button is-style-outline is-style-outline--1\"><a class=\"wp-block-button__link has-text-align-center wp-element-button\" href=\"https:\/\/maisoncalifornia.fr\/?product_cat=photography\">Explorer notre galerie<\/a><\/div>\n<\/div>\n\n\n\n<div style=\"height:81px\" aria-hidden=\"true\" class=\"wp-block-spacer\"><\/div>\n\n\n\n<p class=\"has-text-align-center has-black-color has-text-color has-link-color has-medium-font-size wp-elements-120ab8a69d3980cee1f3d8eafc5544aa\"><strong>Qui repr\u00e9senterait pour vous le mieux le lifestyle californien (personnalit\u00e9) ?<\/strong><\/p>\n\n\n\n<p class=\"has-text-align-center has-medium-font-size\">Anine Bing ou Halley Elefante (thesaltyblonde).<\/p>\n\n\n\n<p class=\"has-text-align-center has-black-color has-text-color has-link-color has-medium-font-size wp-elements-d37e8cb22cfa51ee657367bf8fc11ab9\"><strong>Si vous deviez retenir un objet embl\u00e9matique ?<\/strong><\/p>\n\n\n\n<p class=\"has-text-align-center has-medium-font-size\">Les v\u00e9los \u00e0 r\u00e9trop\u00e9dalage, couleurs pastels, sur Venice Beach.<\/p>\n\n\n\n<p class=\"has-text-align-center has-black-color has-text-color has-link-color has-medium-font-size wp-elements-4dab4d1565a289c6f3f856a5c5c2beab\"><strong>Si vous deviez retenir un embl\u00e8me ou un site embl\u00e9matique de la Californie (favori, ex: monument, architecture) ?<\/strong><\/p>\n\n\n\n<p class=\"has-medium-font-size\">Les pavillons sur la plage des lifeguards entre Venice Beach et Santa Monica, couleur vert menthe et la Kaufmann Desert House de Richard Neutra \u00e0 Palms Spring.<\/p>\n\n\n\n<figure class=\"wp-block-gallery has-nested-images columns-default is-cropped wp-block-gallery-2 is-layout-flex wp-block-gallery-is-layout-flex\">\n<figure class=\"wp-block-image size-large\"><img loading=\"lazy\" decoding=\"async\" width=\"1024\" height=\"683\" data-id=\"492\" src=\"https:\/\/maisoncalifornia.fr\/wp-content\/uploads\/2019\/06\/L1002489-1024x683.jpg\" alt=\"\" class=\"wp-image-492\" srcset=\"https:\/\/maisoncalifornia.fr\/wp-content\/uploads\/2019\/06\/L1002489-1024x683.jpg 1024w, https:\/\/maisoncalifornia.fr\/wp-content\/uploads\/2019\/06\/L1002489-600x400.jpg 600w, https:\/\/maisoncalifornia.fr\/wp-content\/uploads\/2019\/06\/L1002489-300x200.jpg 300w, https:\/\/maisoncalifornia.fr\/wp-content\/uploads\/2019\/06\/L1002489-768x512.jpg 768w\" sizes=\"auto, (max-width: 1024px) 100vw, 1024px\" \/><\/figure>\n\n\n\n<figure class=\"wp-block-image size-large\"><img loading=\"lazy\" decoding=\"async\" width=\"1024\" height=\"683\" data-id=\"500\" src=\"https:\/\/maisoncalifornia.fr\/wp-content\/uploads\/2019\/06\/L1002680-1024x683.jpg\" alt=\"\" class=\"wp-image-500\" srcset=\"https:\/\/maisoncalifornia.fr\/wp-content\/uploads\/2019\/06\/L1002680-1024x683.jpg 1024w, https:\/\/maisoncalifornia.fr\/wp-content\/uploads\/2019\/06\/L1002680-600x400.jpg 600w, https:\/\/maisoncalifornia.fr\/wp-content\/uploads\/2019\/06\/L1002680-300x200.jpg 300w, https:\/\/maisoncalifornia.fr\/wp-content\/uploads\/2019\/06\/L1002680-768x512.jpg 768w\" sizes=\"auto, (max-width: 1024px) 100vw, 1024px\" \/><\/figure>\n<\/figure>\n\n\n\n<div style=\"height:52px\" aria-hidden=\"true\" class=\"wp-block-spacer\"><\/div>\n\n\n\n<p class=\"has-text-align-center has-black-color has-text-color has-link-color has-medium-font-size wp-elements-299e1b88f64cd90fb563ee6393555961\"><strong>Un livre? Et un film le plus culte\/repr\u00e9sentatif pour vous de la Californie ?<\/strong><\/p>\n\n\n\n<p class=\"has-text-align-center has-medium-font-size\">\u00ab Sur la route \u00bb de Jack Kerouac.<\/p>\n\n\n\n<p class=\"has-text-align-center has-medium-font-size\">Las Vegas Parano, Into The Wild, Little Miss Sunshine, ces films embl\u00e9matiques des road trips.<\/p>\n\n\n\n<p class=\"has-text-align-center has-black-color has-text-color has-link-color has-medium-font-size wp-elements-51a8a68e90518bebb5c17436f1e53cd9\"><strong>Qu\u2019est-ce que vous trouvez en Californie que vous ne trouveriez pas en France ?<\/strong><\/p>\n\n\n\n<p class=\"has-text-align-center has-medium-font-size\">Un tas de produits au supermarch\u00e9, improbables, comme des bonbons ultra color\u00e9s et chimiques! Et des tablettes de chocolat M&amp;M\u2019s.<\/p>\n\n\n\n<p class=\"has-text-align-center has-black-color has-text-color has-link-color has-medium-font-size wp-elements-18fa42ccc4553d47ea6b9ba005c82ad9\"><strong>Qu\u2019est-ce que vous trouvez en France que vous ne trouvez pas en Californie ?<\/strong><\/p>\n\n\n\n<p class=\"has-text-align-center has-medium-font-size\">De bons fromages bien fran\u00e7ais \ud83d\ude09<\/p>\n\n\n\n<p class=\"has-text-align-center has-black-color has-text-color has-link-color has-medium-font-size wp-elements-c249f2880b9b13d3a41f4d50928442a7\"><strong>Qu\u2019est-ce que vous regrettez quand vous quittez la Californie ?<\/strong><\/p>\n\n\n\n<p class=\"has-text-align-center\">Les couchers de soleil, si magiques !<\/p>\n\n\n\n<figure class=\"wp-block-gallery has-nested-images columns-default is-cropped wp-block-gallery-3 is-layout-flex wp-block-gallery-is-layout-flex\">\n<figure class=\"wp-block-image size-large\"><img loading=\"lazy\" decoding=\"async\" width=\"1024\" height=\"683\" data-id=\"472\" src=\"https:\/\/maisoncalifornia.fr\/wp-content\/uploads\/2019\/05\/L1002639-1024x683.jpg\" alt=\"\" class=\"wp-image-472\" srcset=\"https:\/\/maisoncalifornia.fr\/wp-content\/uploads\/2019\/05\/L1002639-1024x683.jpg 1024w, https:\/\/maisoncalifornia.fr\/wp-content\/uploads\/2019\/05\/L1002639-600x400.jpg 600w, https:\/\/maisoncalifornia.fr\/wp-content\/uploads\/2019\/05\/L1002639-300x200.jpg 300w, https:\/\/maisoncalifornia.fr\/wp-content\/uploads\/2019\/05\/L1002639-768x512.jpg 768w\" sizes=\"auto, (max-width: 1024px) 100vw, 1024px\" \/><\/figure>\n\n\n\n<figure class=\"wp-block-image size-large\"><img loading=\"lazy\" decoding=\"async\" width=\"1024\" height=\"683\" data-id=\"493\" src=\"https:\/\/maisoncalifornia.fr\/wp-content\/uploads\/2019\/06\/L1002658-1024x683.jpg\" alt=\"\" class=\"wp-image-493\" srcset=\"https:\/\/maisoncalifornia.fr\/wp-content\/uploads\/2019\/06\/L1002658-1024x683.jpg 1024w, https:\/\/maisoncalifornia.fr\/wp-content\/uploads\/2019\/06\/L1002658-600x400.jpg 600w, https:\/\/maisoncalifornia.fr\/wp-content\/uploads\/2019\/06\/L1002658-300x200.jpg 300w, https:\/\/maisoncalifornia.fr\/wp-content\/uploads\/2019\/06\/L1002658-768x512.jpg 768w\" sizes=\"auto, (max-width: 1024px) 100vw, 1024px\" \/><\/figure>\n<\/figure>\n\n\n\n<div style=\"height:61px\" aria-hidden=\"true\" class=\"wp-block-spacer\"><\/div>\n\n\n\n<p class=\"has-text-align-center has-black-color has-text-color has-link-color has-medium-font-size wp-elements-da1371a68351e92ba0f002ec5f890a69\"><strong>Quelles sont vos bonnes adresses \u00e0 partager (food, deco, mode, beaut\u00e9) ?<\/strong><\/p>\n\n\n\n<p class=\"has-text-align-center has-medium-font-size\">Food <strong>: <a href=\"https:\/\/www.malibu-farm.com\/malibu-pier\/\">le Malibu Farm<\/a>. <\/strong><\/p>\n\n\n\n<p class=\"has-text-align-center has-medium-font-size\"><strong>Le jus d\u2019orange press\u00e9 sur Abbot Kinney.<\/strong><\/p>\n\n\n\n<p class=\"has-text-align-center has-medium-font-size\">Deco<strong> : <a href=\"https:\/\/shop-generalstore.com\">The General Store<\/a> pour ses petits objets.<\/strong><\/p>\n\n\n\n<p class=\"has-text-align-center has-medium-font-size\">Fashion<strong> : <a href=\"https:\/\/www.urbanoutfitters.com\">Urban Outfitters<\/a>, <a href=\"https:\/\/www.anthropologie.com\">Anthropologie<\/a>.<\/strong><\/p>\n\n\n\n<p class=\"has-text-align-center has-medium-font-size\">Concept store<strong> : <a href=\"https:\/\/thepiececollective.com\">The Piece Collective<\/a>.<\/strong><\/p>\n\n\n\n<p class=\"has-text-align-center has-medium-font-size\">Beaut\u00e9 <strong>: <a href=\"https:\/\/www.aesop.com\">Aesop<\/a>, <a href=\"https:\/\/goop.com\">Goop<\/a>.<\/strong><\/p>\n\n\n\n<p class=\"has-text-align-center has-medium-font-size\">Musique<strong> : <a href=\"https:\/\/www.amoeba.com\">Amoeba<\/a>,<\/strong> le plus grand disquaire ind\u00e9pendant au monde.<\/p>\n\n\n\n<p class=\"has-text-align-center has-black-color has-text-color has-link-color has-medium-font-size wp-elements-3c94c3c19f5e1fa264478d9f1fdef858\"><strong>Des projets \u00e0 partager?<\/strong><\/p>\n\n\n\n<p class=\"has-text-align-center has-medium-font-size\">Avoir un petit pied \u00e0 terre \u00e0 L.A \ud83d\ude0a<\/p>\n","protected":false},"excerpt":{"rendered":"<p>Notre histoire, c&#8217;est avant une histoire de coup de coeur pour la Californie&#8230; D\u00e9couvrez les inspirations et notes de Sophie, fondatrice de Maison California, pour mieux comprendre les origines et inspirations de l&#8217;univers MC. Pourquoi la Californie ? Pour la vie en bord de plage &amp; d&#8217;oc\u00e9an&#8230; Pour le lifestyle californien, une vie simple \u00ab simple life \u00bb, une vie de plage \u00ab beach life &hellip; <\/p>\n","protected":false},"author":1,"featured_media":0,"parent":0,"menu_order":0,"comment_status":"closed","ping_status":"closed","template":"","meta":{"jetpack_post_was_ever_published":false,"footnotes":""},"class_list":["post-26","page","type-page","status-publish","hentry","latest_post"],"jetpack_sharing_enabled":true,"jetpack_shortlink":"https:\/\/wp.me\/PaWNfV-q","_links":{"self":[{"href":"https:\/\/maisoncalifornia.fr\/index.php?rest_route=\/wp\/v2\/pages\/26","targetHints":{"allow":["GET"]}}],"collection":[{"href":"https:\/\/maisoncalifornia.fr\/index.php?rest_route=\/wp\/v2\/pages"}],"about":[{"href":"https:\/\/maisoncalifornia.fr\/index.php?rest_route=\/wp\/v2\/types\/page"}],"author":[{"embeddable":true,"href":"https:\/\/maisoncalifornia.fr\/index.php?rest_route=\/wp\/v2\/users\/1"}],"replies":[{"embeddable":true,"href":"https:\/\/maisoncalifornia.fr\/index.php?rest_route=%2Fwp%2Fv2%2Fcomments&post=26"}],"version-history":[{"count":65,"href":"https:\/\/maisoncalifornia.fr\/index.php?rest_route=\/wp\/v2\/pages\/26\/revisions"}],"predecessor-version":[{"id":2862,"href":"https:\/\/maisoncalifornia.fr\/index.php?rest_route=\/wp\/v2\/pages\/26\/revisions\/2862"}],"wp:attachment":[{"href":"https:\/\/maisoncalifornia.fr\/index.php?rest_route=%2Fwp%2Fv2%2Fmedia&parent=26"}],"curies":[{"name":"wp","href":"https:\/\/api.w.org\/{rel}","templated":true}]}}