{"id":2232,"date":"2024-04-11T11:49:57","date_gmt":"2024-04-11T09:49:57","guid":{"rendered":"https:\/\/maisoncalifornia.fr\/?page_id=2232"},"modified":"2024-04-20T08:05:07","modified_gmt":"2024-04-20T06:05:07","slug":"shop-acceuil","status":"publish","type":"page","link":"https:\/\/maisoncalifornia.fr\/?page_id=2232","title":{"rendered":"Shop"},"content":{"rendered":"\n<p><\/p>\n\n\n\n<div class=\"wp-block-cover aligncenter\"><span aria-hidden=\"true\" class=\"wp-block-cover__background has-background-dim\"><\/span><img loading=\"lazy\" decoding=\"async\" width=\"1024\" height=\"677\" class=\"wp-block-cover__image-background wp-image-2119\" alt=\"\" src=\"https:\/\/maisoncalifornia.fr\/wp-content\/uploads\/2024\/04\/CALI-GOLDEN-CLUB-1024x677.png\" data-object-fit=\"cover\" srcset=\"https:\/\/maisoncalifornia.fr\/wp-content\/uploads\/2024\/04\/CALI-GOLDEN-CLUB-1024x677.png 1024w, https:\/\/maisoncalifornia.fr\/wp-content\/uploads\/2024\/04\/CALI-GOLDEN-CLUB-300x198.png 300w, https:\/\/maisoncalifornia.fr\/wp-content\/uploads\/2024\/04\/CALI-GOLDEN-CLUB-768x508.png 768w, https:\/\/maisoncalifornia.fr\/wp-content\/uploads\/2024\/04\/CALI-GOLDEN-CLUB-1536x1015.png 1536w, https:\/\/maisoncalifornia.fr\/wp-content\/uploads\/2024\/04\/CALI-GOLDEN-CLUB-2048x1354.png 2048w, https:\/\/maisoncalifornia.fr\/wp-content\/uploads\/2024\/04\/CALI-GOLDEN-CLUB-91x60.png 91w, https:\/\/maisoncalifornia.fr\/wp-content\/uploads\/2024\/04\/CALI-GOLDEN-CLUB-600x397.png 600w\" sizes=\"auto, (max-width: 1024px) 100vw, 1024px\" \/><div class=\"wp-block-cover__inner-container is-layout-flow wp-block-cover-is-layout-flow\">\n<p class=\"has-text-align-center has-large-font-size\">Embarquez pour the Californian Way of Life !<\/p>\n<\/div><\/div>\n\n\n\n<div style=\"height:42px\" aria-hidden=\"true\" class=\"wp-block-spacer\"><\/div>\n\n\n\n<div class=\"wp-block-columns is-layout-flex wp-container-core-columns-is-layout-9d6595d7 wp-block-columns-is-layout-flex\">\n<div class=\"wp-block-column is-layout-flow wp-block-column-is-layout-flow\">\n<figure class=\"wp-block-image size-full\"><img loading=\"lazy\" decoding=\"async\" width=\"1024\" height=\"1024\" src=\"https:\/\/maisoncalifornia.fr\/wp-content\/uploads\/2024\/04\/1-5.png\" alt=\"\" class=\"wp-image-2325\" srcset=\"https:\/\/maisoncalifornia.fr\/wp-content\/uploads\/2024\/04\/1-5.png 1024w, https:\/\/maisoncalifornia.fr\/wp-content\/uploads\/2024\/04\/1-5-300x300.png 300w, https:\/\/maisoncalifornia.fr\/wp-content\/uploads\/2024\/04\/1-5-150x150.png 150w, https:\/\/maisoncalifornia.fr\/wp-content\/uploads\/2024\/04\/1-5-768x768.png 768w, https:\/\/maisoncalifornia.fr\/wp-content\/uploads\/2024\/04\/1-5-60x60.png 60w, https:\/\/maisoncalifornia.fr\/wp-content\/uploads\/2024\/04\/1-5-600x600.png 600w, https:\/\/maisoncalifornia.fr\/wp-content\/uploads\/2024\/04\/1-5-90x90.png 90w\" sizes=\"auto, (max-width: 1024px) 100vw, 1024px\" \/><\/figure>\n\n\n\n<div class=\"wp-block-buttons is-content-justification-center is-layout-flex wp-container-core-buttons-is-layout-16018d1d wp-block-buttons-is-layout-flex\">\n<div class=\"wp-block-button is-style-outline is-style-outline--1\"><a class=\"wp-block-button__link wp-element-button\" href=\"https:\/\/maisoncalifornia.fr\/?product_cat=t-shirt\">T-SHIRTS<\/a><\/div>\n<\/div>\n<\/div>\n\n\n\n<div class=\"wp-block-column is-layout-flow wp-block-column-is-layout-flow\">\n<figure class=\"wp-block-image size-full\"><img loading=\"lazy\" decoding=\"async\" width=\"1024\" height=\"1024\" src=\"https:\/\/maisoncalifornia.fr\/wp-content\/uploads\/2024\/04\/2-12.png\" alt=\"\" class=\"wp-image-2341\" srcset=\"https:\/\/maisoncalifornia.fr\/wp-content\/uploads\/2024\/04\/2-12.png 1024w, https:\/\/maisoncalifornia.fr\/wp-content\/uploads\/2024\/04\/2-12-300x300.png 300w, https:\/\/maisoncalifornia.fr\/wp-content\/uploads\/2024\/04\/2-12-150x150.png 150w, https:\/\/maisoncalifornia.fr\/wp-content\/uploads\/2024\/04\/2-12-768x768.png 768w, https:\/\/maisoncalifornia.fr\/wp-content\/uploads\/2024\/04\/2-12-60x60.png 60w, https:\/\/maisoncalifornia.fr\/wp-content\/uploads\/2024\/04\/2-12-600x600.png 600w, https:\/\/maisoncalifornia.fr\/wp-content\/uploads\/2024\/04\/2-12-90x90.png 90w\" sizes=\"auto, (max-width: 1024px) 100vw, 1024px\" \/><\/figure>\n\n\n\n<div class=\"wp-block-buttons is-content-justification-center is-layout-flex wp-container-core-buttons-is-layout-16018d1d wp-block-buttons-is-layout-flex\">\n<div class=\"wp-block-button is-style-outline is-style-outline--2\"><a class=\"wp-block-button__link wp-element-button\" href=\"https:\/\/maisoncalifornia.fr\/?product_cat=accessoires\">ACCESSOIRES<\/a><\/div>\n<\/div>\n<\/div>\n\n\n\n<div class=\"wp-block-column is-layout-flow wp-block-column-is-layout-flow\">\n<figure class=\"wp-block-image size-full\"><img loading=\"lazy\" decoding=\"async\" width=\"2048\" height=\"2560\" src=\"https:\/\/maisoncalifornia.fr\/wp-content\/uploads\/2024\/04\/EDF785C5-E3E7-49BD-BB10-A2F2FDB72535-scaled-1.jpeg\" alt=\"\" class=\"wp-image-2305\" style=\"aspect-ratio:1;object-fit:cover\" srcset=\"https:\/\/maisoncalifornia.fr\/wp-content\/uploads\/2024\/04\/EDF785C5-E3E7-49BD-BB10-A2F2FDB72535-scaled-1.jpeg 2048w, https:\/\/maisoncalifornia.fr\/wp-content\/uploads\/2024\/04\/EDF785C5-E3E7-49BD-BB10-A2F2FDB72535-scaled-1-240x300.jpeg 240w, https:\/\/maisoncalifornia.fr\/wp-content\/uploads\/2024\/04\/EDF785C5-E3E7-49BD-BB10-A2F2FDB72535-scaled-1-819x1024.jpeg 819w, https:\/\/maisoncalifornia.fr\/wp-content\/uploads\/2024\/04\/EDF785C5-E3E7-49BD-BB10-A2F2FDB72535-scaled-1-768x960.jpeg 768w, https:\/\/maisoncalifornia.fr\/wp-content\/uploads\/2024\/04\/EDF785C5-E3E7-49BD-BB10-A2F2FDB72535-scaled-1-1229x1536.jpeg 1229w, https:\/\/maisoncalifornia.fr\/wp-content\/uploads\/2024\/04\/EDF785C5-E3E7-49BD-BB10-A2F2FDB72535-scaled-1-1638x2048.jpeg 1638w, https:\/\/maisoncalifornia.fr\/wp-content\/uploads\/2024\/04\/EDF785C5-E3E7-49BD-BB10-A2F2FDB72535-scaled-1-48x60.jpeg 48w, https:\/\/maisoncalifornia.fr\/wp-content\/uploads\/2024\/04\/EDF785C5-E3E7-49BD-BB10-A2F2FDB72535-scaled-1-600x750.jpeg 600w, https:\/\/maisoncalifornia.fr\/wp-content\/uploads\/2024\/04\/EDF785C5-E3E7-49BD-BB10-A2F2FDB72535-scaled-1-72x90.jpeg 72w\" sizes=\"auto, (max-width: 2048px) 100vw, 2048px\" \/><\/figure>\n\n\n\n<div class=\"wp-block-buttons is-content-justification-center is-layout-flex wp-container-core-buttons-is-layout-16018d1d wp-block-buttons-is-layout-flex\">\n<div class=\"wp-block-button is-style-outline is-style-outline--3\"><a class=\"wp-block-button__link wp-element-button\" href=\"https:\/\/maisoncalifornia.fr\/?page_id=43\">PHOTOGRAPHY<\/a><\/div>\n<\/div>\n<\/div>\n<\/div>\n\n\n\n<div class=\"wp-block-columns is-layout-flex wp-container-core-columns-is-layout-9d6595d7 wp-block-columns-is-layout-flex\">\n<div class=\"wp-block-column is-layout-flow wp-block-column-is-layout-flow\">\n<figure class=\"wp-block-image size-full\"><img loading=\"lazy\" decoding=\"async\" width=\"1024\" height=\"1024\" src=\"https:\/\/maisoncalifornia.fr\/wp-content\/uploads\/2024\/04\/4-5.png\" alt=\"\" class=\"wp-image-2337\" srcset=\"https:\/\/maisoncalifornia.fr\/wp-content\/uploads\/2024\/04\/4-5.png 1024w, https:\/\/maisoncalifornia.fr\/wp-content\/uploads\/2024\/04\/4-5-300x300.png 300w, https:\/\/maisoncalifornia.fr\/wp-content\/uploads\/2024\/04\/4-5-150x150.png 150w, https:\/\/maisoncalifornia.fr\/wp-content\/uploads\/2024\/04\/4-5-768x768.png 768w, https:\/\/maisoncalifornia.fr\/wp-content\/uploads\/2024\/04\/4-5-60x60.png 60w, https:\/\/maisoncalifornia.fr\/wp-content\/uploads\/2024\/04\/4-5-600x600.png 600w, https:\/\/maisoncalifornia.fr\/wp-content\/uploads\/2024\/04\/4-5-90x90.png 90w\" sizes=\"auto, (max-width: 1024px) 100vw, 1024px\" \/><\/figure>\n\n\n\n<div class=\"wp-block-buttons is-content-justification-center is-layout-flex wp-container-core-buttons-is-layout-16018d1d wp-block-buttons-is-layout-flex\">\n<div class=\"wp-block-button is-style-outline is-style-outline--4\"><a class=\"wp-block-button__link wp-element-button\" href=\"https:\/\/maisoncalifornia.fr\/?product_cat=bob\">BOBS<\/a><\/div>\n<\/div>\n<\/div>\n\n\n\n<div class=\"wp-block-column is-layout-flow wp-block-column-is-layout-flow\">\n<figure class=\"wp-block-image size-full\"><img loading=\"lazy\" decoding=\"async\" width=\"1024\" height=\"1024\" src=\"https:\/\/maisoncalifornia.fr\/wp-content\/uploads\/2024\/04\/5.png\" alt=\"\" class=\"wp-image-2330\" srcset=\"https:\/\/maisoncalifornia.fr\/wp-content\/uploads\/2024\/04\/5.png 1024w, https:\/\/maisoncalifornia.fr\/wp-content\/uploads\/2024\/04\/5-300x300.png 300w, https:\/\/maisoncalifornia.fr\/wp-content\/uploads\/2024\/04\/5-150x150.png 150w, https:\/\/maisoncalifornia.fr\/wp-content\/uploads\/2024\/04\/5-768x768.png 768w, https:\/\/maisoncalifornia.fr\/wp-content\/uploads\/2024\/04\/5-60x60.png 60w, https:\/\/maisoncalifornia.fr\/wp-content\/uploads\/2024\/04\/5-600x600.png 600w, https:\/\/maisoncalifornia.fr\/wp-content\/uploads\/2024\/04\/5-90x90.png 90w\" sizes=\"auto, (max-width: 1024px) 100vw, 1024px\" \/><\/figure>\n\n\n\n<div class=\"wp-block-buttons is-content-justification-center is-layout-flex wp-container-core-buttons-is-layout-16018d1d wp-block-buttons-is-layout-flex\">\n<div class=\"wp-block-button is-style-outline is-style-outline--5\"><a class=\"wp-block-button__link wp-element-button\" href=\"https:\/\/maisoncalifornia.fr\/?product_cat=poncho\">PONCHOS<\/a><\/div>\n<\/div>\n<\/div>\n\n\n\n<div class=\"wp-block-column is-layout-flow wp-block-column-is-layout-flow\">\n<figure class=\"wp-block-image size-full\"><img loading=\"lazy\" decoding=\"async\" width=\"1024\" height=\"1024\" src=\"https:\/\/maisoncalifornia.fr\/wp-content\/uploads\/2024\/04\/6-1.png\" alt=\"\" class=\"wp-image-2338\" srcset=\"https:\/\/maisoncalifornia.fr\/wp-content\/uploads\/2024\/04\/6-1.png 1024w, https:\/\/maisoncalifornia.fr\/wp-content\/uploads\/2024\/04\/6-1-300x300.png 300w, https:\/\/maisoncalifornia.fr\/wp-content\/uploads\/2024\/04\/6-1-150x150.png 150w, https:\/\/maisoncalifornia.fr\/wp-content\/uploads\/2024\/04\/6-1-768x768.png 768w, https:\/\/maisoncalifornia.fr\/wp-content\/uploads\/2024\/04\/6-1-60x60.png 60w, https:\/\/maisoncalifornia.fr\/wp-content\/uploads\/2024\/04\/6-1-600x600.png 600w, https:\/\/maisoncalifornia.fr\/wp-content\/uploads\/2024\/04\/6-1-90x90.png 90w\" sizes=\"auto, (max-width: 1024px) 100vw, 1024px\" \/><\/figure>\n\n\n\n<div class=\"wp-block-buttons is-content-justification-center is-layout-flex wp-container-core-buttons-is-layout-16018d1d wp-block-buttons-is-layout-flex\">\n<div class=\"wp-block-button is-style-outline is-style-outline--6\"><a class=\"wp-block-button__link wp-element-button\" href=\"https:\/\/maisoncalifornia.fr\/?product_cat=casquette\">CASQUETTES<\/a><\/div>\n<\/div>\n<\/div>\n<\/div>\n\n\n\n<div class=\"wp-block-columns is-layout-flex wp-container-core-columns-is-layout-9d6595d7 wp-block-columns-is-layout-flex\">\n<div class=\"wp-block-column is-layout-flow wp-block-column-is-layout-flow\">\n<figure class=\"wp-block-image size-full\"><img loading=\"lazy\" decoding=\"async\" width=\"1024\" height=\"1024\" src=\"https:\/\/maisoncalifornia.fr\/wp-content\/uploads\/2024\/04\/7-1.png\" alt=\"\" class=\"wp-image-2339\" srcset=\"https:\/\/maisoncalifornia.fr\/wp-content\/uploads\/2024\/04\/7-1.png 1024w, https:\/\/maisoncalifornia.fr\/wp-content\/uploads\/2024\/04\/7-1-300x300.png 300w, https:\/\/maisoncalifornia.fr\/wp-content\/uploads\/2024\/04\/7-1-150x150.png 150w, https:\/\/maisoncalifornia.fr\/wp-content\/uploads\/2024\/04\/7-1-768x768.png 768w, https:\/\/maisoncalifornia.fr\/wp-content\/uploads\/2024\/04\/7-1-60x60.png 60w, https:\/\/maisoncalifornia.fr\/wp-content\/uploads\/2024\/04\/7-1-600x600.png 600w, https:\/\/maisoncalifornia.fr\/wp-content\/uploads\/2024\/04\/7-1-90x90.png 90w\" sizes=\"auto, (max-width: 1024px) 100vw, 1024px\" \/><\/figure>\n\n\n\n<div class=\"wp-block-buttons is-content-justification-center is-layout-flex wp-container-core-buttons-is-layout-16018d1d wp-block-buttons-is-layout-flex\">\n<div class=\"wp-block-button is-style-outline is-style-outline--7\"><a class=\"wp-block-button__link wp-element-button\" href=\"https:\/\/maisoncalifornia.fr\/?product_cat=sweatshirts\">SWEAT-SHIRTS<\/a><\/div>\n<\/div>\n<\/div>\n\n\n\n<div class=\"wp-block-column is-layout-flow wp-block-column-is-layout-flow\">\n<figure class=\"wp-block-image size-full\"><img loading=\"lazy\" decoding=\"async\" width=\"1024\" height=\"1024\" src=\"https:\/\/maisoncalifornia.fr\/wp-content\/uploads\/2024\/04\/8.png\" alt=\"\" class=\"wp-image-2333\" srcset=\"https:\/\/maisoncalifornia.fr\/wp-content\/uploads\/2024\/04\/8.png 1024w, https:\/\/maisoncalifornia.fr\/wp-content\/uploads\/2024\/04\/8-300x300.png 300w, https:\/\/maisoncalifornia.fr\/wp-content\/uploads\/2024\/04\/8-150x150.png 150w, https:\/\/maisoncalifornia.fr\/wp-content\/uploads\/2024\/04\/8-768x768.png 768w, https:\/\/maisoncalifornia.fr\/wp-content\/uploads\/2024\/04\/8-60x60.png 60w, https:\/\/maisoncalifornia.fr\/wp-content\/uploads\/2024\/04\/8-600x600.png 600w, https:\/\/maisoncalifornia.fr\/wp-content\/uploads\/2024\/04\/8-90x90.png 90w\" sizes=\"auto, (max-width: 1024px) 100vw, 1024px\" \/><\/figure>\n\n\n\n<div class=\"wp-block-buttons is-content-justification-center is-layout-flex wp-container-core-buttons-is-layout-16018d1d wp-block-buttons-is-layout-flex\">\n<div class=\"wp-block-button is-style-outline is-style-outline--8\"><a class=\"wp-block-button__link wp-element-button\" href=\"https:\/\/maisoncalifornia.fr\/?product_cat=jogging\">JOGGINGS<\/a><\/div>\n<\/div>\n<\/div>\n\n\n\n<div class=\"wp-block-column is-layout-flow wp-block-column-is-layout-flow\">\n<figure class=\"wp-block-image size-full\"><img loading=\"lazy\" decoding=\"async\" width=\"1024\" height=\"1024\" src=\"https:\/\/maisoncalifornia.fr\/wp-content\/uploads\/2024\/04\/9-1.png\" alt=\"\" class=\"wp-image-2340\" srcset=\"https:\/\/maisoncalifornia.fr\/wp-content\/uploads\/2024\/04\/9-1.png 1024w, https:\/\/maisoncalifornia.fr\/wp-content\/uploads\/2024\/04\/9-1-300x300.png 300w, https:\/\/maisoncalifornia.fr\/wp-content\/uploads\/2024\/04\/9-1-150x150.png 150w, https:\/\/maisoncalifornia.fr\/wp-content\/uploads\/2024\/04\/9-1-768x768.png 768w, https:\/\/maisoncalifornia.fr\/wp-content\/uploads\/2024\/04\/9-1-60x60.png 60w, https:\/\/maisoncalifornia.fr\/wp-content\/uploads\/2024\/04\/9-1-600x600.png 600w, https:\/\/maisoncalifornia.fr\/wp-content\/uploads\/2024\/04\/9-1-90x90.png 90w\" sizes=\"auto, (max-width: 1024px) 100vw, 1024px\" \/><\/figure>\n\n\n\n<div class=\"wp-block-buttons is-content-justification-center is-layout-flex wp-container-core-buttons-is-layout-16018d1d wp-block-buttons-is-layout-flex\">\n<div class=\"wp-block-button is-style-outline is-style-outline--9\"><a class=\"wp-block-button__link wp-element-button\" href=\"https:\/\/maisoncalifornia.fr\/?product_cat=shorts\">SHORTS<\/a><\/div>\n<\/div>\n<\/div>\n<\/div>\n\n\n\n<div style=\"height:100px\" aria-hidden=\"true\" class=\"wp-block-spacer\"><\/div>\n\n\n\n<div class=\"wp-block-group has-medium-font-size\"><div class=\"wp-block-group__inner-container is-layout-constrained wp-block-group-is-layout-constrained\">\n<div class=\"wp-block-media-text is-stacked-on-mobile\" style=\"grid-template-columns:38% auto\"><figure class=\"wp-block-media-text__media\"><img loading=\"lazy\" decoding=\"async\" width=\"1024\" height=\"1024\" src=\"https:\/\/maisoncalifornia.fr\/wp-content\/uploads\/2024\/04\/Design-sans-titre-3-1024x1024.png\" alt=\"\" class=\"wp-image-2178 size-full\" srcset=\"https:\/\/maisoncalifornia.fr\/wp-content\/uploads\/2024\/04\/Design-sans-titre-3-1024x1024.png 1024w, https:\/\/maisoncalifornia.fr\/wp-content\/uploads\/2024\/04\/Design-sans-titre-3-300x300.png 300w, https:\/\/maisoncalifornia.fr\/wp-content\/uploads\/2024\/04\/Design-sans-titre-3-150x150.png 150w, https:\/\/maisoncalifornia.fr\/wp-content\/uploads\/2024\/04\/Design-sans-titre-3-768x768.png 768w, https:\/\/maisoncalifornia.fr\/wp-content\/uploads\/2024\/04\/Design-sans-titre-3-60x60.png 60w, https:\/\/maisoncalifornia.fr\/wp-content\/uploads\/2024\/04\/Design-sans-titre-3-600x600.png 600w, https:\/\/maisoncalifornia.fr\/wp-content\/uploads\/2024\/04\/Design-sans-titre-3-90x90.png 90w, https:\/\/maisoncalifornia.fr\/wp-content\/uploads\/2024\/04\/Design-sans-titre-3.png 1280w\" sizes=\"auto, (max-width: 1024px) 100vw, 1024px\" \/><\/figure><div class=\"wp-block-media-text__content\">\n<div class=\"wp-block-group has-medium-font-size\"><div class=\"wp-block-group__inner-container is-layout-constrained wp-block-group-is-layout-constrained\">\n<p class=\"has-medium-font-size\"><strong>Maison California<\/strong>&nbsp;est n\u00e9e de mon coup de coeur pour la Californie, apr\u00e8s plusieurs voyages.<\/p>\n\n\n\n<p class=\"has-medium-font-size\">Passionn\u00e9e d\u2019architecture et de photographie, avec l\u2019envie de transmettre le souffle boh\u00e8me et l\u2019esprit cool de Los Angeles, j\u2019ai souhait\u00e9 cr\u00e9er une maison \u00ab&nbsp;<strong>with love from France to California&nbsp;<\/strong>\u00bb.\u201d<\/p>\n\n\n\n<p><em>\u2013 Sophie, fondatrice &amp; cr\u00e9atrice Maison California<\/em><\/p>\n<\/div><\/div>\n<\/div><\/div>\n\n\n\n<div style=\"height:54px\" aria-hidden=\"true\" class=\"wp-block-spacer\"><\/div>\n\n\n\n<p class=\"has-text-align-center\">C\u00f4t\u00e9 pr\u00eat-\u00e0-porter , nos <a href=\"https:\/\/maisoncalifornia.fr\/?product_cat=t-shirt\"><strong>T-shirts<\/strong><\/a>, <a href=\"https:\/\/maisoncalifornia.fr\/?product_cat=jogging\"><strong>joggings<\/strong><\/a> ou <a href=\"https:\/\/maisoncalifornia.fr\/?product_cat=shorts\"><strong>shorts<\/strong><\/a> sont l\u00e0 pour vous faire des looks canons, nos<strong> <a href=\"https:\/\/maisoncalifornia.fr\/?product_cat=sweatshirts\">sweat-shirts<\/a><\/strong> vous prot\u00e8gent du froid &amp; vous garantissent un look canon &amp; cosy.<\/p>\n\n\n\n<p class=\"has-text-align-center\">C\u00f4t\u00e9 accessoires, que vous soyez team <strong><a href=\"https:\/\/maisoncalifornia.fr\/?product_cat=bob\">bob<\/a> <\/strong>ou <a href=\"https:\/\/maisoncalifornia.fr\/?product_cat=casquette\"><strong>casquettes<\/strong><\/a>, on a pens\u00e9 \u00e0 tout le monde, sans oublier nos iconiques <a href=\"https:\/\/maisoncalifornia.fr\/?product=lunettes-de-soleil-coeur\"><strong>lunettes coeur<\/strong><\/a> pour la touche girly &amp; funky de jour comme de nuit !<\/p>\n\n\n\n<p class=\"has-text-align-center\">Pour les fanas de l&#8217;oc\u00e9an, restez bien au chaud apr\u00e8s votre baignade avec nos <a href=\"https:\/\/maisoncalifornia.fr\/?product_cat=poncho\"><strong>ponchos<\/strong><\/a>.<\/p>\n\n\n\n<p class=\"has-text-align-center\">Et pour finir, habillez votre chez vous \u00e0 la Maison Cali avec nos <a href=\"https:\/\/maisoncalifornia.fr\/?page_id=43\"><strong>photographies<\/strong><\/a>, moments &amp; californian vibes merveilleusement bien captur\u00e9s pour une touche US dans votre home sweet home&#8230;<\/p>\n\n\n\n<div style=\"height:29px\" aria-hidden=\"true\" class=\"wp-block-spacer\"><\/div>\n\n\n\n<div class=\"wp-block-buttons is-content-justification-center is-layout-flex wp-container-core-buttons-is-layout-16018d1d wp-block-buttons-is-layout-flex\">\n<div class=\"wp-block-button is-style-outline is-style-outline--10\"><a class=\"wp-block-button__link wp-element-button\" href=\"https:\/\/maisoncalifornia.fr\/?post_type=product\">VOIR TOUS LES PRODUITS<\/a><\/div>\n<\/div>\n<\/div><\/div>\n","protected":false},"excerpt":{"rendered":"<p>Maison California&nbsp;est n\u00e9e de mon coup de coeur pour la Californie, apr\u00e8s plusieurs voyages. Passionn\u00e9e d\u2019architecture et de photographie, avec l\u2019envie de transmettre le souffle boh\u00e8me et l\u2019esprit cool de Los Angeles, j\u2019ai souhait\u00e9 cr\u00e9er une maison \u00ab&nbsp;with love from France to California&nbsp;\u00bb.\u201d \u2013 Sophie, fondatrice &amp; cr\u00e9atrice Maison California C\u00f4t\u00e9 pr\u00eat-\u00e0-porter , nos T-shirts, joggings ou shorts sont l\u00e0 pour vous faire des looks &hellip; <\/p>\n","protected":false},"author":1,"featured_media":0,"parent":0,"menu_order":0,"comment_status":"closed","ping_status":"closed","template":"","meta":{"jetpack_post_was_ever_published":false,"footnotes":""},"class_list":["post-2232","page","type-page","status-publish","hentry","latest_post"],"jetpack_sharing_enabled":true,"jetpack_shortlink":"https:\/\/wp.me\/PaWNfV-A0","_links":{"self":[{"href":"https:\/\/maisoncalifornia.fr\/index.php?rest_route=\/wp\/v2\/pages\/2232","targetHints":{"allow":["GET"]}}],"collection":[{"href":"https:\/\/maisoncalifornia.fr\/index.php?rest_route=\/wp\/v2\/pages"}],"about":[{"href":"https:\/\/maisoncalifornia.fr\/index.php?rest_route=\/wp\/v2\/types\/page"}],"author":[{"embeddable":true,"href":"https:\/\/maisoncalifornia.fr\/index.php?rest_route=\/wp\/v2\/users\/1"}],"replies":[{"embeddable":true,"href":"https:\/\/maisoncalifornia.fr\/index.php?rest_route=%2Fwp%2Fv2%2Fcomments&post=2232"}],"version-history":[{"count":18,"href":"https:\/\/maisoncalifornia.fr\/index.php?rest_route=\/wp\/v2\/pages\/2232\/revisions"}],"predecessor-version":[{"id":2752,"href":"https:\/\/maisoncalifornia.fr\/index.php?rest_route=\/wp\/v2\/pages\/2232\/revisions\/2752"}],"wp:attachment":[{"href":"https:\/\/maisoncalifornia.fr\/index.php?rest_route=%2Fwp%2Fv2%2Fmedia&parent=2232"}],"curies":[{"name":"wp","href":"https:\/\/api.w.org\/{rel}","templated":true}]}}