{"id":1752,"date":"2023-04-04T08:45:38","date_gmt":"2023-04-04T06:45:38","guid":{"rendered":"https:\/\/maisoncalifornia.fr\/?page_id=1752"},"modified":"2024-04-30T17:26:01","modified_gmt":"2024-04-30T15:26:01","slug":"cali-club","status":"publish","type":"page","link":"https:\/\/maisoncalifornia.fr\/?page_id=1752","title":{"rendered":"The Cali Golden Club"},"content":{"rendered":"\n<div class=\"wp-block-jetpack-tiled-gallery aligncenter is-style-rectangular\"><div class=\"tiled-gallery__gallery\"><div class=\"tiled-gallery__row\"><div class=\"tiled-gallery__col\" style=\"flex-basis:40.02013%\"><figure class=\"tiled-gallery__item\"><img decoding=\"async\" srcset=\"https:\/\/i2.wp.com\/maisoncalifornia.fr\/wp-content\/uploads\/2023\/04\/img_8689.jpg?strip=info&#038;w=550&#038;ssl=1 550w\" alt=\"\" data-height=\"825\" data-id=\"1757\" data-link=\"https:\/\/maisoncalifornia.fr\/?attachment_id=1757\" data-url=\"https:\/\/maisoncalifornia.fr\/wp-content\/uploads\/2023\/04\/img_8689.jpg\" data-width=\"550\" src=\"https:\/\/i2.wp.com\/maisoncalifornia.fr\/wp-content\/uploads\/2023\/04\/img_8689.jpg?ssl=1\" data-amp-layout=\"responsive\"\/><\/figure><\/div><div class=\"tiled-gallery__col\" style=\"flex-basis:59.97987%\"><figure class=\"tiled-gallery__item\"><img decoding=\"async\" srcset=\"https:\/\/i2.wp.com\/maisoncalifornia.fr\/wp-content\/uploads\/2023\/04\/img_8691.jpg?strip=info&#038;w=600&#038;ssl=1 600w,https:\/\/i2.wp.com\/maisoncalifornia.fr\/wp-content\/uploads\/2023\/04\/img_8691.jpg?strip=info&#038;w=736&#038;ssl=1 736w\" alt=\"\" data-height=\"736\" data-id=\"1759\" data-link=\"https:\/\/maisoncalifornia.fr\/?attachment_id=1759\" data-url=\"https:\/\/maisoncalifornia.fr\/wp-content\/uploads\/2023\/04\/img_8691.jpg\" data-width=\"736\" src=\"https:\/\/i2.wp.com\/maisoncalifornia.fr\/wp-content\/uploads\/2023\/04\/img_8691.jpg?ssl=1\" data-amp-layout=\"responsive\"\/><\/figure><\/div><\/div><\/div><\/div>\n\n\n\n<div style=\"height:100px\" aria-hidden=\"true\" class=\"wp-block-spacer\"><\/div>\n\n\n\n<p class=\"has-text-align-center has-black-color has-text-color has-medium-font-size\">Si tu m&#8217;as rencontr\u00e9, je t&#8217;ai remis un bracelet de festival fa\u00e7on Coachella te souhaitant la bienvenue au Club !<\/p>\n\n\n\n<div style=\"height:37px\" aria-hidden=\"true\" class=\"wp-block-spacer\"><\/div>\n\n\n\n<p class=\"has-text-align-center has-black-color has-text-color has-medium-font-size\">Pour f\u00eater les 1 an de Maison California le 20 avril 2023, le <strong>Cali Golden Club<\/strong> ouvre officiellement ses portes. Mais what is it ? <\/p>\n\n\n\n<div style=\"height:55px\" aria-hidden=\"true\" class=\"wp-block-spacer\"><\/div>\n\n\n\n<p class=\"has-text-align-center has-medium-font-size\">Le Club t&#8217;offre un acc\u00e8s <strong><mark style=\"background-color:rgba(0, 0, 0, 0)\" class=\"has-inline-color has-luminous-vivid-amber-color\">exclusif<\/mark><\/strong> \u00e0 l&#8217;univers de la marque et plus pr\u00e9cis\u00e9ment \u00e0 :<\/p>\n\n\n\n<ul class=\"wp-block-list\">\n<li class=\"has-medium-font-size\">Une page confidentielle sur le site web (accessible ici par mot de passe &#8211; si tu ne l&#8217;as pas, envoie-moi un MP :))<\/li>\n\n\n\n<li class=\"has-medium-font-size\">&#8220;<strong>Sweeties<\/strong>&#8221; des prix doux sur les collections<\/li>\n\n\n\n<li class=\"has-medium-font-size\">La participation au processus cr\u00e9atif des collections, le &#8220;<strong>Voting Privilege<\/strong>&#8220;<\/li>\n\n\n\n<li class=\"has-medium-font-size\">&#8220;<strong>Early Access<\/strong>&#8221; sur la prochaine capsule<\/li>\n\n\n\n<li class=\"has-medium-font-size\">Une \u00e9dition limit\u00e9e de la capsule r\u00e9serv\u00e9e au Crew<\/li>\n\n\n\n<li class=\"has-medium-font-size\">Cali Golden Club experiences<\/li>\n<\/ul>\n\n\n\n<div class=\"wp-block-buttons is-content-justification-center is-layout-flex wp-container-core-buttons-is-layout-16018d1d wp-block-buttons-is-layout-flex\">\n<div class=\"wp-block-button is-style-outline is-style-outline--1\"><a class=\"wp-block-button__link has-text-align-center wp-element-button\" href=\"https:\/\/maisoncalifornia.fr\/?page_id=2789\">Acc\u00e9der \u00e0 la page Cali Golden Club<\/a><\/div>\n<\/div>\n\n\n\n<div style=\"height:100px\" aria-hidden=\"true\" class=\"wp-block-spacer\"><\/div>\n\n\n\n<figure class=\"wp-block-pullquote has-luminous-vivid-amber-color has-white-background-color has-text-color has-background has-medium-font-size\" style=\"border-width:5px;border-radius:100px;font-style:normal;font-weight:600\"><blockquote><p>You&#8217;re so Golden.<\/p><cite>MAISON CALIFORNIA<\/cite><\/blockquote><\/figure>\n","protected":false},"excerpt":{"rendered":"<p>Si tu m&#8217;as rencontr\u00e9, je t&#8217;ai remis un bracelet de festival fa\u00e7on Coachella te souhaitant la bienvenue au Club ! Pour f\u00eater les 1 an de Maison California le 20 avril 2023, le Cali Golden Club ouvre officiellement ses portes. Mais what is it ? Le Club t&#8217;offre un acc\u00e8s exclusif \u00e0 l&#8217;univers de la marque et plus pr\u00e9cis\u00e9ment \u00e0 : You&#8217;re so Golden. MAISON &hellip; <\/p>\n","protected":false},"author":1,"featured_media":0,"parent":0,"menu_order":0,"comment_status":"closed","ping_status":"closed","template":"","meta":{"jetpack_post_was_ever_published":false,"footnotes":""},"class_list":["post-1752","page","type-page","status-publish","hentry","latest_post"],"jetpack_sharing_enabled":true,"jetpack_shortlink":"https:\/\/wp.me\/PaWNfV-sg","_links":{"self":[{"href":"https:\/\/maisoncalifornia.fr\/index.php?rest_route=\/wp\/v2\/pages\/1752","targetHints":{"allow":["GET"]}}],"collection":[{"href":"https:\/\/maisoncalifornia.fr\/index.php?rest_route=\/wp\/v2\/pages"}],"about":[{"href":"https:\/\/maisoncalifornia.fr\/index.php?rest_route=\/wp\/v2\/types\/page"}],"author":[{"embeddable":true,"href":"https:\/\/maisoncalifornia.fr\/index.php?rest_route=\/wp\/v2\/users\/1"}],"replies":[{"embeddable":true,"href":"https:\/\/maisoncalifornia.fr\/index.php?rest_route=%2Fwp%2Fv2%2Fcomments&post=1752"}],"version-history":[{"count":16,"href":"https:\/\/maisoncalifornia.fr\/index.php?rest_route=\/wp\/v2\/pages\/1752\/revisions"}],"predecessor-version":[{"id":2794,"href":"https:\/\/maisoncalifornia.fr\/index.php?rest_route=\/wp\/v2\/pages\/1752\/revisions\/2794"}],"wp:attachment":[{"href":"https:\/\/maisoncalifornia.fr\/index.php?rest_route=%2Fwp%2Fv2%2Fmedia&parent=1752"}],"curies":[{"name":"wp","href":"https:\/\/api.w.org\/{rel}","templated":true}]}}