{"id":1333,"date":"2022-04-24T06:56:15","date_gmt":"2022-04-24T04:56:15","guid":{"rendered":"https:\/\/maisoncalifornia.fr\/?page_id=1333"},"modified":"2024-04-17T11:15:56","modified_gmt":"2024-04-17T09:15:56","slug":"maison-california-designer-de-l-interieur","status":"publish","type":"page","link":"https:\/\/maisoncalifornia.fr\/?page_id=1333","title":{"rendered":"Maison California, designer de l&#8217; &#8220;int\u00e9rieur&#8221;"},"content":{"rendered":"\n<p class=\"has-text-align-center has-medium-font-size\">Maison California est un <strong>studio de design d&#8217;int\u00e9rieur et de d\u00e9coration <\/strong>car se sentir bien, passe aussi par se sentir bien <strong>chez soi<\/strong> ! \u00catre en <strong>harmonie<\/strong> avec son <strong>int\u00e9rieur<\/strong> afin de cr\u00e9er un <strong>refuge<\/strong> dans lequel on se <strong>ressource<\/strong> et que l&#8217;on est pr\u00eat \u00e0 ouvrir \u00e0 nos familles et amis autour d&#8217;un moment convivial.<\/p>\n\n\n\n<p class=\"has-text-align-center has-medium-font-size\">Les valeurs de la marque sont donc centr\u00e9es sur le <strong>partage<\/strong> et le <strong>respect<\/strong> <strong>de l&#8217;environnement<\/strong>.<\/p>\n\n\n\n<p class=\"has-text-align-center has-medium-font-size\">&#8220;<strong>Partage<\/strong>&#8221; car Maison California est n\u00e9e de cette id\u00e9e et s&#8217;enrichit en s&#8217;entourant des autres, d&#8217;amis ou d&#8217;artistes qui ch\u00e9rissent les m\u00eames valeurs de &#8220;good feeling&#8221;.<\/p>\n\n\n\n<p class=\"has-text-align-center has-medium-font-size\">Dans le respect de l&#8217;<strong>environnement, <\/strong>peut para\u00eetre convenu aujourd&#8217;hui mais non, l&#8217;environnement ext\u00e9rieur sur lequel la maison californienne est clairement tourn\u00e9e, est au coeur de notre bien-\u00eatre et sans plan\u00e8te, on ne pourra plus ni cr\u00e9er ni partager !<\/p>\n\n\n\n<p class=\"has-text-align-center has-medium-font-size\"><strong>Maison California ne saurait donc se cantonner \u00e0 une \u00e9tiquette mais se veut plus global, offrant un vrai art de vivre.<\/strong><\/p>\n\n\n\n<p class=\"has-text-align-center has-medium-font-size\"><strong>Se sentir bien dans un int\u00e9rieur est une sensation,<\/strong> un sentiment extr\u00eamement subjectif lorsque l&#8217;on p\u00e9n\u00e8tre dans un lieu, qui doit ressortir d&#8217;une fine analyse. <\/p>\n\n\n\n<p class=\"has-text-align-center has-medium-font-size\">Ce sentiment n&#8217;est pas en lien direct avec une d\u00e9coration que l&#8217;on aurait calqu\u00e9 de chez quelqu&#8217;un, d&#8217;un magazine ou d&#8217;un style standardis\u00e9. <\/p>\n\n\n\n<p class=\"has-text-align-center has-medium-font-size\">Au contraire, il s&#8217;inspire directement de l&#8217;\u00e2me du lieu, de sa personnalit\u00e9. <\/p>\n\n\n\n<p class=\"has-text-align-center has-medium-font-size\">Chaque lieu m&#8217;inspire une ambiance <strong>diff\u00e9rente<\/strong> car comme un \u00eatre vivant, <strong>chacun est unique<\/strong> ! <\/p>\n\n\n\n<p class=\"has-text-align-center has-medium-font-size\">Mon objectif est donc de vous aider \u00e0 <strong>vous projeter<\/strong> tout en \u00e9tant <strong>\u00e0 l&#8217;\u00e9coute de vos go\u00fbts et contraintes<\/strong>. <\/p>\n\n\n\n<p class=\"has-text-align-center has-medium-font-size\"><strong>Cr\u00e9er ensemble l&#8217;int\u00e9rieur qui vous ressemble.<\/strong><\/p>\n\n\n\n<p class=\"has-text-align-center has-medium-font-size\">Maison California souhaite insuffler une \u00e9nergie positive \u00e0 adopter chez soi et sur soi !<\/p>\n\n\n\n<div style=\"height:44px\" aria-hidden=\"true\" class=\"wp-block-spacer\"><\/div>\n\n\n<div class=\"wp-block-image\">\n<figure class=\"aligncenter size-large is-resized\"><img loading=\"lazy\" decoding=\"async\" width=\"1024\" height=\"683\" src=\"https:\/\/maisoncalifornia.fr\/wp-content\/uploads\/2022\/04\/L1002286-1024x683.jpg\" alt=\"\" class=\"wp-image-1338\" style=\"width:533px;height:auto\" srcset=\"https:\/\/maisoncalifornia.fr\/wp-content\/uploads\/2022\/04\/L1002286-1024x683.jpg 1024w, https:\/\/maisoncalifornia.fr\/wp-content\/uploads\/2022\/04\/L1002286-scaled-600x400.jpg 600w, https:\/\/maisoncalifornia.fr\/wp-content\/uploads\/2022\/04\/L1002286-300x200.jpg 300w, https:\/\/maisoncalifornia.fr\/wp-content\/uploads\/2022\/04\/L1002286-768x512.jpg 768w, https:\/\/maisoncalifornia.fr\/wp-content\/uploads\/2022\/04\/L1002286-1536x1024.jpg 1536w, https:\/\/maisoncalifornia.fr\/wp-content\/uploads\/2022\/04\/L1002286-2048x1365.jpg 2048w\" sizes=\"auto, (max-width: 1024px) 100vw, 1024px\" \/><\/figure><\/div>","protected":false},"excerpt":{"rendered":"<p>Maison California est un studio de design d&#8217;int\u00e9rieur et de d\u00e9coration car se sentir bien, passe aussi par se sentir bien chez soi ! \u00catre en harmonie avec son int\u00e9rieur afin de cr\u00e9er un refuge dans lequel on se ressource et que l&#8217;on est pr\u00eat \u00e0 ouvrir \u00e0 nos familles et amis autour d&#8217;un moment convivial. Les valeurs de la marque sont donc centr\u00e9es sur &hellip; <\/p>\n","protected":false},"author":1,"featured_media":0,"parent":0,"menu_order":0,"comment_status":"closed","ping_status":"closed","template":"","meta":{"jetpack_post_was_ever_published":false,"footnotes":""},"class_list":["post-1333","page","type-page","status-publish","hentry","latest_post"],"jetpack_sharing_enabled":true,"jetpack_shortlink":"https:\/\/wp.me\/PaWNfV-lv","_links":{"self":[{"href":"https:\/\/maisoncalifornia.fr\/index.php?rest_route=\/wp\/v2\/pages\/1333","targetHints":{"allow":["GET"]}}],"collection":[{"href":"https:\/\/maisoncalifornia.fr\/index.php?rest_route=\/wp\/v2\/pages"}],"about":[{"href":"https:\/\/maisoncalifornia.fr\/index.php?rest_route=\/wp\/v2\/types\/page"}],"author":[{"embeddable":true,"href":"https:\/\/maisoncalifornia.fr\/index.php?rest_route=\/wp\/v2\/users\/1"}],"replies":[{"embeddable":true,"href":"https:\/\/maisoncalifornia.fr\/index.php?rest_route=%2Fwp%2Fv2%2Fcomments&post=1333"}],"version-history":[{"count":13,"href":"https:\/\/maisoncalifornia.fr\/index.php?rest_route=\/wp\/v2\/pages\/1333\/revisions"}],"predecessor-version":[{"id":2729,"href":"https:\/\/maisoncalifornia.fr\/index.php?rest_route=\/wp\/v2\/pages\/1333\/revisions\/2729"}],"wp:attachment":[{"href":"https:\/\/maisoncalifornia.fr\/index.php?rest_route=%2Fwp%2Fv2%2Fmedia&parent=1333"}],"curies":[{"name":"wp","href":"https:\/\/api.w.org\/{rel}","templated":true}]}}