{"id":111,"date":"2019-04-26T21:25:26","date_gmt":"2019-04-26T19:25:26","guid":{"rendered":"http:\/\/maisond.cluster024.hosting.ovh.net\/?page_id=111"},"modified":"2024-04-17T04:28:11","modified_gmt":"2024-04-17T02:28:11","slug":"a-propos-brand","status":"publish","type":"page","link":"https:\/\/maisoncalifornia.fr\/?page_id=111","title":{"rendered":"\u00c0 propos"},"content":{"rendered":"\n<figure class=\"wp-block-image size-large is-resized\"><img loading=\"lazy\" decoding=\"async\" width=\"1024\" height=\"524\" src=\"https:\/\/maisoncalifornia.fr\/wp-content\/uploads\/2024\/04\/maison-california-brand--1024x524.jpg\" alt=\"\" class=\"wp-image-2406\" style=\"width:2048px\" srcset=\"https:\/\/maisoncalifornia.fr\/wp-content\/uploads\/2024\/04\/maison-california-brand--1024x524.jpg 1024w, https:\/\/maisoncalifornia.fr\/wp-content\/uploads\/2024\/04\/maison-california-brand--300x154.jpg 300w, https:\/\/maisoncalifornia.fr\/wp-content\/uploads\/2024\/04\/maison-california-brand--768x393.jpg 768w, https:\/\/maisoncalifornia.fr\/wp-content\/uploads\/2024\/04\/maison-california-brand--1536x786.jpg 1536w, https:\/\/maisoncalifornia.fr\/wp-content\/uploads\/2024\/04\/maison-california-brand--117x60.jpg 117w, https:\/\/maisoncalifornia.fr\/wp-content\/uploads\/2024\/04\/maison-california-brand--600x307.jpg 600w, https:\/\/maisoncalifornia.fr\/wp-content\/uploads\/2024\/04\/maison-california-brand--176x90.jpg 176w, https:\/\/maisoncalifornia.fr\/wp-content\/uploads\/2024\/04\/maison-california-brand-.jpg 2048w\" sizes=\"auto, (max-width: 1024px) 100vw, 1024px\" \/><\/figure>\n\n\n\n<div style=\"height:53px\" aria-hidden=\"true\" class=\"wp-block-spacer\"><\/div>\n\n\n\n<div style=\"height:56px\" aria-hidden=\"true\" class=\"wp-block-spacer\"><\/div>\n\n\n\n<blockquote class=\"wp-block-quote is-style-large is-layout-flow wp-block-quote-is-layout-flow\">\n<p class=\"has-text-align-center has-large-font-size\"><strong>lifestyle <\/strong><br>noun <a href=\"https:\/\/dictionary.cambridge.org\/fr\/help\/codes.html\">[ C ]<\/a> &nbsp;us \/\u02c8la\u026af.sta\u026al\/ <\/p>\n\n\n\n<p class=\"has-text-align-center has-large-font-size\">Le mode de vie (ou style de vie,  ou encore \u00ab lifestyle \u00bb en anglais) est la mani\u00e8re de vivre \u2013 d\u2019\u00eatre et  de penser \u2013 d\u2019une  personne ou d\u2019un groupe d\u2019individus. C\u2019est son  comportement quotidien,  sa fa\u00e7on de vivre autour et pour certaines  valeurs.<\/p>\n<\/blockquote>\n\n\n\n<div style=\"height:52px\" aria-hidden=\"true\" class=\"wp-block-spacer\"><\/div>\n\n\n\n<div class=\"wp-block-media-text is-stacked-on-mobile\" style=\"grid-template-columns:38% auto\"><figure class=\"wp-block-media-text__media\"><img loading=\"lazy\" decoding=\"async\" width=\"1024\" height=\"1024\" src=\"https:\/\/maisoncalifornia.fr\/wp-content\/uploads\/2024\/04\/Design-sans-titre-3-1024x1024.png\" alt=\"\" class=\"wp-image-2178 size-full\" srcset=\"https:\/\/maisoncalifornia.fr\/wp-content\/uploads\/2024\/04\/Design-sans-titre-3-1024x1024.png 1024w, https:\/\/maisoncalifornia.fr\/wp-content\/uploads\/2024\/04\/Design-sans-titre-3-300x300.png 300w, https:\/\/maisoncalifornia.fr\/wp-content\/uploads\/2024\/04\/Design-sans-titre-3-150x150.png 150w, https:\/\/maisoncalifornia.fr\/wp-content\/uploads\/2024\/04\/Design-sans-titre-3-768x768.png 768w, https:\/\/maisoncalifornia.fr\/wp-content\/uploads\/2024\/04\/Design-sans-titre-3-60x60.png 60w, https:\/\/maisoncalifornia.fr\/wp-content\/uploads\/2024\/04\/Design-sans-titre-3-600x600.png 600w, https:\/\/maisoncalifornia.fr\/wp-content\/uploads\/2024\/04\/Design-sans-titre-3-90x90.png 90w, https:\/\/maisoncalifornia.fr\/wp-content\/uploads\/2024\/04\/Design-sans-titre-3.png 1280w\" sizes=\"auto, (max-width: 1024px) 100vw, 1024px\" \/><\/figure><div class=\"wp-block-media-text__content\">\n<div class=\"wp-block-group has-medium-font-size\"><div class=\"wp-block-group__inner-container is-layout-constrained wp-block-group-is-layout-constrained\">\n<p class=\"has-medium-font-size\"><strong>Maison California<\/strong>&nbsp;est n\u00e9e de mon coup de coeur pour la Californie, apr\u00e8s plusieurs voyages.<\/p>\n\n\n\n<p class=\"has-medium-font-size\">Passionn\u00e9e d\u2019architecture et de photographie, avec l\u2019envie de transmettre le souffle boh\u00e8me et l\u2019esprit cool de Los Angeles, j\u2019ai souhait\u00e9 cr\u00e9er une maison \u00ab&nbsp;<strong>with love from France to California&nbsp;<\/strong>\u00bb.\u201d<\/p>\n\n\n\n<p><em>\u2013 Sophie, fondatrice &amp; cr\u00e9atrice Maison California<\/em><\/p>\n<\/div><\/div>\n<\/div><\/div>\n\n\n\n<div style=\"height:54px\" aria-hidden=\"true\" class=\"wp-block-spacer\"><\/div>\n\n\n\n<p class=\"has-text-align-center has-medium-font-size\">J&#8217;ai ouvert les portes de Maison California \u00e0 Marie Cavelier, photographe et vid\u00e9aste afin qu&#8217;elle r\u00e9alise un home tour de la Villa La Saline. Mais Marie m&#8217;a propos\u00e9 de me d\u00e9voiler bien plus que cela dans le cadre d&#8217;un portrait intimiste. Et j&#8217;ai ador\u00e9 son id\u00e9e!<\/p>\n\n\n\n<p class=\"has-text-align-center has-medium-font-size\">J&#8217;esp\u00e8re que ce portrait dans lequel je vous en dis plus sur Maison California vous plaira. N&#8217;h\u00e9sitez pas \u00e0 me laisser un petit message. <\/p>\n\n\n\n<p class=\"has-text-align-center has-medium-font-size\"><em>Californiament votre,<\/em><\/p>\n\n\n\n<p class=\"has-text-align-center has-pale-pink-color has-text-color\">&#8211; <strong>Sophie<\/strong><\/p>\n\n\n\n<figure class=\"wp-block-video\"><video autoplay controls poster=\"https:\/\/maisoncalifornia.fr\/wp-content\/uploads\/2022\/05\/img_3272-scaled.jpg\" src=\"https:\/\/maisoncalifornia.fr\/wp-content\/uploads\/2022\/05\/MAISON-CALIFORNIA_V2_LIGHT.mp4\" playsinline><\/video><\/figure>\n\n\n\n<figure class=\"wp-block-pullquote has-small-font-size\"><blockquote><p><em>Je ne peux que vous recommander Marie pour tous vos projets photo\/vid\u00e9o tant elle m&#8217;a charm\u00e9 par sa douceur et son grand professionnalisme. Encore un immense merci \u00e0 elle.<\/em><\/p><\/blockquote><\/figure>\n\n\n\n<div class=\"wp-block-group has-medium-font-size\"><div class=\"wp-block-group__inner-container is-layout-constrained wp-block-group-is-layout-constrained\">\n<p class=\"has-text-align-center\"><strong>Vous connaissez le portrait chinois en d\u00e9coration ?&nbsp;<\/strong><\/p>\n\n\n\n<p class=\"has-text-align-center\"><em>J\u2019ai jou\u00e9 le jeu pour vous !<\/em><\/p>\n\n\n\n<div class=\"wp-block-buttons is-content-justification-center is-layout-flex wp-container-core-buttons-is-layout-16018d1d wp-block-buttons-is-layout-flex\">\n<div class=\"wp-block-button is-style-outline is-style-outline--1\"><a class=\"wp-block-button__link has-text-align-center wp-element-button\" href=\"https:\/\/maisoncalifornia.fr\/?page_id=2603\">En savoir plus sur Sophie<\/a><\/div>\n<\/div>\n<\/div><\/div>\n\n\n\n<div style=\"height:54px\" aria-hidden=\"true\" class=\"wp-block-spacer\"><\/div>\n\n\n\n<p class=\"has-text-align-center has-medium-font-size\"><strong>Maison California<\/strong> est un studio de design et de d\u00e9coration d\u2019int\u00e9rieur mais pas que\u2026 Maison California est aussi un art de vivre, un \u201clifestyle\u201d et a pour objectif de partager mon amour de la Californie et sa fa\u00e7on de vivre en bord de plage et d\u2019oc\u00e9an, \u00ab <em>the simple way of life<\/em> \u00bb.<\/p>\n\n\n\n<div style=\"height:48px\" aria-hidden=\"true\" class=\"wp-block-spacer\"><\/div>\n\n\n\n<div class=\"wp-block-jetpack-tiled-gallery aligncenter is-style-rectangular\"><div class=\"tiled-gallery__gallery\"><div class=\"tiled-gallery__row\"><div class=\"tiled-gallery__col\" style=\"flex-basis:69.27052%\"><figure class=\"tiled-gallery__item\"><img decoding=\"async\" srcset=\"https:\/\/i0.wp.com\/maisoncalifornia.fr\/wp-content\/uploads\/2024\/04\/Capture-decran-2024-04-12-a-12.28.13-1024x685.png?strip=info&#038;w=600&#038;ssl=1 600w,https:\/\/i0.wp.com\/maisoncalifornia.fr\/wp-content\/uploads\/2024\/04\/Capture-decran-2024-04-12-a-12.28.13-1024x685.png?strip=info&#038;w=900&#038;ssl=1 900w,https:\/\/i0.wp.com\/maisoncalifornia.fr\/wp-content\/uploads\/2024\/04\/Capture-decran-2024-04-12-a-12.28.13-1024x685.png?strip=info&#038;w=1200&#038;ssl=1 1200w,https:\/\/i0.wp.com\/maisoncalifornia.fr\/wp-content\/uploads\/2024\/04\/Capture-decran-2024-04-12-a-12.28.13-1024x685.png?strip=info&#038;w=1500&#038;ssl=1 1500w,https:\/\/i0.wp.com\/maisoncalifornia.fr\/wp-content\/uploads\/2024\/04\/Capture-decran-2024-04-12-a-12.28.13-1024x685.png?strip=info&#038;w=1800&#038;ssl=1 1800w,https:\/\/i0.wp.com\/maisoncalifornia.fr\/wp-content\/uploads\/2024\/04\/Capture-decran-2024-04-12-a-12.28.13-1024x685.png?strip=info&#038;w=2000&#038;ssl=1 2000w\" alt=\"\" data-height=\"1584\" data-id=\"2399\" data-link=\"https:\/\/maisoncalifornia.fr\/?attachment_id=2399\" data-url=\"https:\/\/maisoncalifornia.fr\/wp-content\/uploads\/2024\/04\/Capture-decran-2024-04-12-a-12.28.13-1024x685.png\" data-width=\"2368\" src=\"https:\/\/i0.wp.com\/maisoncalifornia.fr\/wp-content\/uploads\/2024\/04\/Capture-decran-2024-04-12-a-12.28.13-1024x685.png?ssl=1\" data-amp-layout=\"responsive\"\/><\/figure><\/div><div class=\"tiled-gallery__col\" style=\"flex-basis:30.72948%\"><figure class=\"tiled-gallery__item\"><img decoding=\"async\" srcset=\"https:\/\/i1.wp.com\/maisoncalifornia.fr\/wp-content\/uploads\/2024\/04\/Capture-decran-2024-04-12-a-12.27.38-677x1024.png?strip=info&#038;w=600&#038;ssl=1 600w,https:\/\/i1.wp.com\/maisoncalifornia.fr\/wp-content\/uploads\/2024\/04\/Capture-decran-2024-04-12-a-12.27.38-677x1024.png?strip=info&#038;w=900&#038;ssl=1 900w,https:\/\/i1.wp.com\/maisoncalifornia.fr\/wp-content\/uploads\/2024\/04\/Capture-decran-2024-04-12-a-12.27.38-677x1024.png?strip=info&#038;w=1048&#038;ssl=1 1048w\" alt=\"\" data-height=\"1584\" data-id=\"2396\" data-link=\"https:\/\/maisoncalifornia.fr\/?attachment_id=2396\" data-url=\"https:\/\/maisoncalifornia.fr\/wp-content\/uploads\/2024\/04\/Capture-decran-2024-04-12-a-12.27.38-677x1024.png\" data-width=\"1048\" src=\"https:\/\/i1.wp.com\/maisoncalifornia.fr\/wp-content\/uploads\/2024\/04\/Capture-decran-2024-04-12-a-12.27.38-677x1024.png?ssl=1\" data-amp-layout=\"responsive\"\/><\/figure><\/div><\/div><div class=\"tiled-gallery__row\"><div class=\"tiled-gallery__col\" style=\"flex-basis:30.56706%\"><figure class=\"tiled-gallery__item\"><img decoding=\"async\" srcset=\"https:\/\/i2.wp.com\/maisoncalifornia.fr\/wp-content\/uploads\/2024\/04\/Capture-decran-2024-04-12-a-12.29.15-1-672x1024.png?strip=info&#038;w=600&#038;ssl=1 600w,https:\/\/i2.wp.com\/maisoncalifornia.fr\/wp-content\/uploads\/2024\/04\/Capture-decran-2024-04-12-a-12.29.15-1-672x1024.png?strip=info&#038;w=900&#038;ssl=1 900w,https:\/\/i2.wp.com\/maisoncalifornia.fr\/wp-content\/uploads\/2024\/04\/Capture-decran-2024-04-12-a-12.29.15-1-672x1024.png?strip=info&#038;w=1040&#038;ssl=1 1040w\" alt=\"\" data-height=\"1584\" data-id=\"2408\" data-link=\"https:\/\/maisoncalifornia.fr\/?attachment_id=2408\" data-url=\"https:\/\/maisoncalifornia.fr\/wp-content\/uploads\/2024\/04\/Capture-decran-2024-04-12-a-12.29.15-1-672x1024.png\" data-width=\"1040\" src=\"https:\/\/i2.wp.com\/maisoncalifornia.fr\/wp-content\/uploads\/2024\/04\/Capture-decran-2024-04-12-a-12.29.15-1-672x1024.png?ssl=1\" data-amp-layout=\"responsive\"\/><\/figure><\/div><div class=\"tiled-gallery__col\" style=\"flex-basis:69.43294%\"><figure class=\"tiled-gallery__item\"><img decoding=\"async\" srcset=\"https:\/\/i2.wp.com\/maisoncalifornia.fr\/wp-content\/uploads\/2024\/04\/Capture-decran-2024-04-12-a-12.28.08-1024x685.png?strip=info&#038;w=600&#038;ssl=1 600w,https:\/\/i2.wp.com\/maisoncalifornia.fr\/wp-content\/uploads\/2024\/04\/Capture-decran-2024-04-12-a-12.28.08-1024x685.png?strip=info&#038;w=900&#038;ssl=1 900w,https:\/\/i2.wp.com\/maisoncalifornia.fr\/wp-content\/uploads\/2024\/04\/Capture-decran-2024-04-12-a-12.28.08-1024x685.png?strip=info&#038;w=1200&#038;ssl=1 1200w,https:\/\/i2.wp.com\/maisoncalifornia.fr\/wp-content\/uploads\/2024\/04\/Capture-decran-2024-04-12-a-12.28.08-1024x685.png?strip=info&#038;w=1500&#038;ssl=1 1500w,https:\/\/i2.wp.com\/maisoncalifornia.fr\/wp-content\/uploads\/2024\/04\/Capture-decran-2024-04-12-a-12.28.08-1024x685.png?strip=info&#038;w=1800&#038;ssl=1 1800w,https:\/\/i2.wp.com\/maisoncalifornia.fr\/wp-content\/uploads\/2024\/04\/Capture-decran-2024-04-12-a-12.28.08-1024x685.png?strip=info&#038;w=2000&#038;ssl=1 2000w\" alt=\"\" data-height=\"1584\" data-id=\"2398\" data-link=\"https:\/\/maisoncalifornia.fr\/?attachment_id=2398\" data-url=\"https:\/\/maisoncalifornia.fr\/wp-content\/uploads\/2024\/04\/Capture-decran-2024-04-12-a-12.28.08-1024x685.png\" data-width=\"2368\" src=\"https:\/\/i2.wp.com\/maisoncalifornia.fr\/wp-content\/uploads\/2024\/04\/Capture-decran-2024-04-12-a-12.28.08-1024x685.png?ssl=1\" data-amp-layout=\"responsive\"\/><\/figure><\/div><\/div><div class=\"tiled-gallery__row\"><div class=\"tiled-gallery__col\" style=\"flex-basis:23.53137%\"><figure class=\"tiled-gallery__item\"><img decoding=\"async\" srcset=\"https:\/\/i0.wp.com\/maisoncalifornia.fr\/wp-content\/uploads\/2024\/04\/Capture-decran-2024-04-12-a-12.27.52-677x1024.png?strip=info&#038;w=600&#038;ssl=1 600w,https:\/\/i0.wp.com\/maisoncalifornia.fr\/wp-content\/uploads\/2024\/04\/Capture-decran-2024-04-12-a-12.27.52-677x1024.png?strip=info&#038;w=900&#038;ssl=1 900w,https:\/\/i0.wp.com\/maisoncalifornia.fr\/wp-content\/uploads\/2024\/04\/Capture-decran-2024-04-12-a-12.27.52-677x1024.png?strip=info&#038;w=1048&#038;ssl=1 1048w\" alt=\"\" data-height=\"1584\" data-id=\"2397\" data-link=\"https:\/\/maisoncalifornia.fr\/?attachment_id=2397\" data-url=\"https:\/\/maisoncalifornia.fr\/wp-content\/uploads\/2024\/04\/Capture-decran-2024-04-12-a-12.27.52-677x1024.png\" data-width=\"1048\" src=\"https:\/\/i0.wp.com\/maisoncalifornia.fr\/wp-content\/uploads\/2024\/04\/Capture-decran-2024-04-12-a-12.27.52-677x1024.png?ssl=1\" data-amp-layout=\"responsive\"\/><\/figure><\/div><div class=\"tiled-gallery__col\" style=\"flex-basis:23.39730%\"><figure class=\"tiled-gallery__item\"><img decoding=\"async\" srcset=\"https:\/\/i1.wp.com\/maisoncalifornia.fr\/wp-content\/uploads\/2024\/04\/Capture-decran-2024-04-12-a-12.28.42-674x1024.png?strip=info&#038;w=600&#038;ssl=1 600w,https:\/\/i1.wp.com\/maisoncalifornia.fr\/wp-content\/uploads\/2024\/04\/Capture-decran-2024-04-12-a-12.28.42-674x1024.png?strip=info&#038;w=900&#038;ssl=1 900w,https:\/\/i1.wp.com\/maisoncalifornia.fr\/wp-content\/uploads\/2024\/04\/Capture-decran-2024-04-12-a-12.28.42-674x1024.png?strip=info&#038;w=1042&#038;ssl=1 1042w\" alt=\"\" data-height=\"1584\" data-id=\"2403\" data-link=\"https:\/\/maisoncalifornia.fr\/?attachment_id=2403\" data-url=\"https:\/\/maisoncalifornia.fr\/wp-content\/uploads\/2024\/04\/Capture-decran-2024-04-12-a-12.28.42-674x1024.png\" data-width=\"1042\" src=\"https:\/\/i1.wp.com\/maisoncalifornia.fr\/wp-content\/uploads\/2024\/04\/Capture-decran-2024-04-12-a-12.28.42-674x1024.png?ssl=1\" data-amp-layout=\"responsive\"\/><\/figure><\/div><div class=\"tiled-gallery__col\" style=\"flex-basis:53.07134%\"><figure class=\"tiled-gallery__item\"><img decoding=\"async\" srcset=\"https:\/\/i2.wp.com\/maisoncalifornia.fr\/wp-content\/uploads\/2024\/04\/Capture-decran-2024-04-12-a-12.28.58-1024x684.png?strip=info&#038;w=600&#038;ssl=1 600w,https:\/\/i2.wp.com\/maisoncalifornia.fr\/wp-content\/uploads\/2024\/04\/Capture-decran-2024-04-12-a-12.28.58-1024x684.png?strip=info&#038;w=900&#038;ssl=1 900w,https:\/\/i2.wp.com\/maisoncalifornia.fr\/wp-content\/uploads\/2024\/04\/Capture-decran-2024-04-12-a-12.28.58-1024x684.png?strip=info&#038;w=1200&#038;ssl=1 1200w,https:\/\/i2.wp.com\/maisoncalifornia.fr\/wp-content\/uploads\/2024\/04\/Capture-decran-2024-04-12-a-12.28.58-1024x684.png?strip=info&#038;w=1500&#038;ssl=1 1500w,https:\/\/i2.wp.com\/maisoncalifornia.fr\/wp-content\/uploads\/2024\/04\/Capture-decran-2024-04-12-a-12.28.58-1024x684.png?strip=info&#038;w=1800&#038;ssl=1 1800w,https:\/\/i2.wp.com\/maisoncalifornia.fr\/wp-content\/uploads\/2024\/04\/Capture-decran-2024-04-12-a-12.28.58-1024x684.png?strip=info&#038;w=2000&#038;ssl=1 2000w\" alt=\"\" data-height=\"1584\" data-id=\"2404\" data-link=\"https:\/\/maisoncalifornia.fr\/?attachment_id=2404\" data-url=\"https:\/\/maisoncalifornia.fr\/wp-content\/uploads\/2024\/04\/Capture-decran-2024-04-12-a-12.28.58-1024x684.png\" data-width=\"2370\" src=\"https:\/\/i2.wp.com\/maisoncalifornia.fr\/wp-content\/uploads\/2024\/04\/Capture-decran-2024-04-12-a-12.28.58-1024x684.png?ssl=1\" data-amp-layout=\"responsive\"\/><\/figure><\/div><\/div><\/div><\/div>\n\n\n\n<div style=\"height:52px\" aria-hidden=\"true\" class=\"wp-block-spacer\"><\/div>\n\n\n\n<blockquote class=\"wp-block-quote is-layout-flow wp-block-quote-is-layout-flow\">\n<h5 class=\"wp-block-heading has-text-align-center has-large-font-size\"><em>\u201cI\u2019d be safe and warm if I was in L.A.; California dreamin\u2019 on such a winter\u2019s day\u201d.<\/em><\/h5>\n\n\n\n<h5 class=\"wp-block-heading has-text-align-center has-medium-font-size\"><em>California dreamin, The Mamas &amp; The Papas, 1965<\/em><\/h5>\n<\/blockquote>\n\n\n\n<div style=\"height:13px\" aria-hidden=\"true\" class=\"wp-block-spacer\"><\/div>\n\n\n\n<div class=\"wp-block-buttons is-content-justification-center is-layout-flex wp-container-core-buttons-is-layout-16018d1d wp-block-buttons-is-layout-flex\">\n<div class=\"wp-block-button is-style-outline is-style-outline--2\"><a class=\"wp-block-button__link has-text-align-center wp-element-button\" href=\"https:\/\/maisoncalifornia.fr\/?page_id=26\">En savoir plus \u00e0 travers une interview exclusive de Sophie<\/a><\/div>\n<\/div>\n","protected":false},"excerpt":{"rendered":"<p>lifestyle noun [ C ] &nbsp;us \/\u02c8la\u026af.sta\u026al\/ Le mode de vie (ou style de vie, ou encore \u00ab lifestyle \u00bb en anglais) est la mani\u00e8re de vivre \u2013 d\u2019\u00eatre et de penser \u2013 d\u2019une personne ou d\u2019un groupe d\u2019individus. C\u2019est son comportement quotidien, sa fa\u00e7on de vivre autour et pour certaines valeurs. J&#8217;ai ouvert les portes de Maison California \u00e0 Marie Cavelier, photographe et vid\u00e9aste &hellip; <\/p>\n","protected":false},"author":1,"featured_media":0,"parent":0,"menu_order":0,"comment_status":"closed","ping_status":"closed","template":"","meta":{"jetpack_post_was_ever_published":false,"footnotes":""},"class_list":["post-111","page","type-page","status-publish","hentry","latest_post"],"jetpack_sharing_enabled":true,"jetpack_shortlink":"https:\/\/wp.me\/PaWNfV-1N","_links":{"self":[{"href":"https:\/\/maisoncalifornia.fr\/index.php?rest_route=\/wp\/v2\/pages\/111","targetHints":{"allow":["GET"]}}],"collection":[{"href":"https:\/\/maisoncalifornia.fr\/index.php?rest_route=\/wp\/v2\/pages"}],"about":[{"href":"https:\/\/maisoncalifornia.fr\/index.php?rest_route=\/wp\/v2\/types\/page"}],"author":[{"embeddable":true,"href":"https:\/\/maisoncalifornia.fr\/index.php?rest_route=\/wp\/v2\/users\/1"}],"replies":[{"embeddable":true,"href":"https:\/\/maisoncalifornia.fr\/index.php?rest_route=%2Fwp%2Fv2%2Fcomments&post=111"}],"version-history":[{"count":68,"href":"https:\/\/maisoncalifornia.fr\/index.php?rest_route=\/wp\/v2\/pages\/111\/revisions"}],"predecessor-version":[{"id":2697,"href":"https:\/\/maisoncalifornia.fr\/index.php?rest_route=\/wp\/v2\/pages\/111\/revisions\/2697"}],"wp:attachment":[{"href":"https:\/\/maisoncalifornia.fr\/index.php?rest_route=%2Fwp%2Fv2%2Fmedia&parent=111"}],"curies":[{"name":"wp","href":"https:\/\/api.w.org\/{rel}","templated":true}]}}